{"id":2922,"date":"2025-07-30T02:07:34","date_gmt":"2025-07-30T00:07:34","guid":{"rendered":"https:\/\/turismocartaya.com\/?page_id=2922"},"modified":"2025-07-30T02:26:14","modified_gmt":"2025-07-30T00:26:14","slug":"feria-de-octubre","status":"publish","type":"page","link":"https:\/\/turismocartaya.com\/fr\/feria-de-octubre\/","title":{"rendered":"Foire d&#039;octobre"},"content":{"rendered":"<div data-elementor-type=\"wp-page\" data-elementor-id=\"2922\" class=\"elementor elementor-2922\" data-elementor-post-type=\"page\">\n\t\t\t\t<div class=\"elementor-element elementor-element-61bd39c e-con-full e-flex elementor-invisible e-con e-parent\" data-id=\"61bd39c\" data-element_type=\"container\" data-e-type=\"container\" data-settings=\"{&quot;background_background&quot;:&quot;classic&quot;,&quot;shape_divider_bottom&quot;:&quot;waves&quot;,&quot;animation&quot;:&quot;fadeIn&quot;,&quot;animation_mobile&quot;:&quot;fadeInUp&quot;}\">\n\t\t\t\t<div class=\"elementor-shape elementor-shape-bottom\" aria-hidden=\"true\" data-negative=\"false\">\n\t\t\t<svg xmlns=\"http:\/\/www.w3.org\/2000\/svg\" viewbox=\"0 0 1000 100\" preserveaspectratio=\"none\">\n\t<path class=\"elementor-shape-fill\" d=\"M421.9,6.5c22.6-2.5,51.5,0.4,75.5,5.3c23.6,4.9,70.9,23.5,100.5,35.7c75.8,32.2,133.7,44.5,192.6,49.7\tc23.6,2.1,48.7,3.5,103.4-2.5c54.7-6,106.2-25.6,106.2-25.6V0H0v30.3c0,0,72,32.6,158.4,30.5c39.2-0.7,92.8-6.7,134-22.4\tc21.2-8.1,52.2-18.2,79.7-24.2C399.3,7.9,411.6,7.5,421.9,6.5z\"\/>\n<\/svg>\t\t<\/div>\n\t\t\t\t<\/div>\n\t\t<div class=\"elementor-element elementor-element-444ef14 e-flex e-con-boxed elementor-invisible e-con e-parent\" data-id=\"444ef14\" data-element_type=\"container\" data-e-type=\"container\" data-settings=\"{&quot;animation&quot;:&quot;fadeIn&quot;,&quot;animation_mobile&quot;:&quot;fadeInUp&quot;}\">\n\t\t\t\t\t<div class=\"e-con-inner\">\n\t\t\t\t<div class=\"elementor-element elementor-element-21bf172 elementor-widget elementor-widget-heading\" data-id=\"21bf172\" data-element_type=\"widget\" data-e-type=\"widget\" data-widget_type=\"heading.default\">\n\t\t\t\t\t<h1 class=\"elementor-heading-title elementor-size-default\">\u00ab DES D\u00c9CENNIES D&#039;HISTOIRE, FIERT\u00c9 D&#039;UN PEUPLE \u00bb<\/h1>\t\t\t\t<\/div>\n\t\t\t\t<div class=\"elementor-element elementor-element-56faaa6 elementor-widget elementor-widget-heading\" data-id=\"56faaa6\" data-element_type=\"widget\" data-e-type=\"widget\" data-widget_type=\"heading.default\">\n\t\t\t\t\t<h2 class=\"elementor-heading-title elementor-size-default\">Foire d&#039;octobre<\/h2>\t\t\t\t<\/div>\n\t\t\t\t<div class=\"elementor-element elementor-element-c47542b elementor-widget elementor-widget-text-editor\" data-id=\"c47542b\" data-element_type=\"widget\" data-e-type=\"widget\" data-widget_type=\"text-editor.default\">\n\t\t\t\t\t\t\t\t\t<p>Chaque automne, Cartaya se remplit de lumi\u00e8res, de musique et de joie, son \u00e9v\u00e9nement le plus attendu arrive : <strong>La Foire Industrielle, Commerciale et de l&#039;\u00c9levage en l&#039;honneur de la Vierge du Rosaire<\/strong>, saint patron de la ville.<\/p><p>Avec plus de 60 ans d\u2019histoire, cette foire est bien plus qu\u2019une c\u00e9l\u00e9bration ; c\u2019est l\u2019expression la plus authentique de nos racines, de notre d\u00e9vouement et de l\u2019hospitalit\u00e9 qui caract\u00e9rise notre peuple.<\/p><p>Depuis sa premi\u00e8re \u00e9dition en 1964, la Foire de Cartaya s&#039;est impos\u00e9e comme l&#039;un des principaux \u00e9v\u00e9nements festifs et culturels de la province, alliant tradition et divertissement dans une atmosph\u00e8re unique qui captive les r\u00e9sidents et les visiteurs.<\/p><p>Cartaya a une foire avec une \u00e2me, pendant 5 jours elle devient une grande vitrine :<\/p><ul style=\"list-style-type: disc;\"><li>\u00a0Un salon de l&#039;\u00e9levage, de l&#039;agriculture, de l&#039;automobile et du commerce mettant en valeur le travail et la richesse de notre territoire.<\/li><li>Des stands qui proposent de la musique, de la danse et<strong> gastronomie typique de notre ville<\/strong>, o\u00f9 la f\u00eate continue jusqu&#039;\u00e0 tard dans la nuit.<\/li><li>Le moment le plus \u00e9mouvant arrive avec le <strong>procession de la Vierge du Rosaire<\/strong>, quand la d\u00e9votion parcourt nos rues.<\/li><\/ul><p style=\"text-align: center;\"><strong>Venez le vivre<\/strong><br \/>Au milieu de l&#039;automne, Cartaya vous attend pour vous montrer son c\u00f4t\u00e9 le plus authentique.<br \/>Lumi\u00e8res, traditions, joie et d\u00e9votion dans un festival qui marque l&#039;histoire chaque ann\u00e9e.<br \/><strong>Vivez la Foire d&#039;Octobre de Cartaya !<\/strong><\/p><p style=\"text-align: center;\"><em>Des d\u00e9cennies d&#039;histoire. Des d\u00e9cennies de fiert\u00e9. Et toujours \u00e0 vos c\u00f4t\u00e9s.<\/em><\/p>\t\t\t\t\t\t\t\t<\/div>\n\t\t\t\t<div class=\"elementor-element elementor-element-3054e9f elementor-align-center elementor-widget elementor-widget-button\" data-id=\"3054e9f\" data-element_type=\"widget\" data-e-type=\"widget\" data-widget_type=\"button.default\">\n\t\t\t\t\t\t\t\t\t\t<a class=\"elementor-button elementor-button-link elementor-size-sm\" href=\"https:\/\/cartaya.es\/es\/areas-municipales\/revista-de-feria\">\n\t\t\t\t\t\t<span class=\"elementor-button-content-wrapper\">\n\t\t\t\t\t\t\t\t\t<span class=\"elementor-button-text\">Fair Magazine<\/span>\n\t\t\t\t\t<\/span>\n\t\t\t\t\t<\/a>\n\t\t\t\t\t\t\t\t<\/div>\n\t\t\t\t\t<\/div>\n\t\t\t\t<\/div>\n\t\t\t\t<\/div>","protected":false},"excerpt":{"rendered":"<p>\u201cD\u00c9CADAS DE HISTORIA, ORGULLO DE UN PUEBLO\u201d Feria de Octubre Cada oto\u00f1o, Cartaya se llena de luces, m\u00fasica y alegr\u00eda, llega su cita m\u00e1s esperada: La Feria Industrial, Comercial y Ganadera en honor a la Virgen del Rosario, patrona de la localidad. Con m\u00e1s de 60 a\u00f1os de historia, esta feria es mucho m\u00e1s que [&hellip;]<\/p>\n","protected":false},"author":1,"featured_media":0,"parent":0,"menu_order":0,"comment_status":"closed","ping_status":"closed","template":"","meta":{"slim_seo":{"title":"Feria de Octubre | Turismo Cartaya, El Rompido y Nuevo Portil","description":"Cada oto\u00f1o, Cartaya se llena de luces, m\u00fasica y alegr\u00eda, llega su cita m\u00e1s esperada: La Feria Industrial, Comercial y Ganadera en honor a la Virgen del Rosario, patrona de la localidad."},"footnotes":""},"class_list":["post-2922","page","type-page","status-publish","hentry"],"_links":{"self":[{"href":"https:\/\/turismocartaya.com\/fr\/wp-json\/wp\/v2\/pages\/2922","targetHints":{"allow":["GET"]}}],"collection":[{"href":"https:\/\/turismocartaya.com\/fr\/wp-json\/wp\/v2\/pages"}],"about":[{"href":"https:\/\/turismocartaya.com\/fr\/wp-json\/wp\/v2\/types\/page"}],"author":[{"embeddable":true,"href":"https:\/\/turismocartaya.com\/fr\/wp-json\/wp\/v2\/users\/1"}],"replies":[{"embeddable":true,"href":"https:\/\/turismocartaya.com\/fr\/wp-json\/wp\/v2\/comments?post=2922"}],"version-history":[{"count":0,"href":"https:\/\/turismocartaya.com\/fr\/wp-json\/wp\/v2\/pages\/2922\/revisions"}],"wp:attachment":[{"href":"https:\/\/turismocartaya.com\/fr\/wp-json\/wp\/v2\/media?parent=2922"}],"curies":[{"name":"wp","href":"https:\/\/api.w.org\/{rel}","templated":true}]}}