{"id":2868,"date":"2025-06-26T21:46:09","date_gmt":"2025-06-26T19:46:09","guid":{"rendered":"https:\/\/turismocartaya.com\/?page_id=2868"},"modified":"2025-06-26T22:03:37","modified_gmt":"2025-06-26T20:03:37","slug":"centro-de-interpretacion-el-faro","status":"publish","type":"page","link":"https:\/\/turismocartaya.com\/fr\/centro-de-interpretacion-el-faro\/","title":{"rendered":"Centre d&#039;interpr\u00e9tation El Faro"},"content":{"rendered":"<div data-elementor-type=\"wp-page\" data-elementor-id=\"2868\" class=\"elementor elementor-2868\" data-elementor-post-type=\"page\">\n\t\t\t\t<div class=\"elementor-element elementor-element-76c7dcb e-con-full e-flex elementor-invisible e-con e-parent\" data-id=\"76c7dcb\" data-element_type=\"container\" data-e-type=\"container\" data-settings=\"{&quot;background_background&quot;:&quot;classic&quot;,&quot;shape_divider_bottom&quot;:&quot;waves&quot;,&quot;animation&quot;:&quot;fadeIn&quot;,&quot;animation_mobile&quot;:&quot;fadeInUp&quot;}\">\n\t\t\t\t<div class=\"elementor-shape elementor-shape-bottom\" aria-hidden=\"true\" data-negative=\"false\">\n\t\t\t<svg xmlns=\"http:\/\/www.w3.org\/2000\/svg\" viewbox=\"0 0 1000 100\" preserveaspectratio=\"none\">\n\t<path class=\"elementor-shape-fill\" d=\"M421.9,6.5c22.6-2.5,51.5,0.4,75.5,5.3c23.6,4.9,70.9,23.5,100.5,35.7c75.8,32.2,133.7,44.5,192.6,49.7\tc23.6,2.1,48.7,3.5,103.4-2.5c54.7-6,106.2-25.6,106.2-25.6V0H0v30.3c0,0,72,32.6,158.4,30.5c39.2-0.7,92.8-6.7,134-22.4\tc21.2-8.1,52.2-18.2,79.7-24.2C399.3,7.9,411.6,7.5,421.9,6.5z\"\/>\n<\/svg>\t\t<\/div>\n\t\t\t\t<\/div>\n\t\t<div class=\"elementor-element elementor-element-7b105de e-flex e-con-boxed elementor-invisible e-con e-parent\" data-id=\"7b105de\" data-element_type=\"container\" data-e-type=\"container\" data-settings=\"{&quot;animation&quot;:&quot;fadeIn&quot;,&quot;animation_mobile&quot;:&quot;fadeInUp&quot;}\">\n\t\t\t\t\t<div class=\"e-con-inner\">\n\t\t\t\t<div class=\"elementor-element elementor-element-bb4cb1b elementor-widget elementor-widget-heading\" data-id=\"bb4cb1b\" data-element_type=\"widget\" data-e-type=\"widget\" data-widget_type=\"heading.default\">\n\t\t\t\t\t<h1 class=\"elementor-heading-title elementor-size-default\">CENTRE D\u2019INTERPR\u00c9TATION \u00ab EL FARO \u00bb<\/h1>\t\t\t\t<\/div>\n\t\t\t\t<div class=\"elementor-element elementor-element-fd1c727 elementor-widget elementor-widget-heading\" data-id=\"fd1c727\" data-element_type=\"widget\" data-e-type=\"widget\" data-widget_type=\"heading.default\">\n\t\t\t\t\t<h2 class=\"elementor-heading-title elementor-size-default\">El Rompido<\/h2>\t\t\t\t<\/div>\n\t\t\t\t\t<\/div>\n\t\t\t\t<\/div>\n\t\t<div class=\"elementor-element elementor-element-cbdcbf1 e-flex e-con-boxed e-con e-parent\" data-id=\"cbdcbf1\" data-element_type=\"container\" data-e-type=\"container\">\n\t\t\t\t\t<div class=\"e-con-inner\">\n\t\t\t\t<div class=\"elementor-element elementor-element-e24eee6 elementor-widget elementor-widget-text-editor\" data-id=\"e24eee6\" data-element_type=\"widget\" data-e-type=\"widget\" data-widget_type=\"text-editor.default\">\n\t\t\t\t\t\t\t\t\t<p>Le Centre d&#039;Interpr\u00e9tation El Faro rejoint les efforts de la municipalit\u00e9 pour s&#039;\u00e9tablir comme destination touristique dans la r\u00e9gion, offrant une nouvelle attraction qui enrichit l&#039;offre culturelle et renforce l&#039;engagement envers la pr\u00e9servation et la diffusion du patrimoine historique local.<\/p><p>Le lancement de ce centre repr\u00e9sente l&#039;aboutissement d&#039;un projet qui r\u00e9pond \u00e0 un besoin culturel qui compl\u00e8te l&#039;offre touristique de notre municipalit\u00e9 et qui est tourn\u00e9 vers l&#039;avenir, align\u00e9 sur les principes de durabilit\u00e9, d&#039;appr\u00e9ciation de l&#039;environnement et de promotion d&#039;un tourisme respectueux de l&#039;environnement.<\/p><p>Il s&#039;agit d&#039;un b\u00e2timent flexible qui allie tradition et innovation, capable d&#039;accueillir une exposition utilisant \u00e0 la fois les m\u00e9dias traditionnels et les nouvelles technologies, le tout dans un emplacement privil\u00e9gi\u00e9, avec vue sur la ville et le parc naturel.<\/p><p>Il pr\u00e9sente de mani\u00e8re dynamique l&#039;histoire de la p\u00eache dans la municipalit\u00e9 de Cartaya, tout en promouvant l&#039;utilisation rationnelle et durable des zones de p\u00eache.<\/p><p>L&#039;exposition constitue une attraction culturelle et touristique majeure pour les visiteurs de la ville c\u00f4ti\u00e8re, o\u00f9 ils pourront admirer la lentille de l&#039;ancien phare, situ\u00e9e dans le hall central, ainsi que des panneaux d\u00e9taillant les tours de guet de la province de Huelva, ainsi qu&#039;une large pr\u00e9sentation du riche patrimoine naturel de la zone dans laquelle elle se trouve.<\/p><p>Dans les diff\u00e9rentes salles, les visiteurs trouveront de nombreuses informations et images sur le Parc Naturel des Marais du R\u00edo Piedras et Flecha de El Rompido, ses zones humides et ses oiseaux, soulignant son statut de ZPS (Zone Sp\u00e9ciale de Protection des Oiseaux). Une salle est \u00e9galement consacr\u00e9e \u00e0 la pin\u00e8de de Cartaya et pr\u00e9sente de nombreux \u00e9l\u00e9ments sur le lien entre la zone c\u00f4ti\u00e8re et la p\u00eache, ainsi qu&#039;un espace de divertissement pour enfants et des totems interactifs pour une visite plus ludique.<\/p>\t\t\t\t\t\t\t\t<\/div>\n\t\t\t\t<div class=\"elementor-element elementor-element-2db93f1 elementor-widget elementor-widget-image-carousel\" data-id=\"2db93f1\" data-element_type=\"widget\" data-e-type=\"widget\" data-settings=\"{&quot;slides_to_show&quot;:&quot;4&quot;,&quot;slides_to_scroll&quot;:&quot;1&quot;,&quot;navigation&quot;:&quot;none&quot;,&quot;autoplay&quot;:&quot;yes&quot;,&quot;autoplay_speed&quot;:5000,&quot;infinite&quot;:&quot;yes&quot;,&quot;speed&quot;:500,&quot;image_spacing_custom&quot;:{&quot;unit&quot;:&quot;px&quot;,&quot;size&quot;:20,&quot;sizes&quot;:[]},&quot;image_spacing_custom_tablet&quot;:{&quot;unit&quot;:&quot;px&quot;,&quot;size&quot;:&quot;&quot;,&quot;sizes&quot;:[]},&quot;image_spacing_custom_mobile&quot;:{&quot;unit&quot;:&quot;px&quot;,&quot;size&quot;:&quot;&quot;,&quot;sizes&quot;:[]}}\" data-widget_type=\"image-carousel.default\">\n\t\t\t\t\t\t\t<div class=\"elementor-image-carousel-wrapper swiper\" role=\"region\" aria-roledescription=\"carousel\" aria-label=\"Carrousel d&#039;images\" dir=\"ltr\">\n\t\t\t<div class=\"elementor-image-carousel swiper-wrapper\" aria-live=\"off\">\n\t\t\t\t\t\t\t\t<div class=\"swiper-slide\" role=\"group\" aria-roledescription=\"slide\" aria-label=\"1 sur 16\"><figure class=\"swiper-slide-inner\"><img decoding=\"async\" class=\"swiper-slide-image\" src=\"https:\/\/turismocartaya.com\/wp-content\/uploads\/elementor\/thumbs\/WhatsApp-Image-2025-06-10-at-10.22.25-r7w2tgmooej4jvegqagza74kw1wa68vd3fi90rey0o.webp\" alt=\"\" \/><\/figure><\/div><div class=\"swiper-slide\" role=\"group\" aria-roledescription=\"slide\" aria-label=\"2 sur 16\"><figure class=\"swiper-slide-inner\"><img decoding=\"async\" class=\"swiper-slide-image\" src=\"https:\/\/turismocartaya.com\/wp-content\/uploads\/elementor\/thumbs\/WhatsApp-Image-2025-06-09-at-13.45.08-r7w2szpl9dvyqw31h35p1bea747obp0713rids414o.webp\" alt=\"Whatsapp image 2025 06 09 at 13.45.08\" \/><\/figure><\/div><div class=\"swiper-slide\" role=\"group\" aria-roledescription=\"slide\" aria-label=\"3 sur 16\"><figure class=\"swiper-slide-inner\"><img decoding=\"async\" class=\"swiper-slide-image\" src=\"https:\/\/turismocartaya.com\/wp-content\/uploads\/elementor\/thumbs\/img_3843_r-r7w2s5mr6oqsfdaqcq5mtizj6sbxhdos8yvz0xcmns.webp\" alt=\"Img 3843 r\" \/><\/figure><\/div><div class=\"swiper-slide\" role=\"group\" aria-roledescription=\"slide\" aria-label=\"4 sur 16\"><figure class=\"swiper-slide-inner\"><img decoding=\"async\" class=\"swiper-slide-image\" src=\"https:\/\/turismocartaya.com\/wp-content\/uploads\/elementor\/thumbs\/img_3849_r_0-r7w2sjqc17a39iq92e91cxfg3kefou8rawo982rq2g.webp\" alt=\"Img 3849 r 0\" \/><\/figure><\/div><div class=\"swiper-slide\" role=\"group\" aria-roledescription=\"slide\" aria-label=\"5 sur 16\"><figure class=\"swiper-slide-inner\"><img decoding=\"async\" class=\"swiper-slide-image\" src=\"https:\/\/turismocartaya.com\/wp-content\/uploads\/elementor\/thumbs\/WhatsApp-Image-2025-06-10-at-19.00.14-r7w2y8n5f32lkigltutpghpxlkcgauu8r2w3uebwe0.webp\" alt=\"Whatsapp image 2025 06 10 at 19.00.14\" \/><\/figure><\/div><div class=\"swiper-slide\" role=\"group\" aria-roledescription=\"slide\" aria-label=\"6 sur 16\"><figure class=\"swiper-slide-inner\"><img decoding=\"async\" class=\"swiper-slide-image\" src=\"https:\/\/turismocartaya.com\/wp-content\/uploads\/elementor\/thumbs\/WhatsApp-Image-2025-06-10-at-13.31.25-r7w2twlxwl5018r94zdmyl3ezlpit3mstmli6gr92w.webp\" alt=\"Whatsapp image 2025 06 10 at 13.31.25\" \/><\/figure><\/div><div class=\"swiper-slide\" role=\"group\" aria-roledescription=\"slide\" aria-label=\"7 sur 16\"><figure class=\"swiper-slide-inner\"><img decoding=\"async\" class=\"swiper-slide-image\" src=\"https:\/\/turismocartaya.com\/wp-content\/uploads\/elementor\/thumbs\/WhatsApp-Image-2025-06-10-at-13.39.00-r7w2uapir3oave6runh1hzjbwds10k6rvkdsdm6chk.webp\" alt=\"Whatsapp image 2025 06 10 at 13.39.00\" \/><\/figure><\/div><div class=\"swiper-slide\" role=\"group\" aria-roledescription=\"slide\" aria-label=\"8 sur 16\"><figure class=\"swiper-slide-inner\"><img decoding=\"async\" class=\"swiper-slide-image\" src=\"https:\/\/turismocartaya.com\/wp-content\/uploads\/elementor\/thumbs\/WhatsApp-Image-2025-06-10-at-19.17.11-r7w33rwxnyndxuf5i8ym53fnj929motc6h71l24fqw.webp\" alt=\"Whatsapp image 2025 06 10 at 19.17.11\" \/><\/figure><\/div><div class=\"swiper-slide\" role=\"group\" aria-roledescription=\"slide\" aria-label=\"9 sur 16\"><figure class=\"swiper-slide-inner\"><img decoding=\"async\" class=\"swiper-slide-image\" src=\"https:\/\/turismocartaya.com\/wp-content\/uploads\/elementor\/thumbs\/WhatsApp-Image-2025-06-10-at-19.16.18-r7w325mxw8fly0rsyjrqui52pd1idgdzagqxtwiugo.webp\" alt=\"Whatsapp image 2025 06 10 at 19.16.18\" \/><\/figure><\/div><div class=\"swiper-slide\" role=\"group\" aria-roledescription=\"slide\" aria-label=\"10 sur 16\"><figure class=\"swiper-slide-inner\"><img decoding=\"async\" class=\"swiper-slide-image\" src=\"https:\/\/turismocartaya.com\/wp-content\/uploads\/elementor\/thumbs\/WhatsApp-Image-2025-06-10-at-19.13.40-r7w30o252oe9k8xmnem0ednsuedl6pha33k9h4qabc.webp\" alt=\"Whatsapp image 2025 06 10 at 19.13.40\" \/><\/figure><\/div><div class=\"swiper-slide\" role=\"group\" aria-roledescription=\"slide\" aria-label=\"11 sur 16\"><figure class=\"swiper-slide-inner\"><img decoding=\"async\" class=\"swiper-slide-image\" src=\"https:\/\/turismocartaya.com\/wp-content\/uploads\/elementor\/thumbs\/WhatsApp-Image-2025-06-10-at-19.10.11-r7w2z0ub44578tbn970ijalrf4hgpry6uygo8p637c.webp\" alt=\"Whatsapp image 2025 06 10 at 19.10.11\" \/><\/figure><\/div><div class=\"swiper-slide\" role=\"group\" aria-roledescription=\"slide\" aria-label=\"12 sur 16\"><figure class=\"swiper-slide-inner\"><img decoding=\"async\" class=\"swiper-slide-image\" src=\"https:\/\/turismocartaya.com\/wp-content\/uploads\/elementor\/thumbs\/WhatsApp-Image-2025-06-10-at-19.06.41-r7w2ymqq9llwenw4jix3zw5uiceyibe7t0oe1jqzso.webp\" alt=\"Whatsapp image 2025 06 10 at 19.06.41\" \/><\/figure><\/div><div class=\"swiper-slide\" role=\"group\" aria-roledescription=\"slide\" aria-label=\"13 sur 16\"><figure class=\"swiper-slide-inner\"><img decoding=\"async\" class=\"swiper-slide-image\" src=\"https:\/\/turismocartaya.com\/wp-content\/uploads\/elementor\/thumbs\/WhatsApp-Image-2025-06-10-at-18.56.17-r7w2xsnw6wgq353tf5x1s3r3i0j7o02t0vsuoozlbs.webp\" alt=\"Whatsapp image 2025 06 10 at 18.56.17\" \/><\/figure><\/div><div class=\"swiper-slide\" role=\"group\" aria-roledescription=\"slide\" aria-label=\"14 sur 16\"><figure class=\"swiper-slide-inner\"><img decoding=\"async\" class=\"swiper-slide-image\" src=\"https:\/\/turismocartaya.com\/wp-content\/uploads\/elementor\/thumbs\/WhatsApp-Image-2025-06-10-at-13.48.22-r7w2xhdtww1a7tk7911iy6lkde2t3mu0zbz0xdgbeg.webp\" alt=\"Whatsapp image 2025 06 10 at 13.48.22\" \/><\/figure><\/div><div class=\"swiper-slide\" role=\"group\" aria-roledescription=\"slide\" aria-label=\"15 sur 16\"><figure class=\"swiper-slide-inner\"><img decoding=\"async\" class=\"swiper-slide-image\" src=\"https:\/\/turismocartaya.com\/wp-content\/uploads\/elementor\/thumbs\/WhatsApp-Image-2025-06-10-at-13.41.34-r7w2vt85rhqxkrzl0b1eils2cqbbf077f27y7nxigo.webp\" alt=\"Whatsapp image 2025 06 10 at 13.41.34\" \/><\/figure><\/div><div class=\"swiper-slide\" role=\"group\" aria-roledescription=\"slide\" aria-label=\"16 sur 16\"><figure class=\"swiper-slide-inner\"><img decoding=\"async\" class=\"swiper-slide-image\" src=\"https:\/\/turismocartaya.com\/wp-content\/uploads\/elementor\/thumbs\/WhatsApp-Image-2025-06-10-at-13.46.07-r7w2vwziitw2v7u4ecnwsktwq9ss9sm4rktw4rrxrs.webp\" alt=\"Whatsapp image 2025 06 10 at 13.46.07\" \/><\/figure><\/div>\t\t\t<\/div>\n\t\t\t\t\t\t\t\n\t\t\t\t\t\t\t\t\t<\/div>\n\t\t\t\t\t\t<\/div>\n\t\t\t\t\t<\/div>\n\t\t\t\t<\/div>\n\t\t\t\t<\/div>","protected":false},"excerpt":{"rendered":"<p>CENTRO DE INTERPRETACI\u00d3N \u201cEL FARO\u201d El Rompido El Centro de Interpretaci\u00f3n El Faro se suma a los esfuerzos del municipio por consolidarse como un referente tur\u00edstico en la regi\u00f3n, ofreciendo un nuevo atractivo que enriquece la oferta cultural y refuerza el compromiso con la conservaci\u00f3n y difusi\u00f3n del patrimonio hist\u00f3rico local. La puesta en marcha [&hellip;]<\/p>\n","protected":false},"author":1,"featured_media":0,"parent":0,"menu_order":0,"comment_status":"closed","ping_status":"closed","template":"","meta":{"slim_seo":{"title":"Le Centre d&#039;interpr\u00e9tation du Phare | Tourisme \u00e0 Cartaya, El Rompido et Nuevo Portil","description":"Le Centre d&#039;Interpr\u00e9tation El Faro rejoint les efforts de la municipalit\u00e9 pour s&#039;\u00e9tablir comme destination touristique dans la r\u00e9gion, offrant une nouvelle attraction qui enrichit l&#039;offre culturelle et renforce l&#039;engagement envers la pr\u00e9servation et la diffusion du patrimoine historique local."},"footnotes":""},"class_list":["post-2868","page","type-page","status-publish","hentry"],"_links":{"self":[{"href":"https:\/\/turismocartaya.com\/fr\/wp-json\/wp\/v2\/pages\/2868","targetHints":{"allow":["GET"]}}],"collection":[{"href":"https:\/\/turismocartaya.com\/fr\/wp-json\/wp\/v2\/pages"}],"about":[{"href":"https:\/\/turismocartaya.com\/fr\/wp-json\/wp\/v2\/types\/page"}],"author":[{"embeddable":true,"href":"https:\/\/turismocartaya.com\/fr\/wp-json\/wp\/v2\/users\/1"}],"replies":[{"embeddable":true,"href":"https:\/\/turismocartaya.com\/fr\/wp-json\/wp\/v2\/comments?post=2868"}],"version-history":[{"count":0,"href":"https:\/\/turismocartaya.com\/fr\/wp-json\/wp\/v2\/pages\/2868\/revisions"}],"wp:attachment":[{"href":"https:\/\/turismocartaya.com\/fr\/wp-json\/wp\/v2\/media?parent=2868"}],"curies":[{"name":"wp","href":"https:\/\/api.w.org\/{rel}","templated":true}]}}