{"id":2396,"date":"2025-03-31T07:57:38","date_gmt":"2025-03-31T07:57:38","guid":{"rendered":"https:\/\/turismocartaya.com\/?page_id=2396"},"modified":"2026-04-08T11:54:58","modified_gmt":"2026-04-08T09:54:58","slug":"actividades-didactico-medioambiental","status":"publish","type":"page","link":"https:\/\/turismocartaya.com\/fr\/actividades-didactico-medioambiental\/","title":{"rendered":"Activit\u00e9s \u00e9ducatives et environnementales"},"content":{"rendered":"<div data-elementor-type=\"wp-page\" data-elementor-id=\"2396\" class=\"elementor elementor-2396\" data-elementor-post-type=\"page\">\n\t\t\t\t<div class=\"elementor-element elementor-element-ca34fdc e-con-full e-flex elementor-invisible e-con e-parent\" data-id=\"ca34fdc\" data-element_type=\"container\" data-e-type=\"container\" data-settings=\"{&quot;background_background&quot;:&quot;classic&quot;,&quot;shape_divider_bottom&quot;:&quot;waves&quot;,&quot;animation&quot;:&quot;fadeIn&quot;,&quot;animation_mobile&quot;:&quot;fadeInUp&quot;}\">\n\t\t\t\t<div class=\"elementor-shape elementor-shape-bottom\" aria-hidden=\"true\" data-negative=\"false\">\n\t\t\t<svg xmlns=\"http:\/\/www.w3.org\/2000\/svg\" viewbox=\"0 0 1000 100\" preserveaspectratio=\"none\">\n\t<path class=\"elementor-shape-fill\" d=\"M421.9,6.5c22.6-2.5,51.5,0.4,75.5,5.3c23.6,4.9,70.9,23.5,100.5,35.7c75.8,32.2,133.7,44.5,192.6,49.7\tc23.6,2.1,48.7,3.5,103.4-2.5c54.7-6,106.2-25.6,106.2-25.6V0H0v30.3c0,0,72,32.6,158.4,30.5c39.2-0.7,92.8-6.7,134-22.4\tc21.2-8.1,52.2-18.2,79.7-24.2C399.3,7.9,411.6,7.5,421.9,6.5z\"\/>\n<\/svg>\t\t<\/div>\n\t\t\t\t<\/div>\n\t\t<div class=\"elementor-element elementor-element-4c8b39f e-flex e-con-boxed elementor-invisible e-con e-parent\" data-id=\"4c8b39f\" data-element_type=\"container\" data-e-type=\"container\" data-settings=\"{&quot;animation&quot;:&quot;fadeIn&quot;,&quot;animation_mobile&quot;:&quot;fadeInUp&quot;}\">\n\t\t\t\t\t<div class=\"e-con-inner\">\n\t\t\t\t<div class=\"elementor-element elementor-element-9a52e9d elementor-widget elementor-widget-heading\" data-id=\"9a52e9d\" data-element_type=\"widget\" data-e-type=\"widget\" data-widget_type=\"heading.default\">\n\t\t\t\t\t<h1 class=\"elementor-heading-title elementor-size-default\">Espaces naturels dans la municipalit\u00e9 de Cartaya\n <\/h1>\t\t\t\t<\/div>\n\t\t\t\t<div class=\"elementor-element elementor-element-cf7cf63 elementor-widget elementor-widget-heading\" data-id=\"cf7cf63\" data-element_type=\"widget\" data-e-type=\"widget\" data-widget_type=\"heading.default\">\n\t\t\t\t\t<p class=\"elementor-heading-title elementor-size-default\">Patrimoine \/ Activit\u00e9 \u00e9ducative - Environnement <\/p>\t\t\t\t<\/div>\n\t\t\t\t<div class=\"elementor-element elementor-element-fa1cad5 elementor-widget elementor-widget-text-editor\" data-id=\"fa1cad5\" data-element_type=\"widget\" data-e-type=\"widget\" data-widget_type=\"text-editor.default\">\n\t\t\t\t\t\t\t\t\t<p style=\"font-weight: 400;\">La municipalit\u00e9 de Cartaya s&#039;\u00e9tend sur 22\u00a0643 hectares, dont 61\u00a0471 hectares sont constitu\u00e9s d&#039;aires naturelles d&#039;une grande valeur \u00e9cologique et paysag\u00e8re. L&#039;\u00e9tendue de ces espaces naturels est remarquable, tout comme la grande diversit\u00e9 des \u00e9cosyst\u00e8mes, des habitats et des esp\u00e8ces. Parmi les plus importants figurent les zones naturelles \u201c\u00a0Marismas del Rio Piedras y Flecha de El Rompido\u00a0\u201d, \u201c\u00a0Laguna de las Borreras\u00a0\u201d, \u201c\u00a0Tuberas del Lanc\u00f3n\u00a0\u201d et \u201d\u00a0Laguna del \u00c1guila\u00a0\u00bb, qui permettent la coexistence d&#039;esp\u00e8ces tr\u00e8s caract\u00e9ristiques.<\/p><p style=\"font-weight: 400;\">La zone est class\u00e9e Zone de Protection Sp\u00e9ciale pour les Oiseaux (ZPS 2002). Situ\u00e9e \u00e0 l&#039;embouchure du fleuve Piedras, elle comprend une zone de marais maritime s\u00e9par\u00e9e de l&#039;oc\u00e9an Atlantique par un banc de sable form\u00e9 de d\u00e9p\u00f4ts \u00e9oliens marins r\u00e9sultant du courant fluvial, des mar\u00e9es, de la d\u00e9rive littorale et des vents dominants du sud-ouest. La dynamique g\u00e9omorphologique de ce banc de sable est unique sur la c\u00f4te andalouse\u00a0; il s&#039;\u00e9tend sur plus de 12 kilom\u00e8tres et son taux de croissance moyen au cours du si\u00e8cle dernier a d\u00e9pass\u00e9 30 m\u00e8tres par an.<\/p><p style=\"font-weight: 400;\">Notre engagement est de faire conna\u00eetre et de pr\u00e9server cela\u00a0<strong>biodiversit\u00e9, promotion d&#039;un tourisme responsable et durable.<\/strong><\/p>\t\t\t\t\t\t\t\t<\/div>\n\t\t<div class=\"elementor-element elementor-element-b0c926b e-grid e-con-full e-con e-child\" data-id=\"b0c926b\" data-element_type=\"container\" data-e-type=\"container\">\n\t\t<div class=\"elementor-element elementor-element-6d9a06c e-con-full e-flex e-con e-child\" data-id=\"6d9a06c\" data-element_type=\"container\" data-e-type=\"container\">\n\t\t\t\t<div class=\"elementor-element elementor-element-3e18188 elementor-widget elementor-widget-heading\" data-id=\"3e18188\" data-element_type=\"widget\" data-e-type=\"widget\" data-widget_type=\"heading.default\">\n\t\t\t\t\t<p class=\"elementor-heading-title elementor-size-default\">La faune de notre environnement<\/p>\t\t\t\t<\/div>\n\t\t<div class=\"elementor-element elementor-element-70e15bd e-con-full e-flex e-con e-child\" data-id=\"70e15bd\" data-element_type=\"container\" data-e-type=\"container\" data-settings=\"{&quot;background_background&quot;:&quot;classic&quot;}\">\n\t\t\t\t<\/div>\n\t\t\t\t<div class=\"elementor-element elementor-element-9b14906 elementor-align-center elementor-widget elementor-widget-button\" data-id=\"9b14906\" data-element_type=\"widget\" data-e-type=\"widget\" data-widget_type=\"button.default\">\n\t\t\t\t\t\t\t\t\t\t<a class=\"elementor-button elementor-button-link elementor-size-sm\" href=\"https:\/\/turismocartaya.com\/wp-content\/uploads\/2025\/11\/LA-FAUNA-DE-NUESTA-MARISMA.pdf\">\n\t\t\t\t\t\t<span class=\"elementor-button-content-wrapper\">\n\t\t\t\t\t\t\t\t\t<span class=\"elementor-button-text\">T\u00e9l\u00e9charger le PDF<\/span>\n\t\t\t\t\t<\/span>\n\t\t\t\t\t<\/a>\n\t\t\t\t\t\t\t\t<\/div>\n\t\t\t\t<\/div>\n\t\t<div class=\"elementor-element elementor-element-6fe2c0e e-con-full e-flex e-con e-child\" data-id=\"6fe2c0e\" data-element_type=\"container\" data-e-type=\"container\">\n\t\t\t\t<div class=\"elementor-element elementor-element-347cb8f elementor-widget elementor-widget-heading\" data-id=\"347cb8f\" data-element_type=\"widget\" data-e-type=\"widget\" data-widget_type=\"heading.default\">\n\t\t\t\t\t<p class=\"elementor-heading-title elementor-size-default\">La flore de notre environnement<\/p>\t\t\t\t<\/div>\n\t\t<div class=\"elementor-element elementor-element-7be8d38 e-con-full e-flex e-con e-child\" data-id=\"7be8d38\" data-element_type=\"container\" data-e-type=\"container\" data-settings=\"{&quot;background_background&quot;:&quot;classic&quot;}\">\n\t\t\t\t<\/div>\n\t\t\t\t<div class=\"elementor-element elementor-element-19bf7a8 elementor-align-center elementor-widget elementor-widget-button\" data-id=\"19bf7a8\" data-element_type=\"widget\" data-e-type=\"widget\" data-widget_type=\"button.default\">\n\t\t\t\t\t\t\t\t\t\t<a class=\"elementor-button elementor-button-link elementor-size-sm\" href=\"https:\/\/turismocartaya.com\/wp-content\/uploads\/2025\/11\/Flora.pdf\">\n\t\t\t\t\t\t<span class=\"elementor-button-content-wrapper\">\n\t\t\t\t\t\t\t\t\t<span class=\"elementor-button-text\">T\u00e9l\u00e9charger le PDF<\/span>\n\t\t\t\t\t<\/span>\n\t\t\t\t\t<\/a>\n\t\t\t\t\t\t\t\t<\/div>\n\t\t\t\t<\/div>\n\t\t\t\t<\/div>\n\t\t\t\t\t<\/div>\n\t\t\t\t<\/div>\n\t\t<div class=\"elementor-element elementor-element-2cc5da1 e-flex e-con-boxed elementor-invisible e-con e-parent\" data-id=\"2cc5da1\" data-element_type=\"container\" data-e-type=\"container\" data-settings=\"{&quot;animation&quot;:&quot;fadeIn&quot;,&quot;animation_mobile&quot;:&quot;fadeInUp&quot;}\">\n\t\t\t\t\t<div class=\"e-con-inner\">\n\t\t\t\t<div class=\"elementor-element elementor-element-985eb8d elementor-widget-divider--separator-type-pattern elementor-widget-divider--view-line elementor-widget elementor-widget-divider\" data-id=\"985eb8d\" data-element_type=\"widget\" data-e-type=\"widget\" data-widget_type=\"divider.default\">\n\t\t\t\t\t\t\t<div class=\"elementor-divider\" style=\"--divider-pattern-url: url(&quot;data:image\/svg+xml,%3Csvg xmlns=&#039;http:\/\/www.w3.org\/2000\/svg&#039; preserveAspectRatio=&#039;none&#039; overflow=&#039;visible&#039; height=&#039;100%&#039; viewBox=&#039;0 0 24 24&#039; fill=&#039;none&#039; stroke=&#039;black&#039; stroke-width=&#039;3&#039; stroke-linecap=&#039;square&#039; stroke-miterlimit=&#039;10&#039;%3E%3Cpath d=&#039;M0,6c6,0,0.9,11.1,6.9,11.1S18,6,24,6&#039;\/%3E%3C\/svg%3E&quot;);\">\n\t\t\t<span class=\"elementor-divider-separator\">\n\t\t\t\t\t\t<\/span>\n\t\t<\/div>\n\t\t\t\t\t\t<\/div>\n\t\t\t\t<div class=\"elementor-element elementor-element-aaea57f elementor-widget elementor-widget-heading\" data-id=\"aaea57f\" data-element_type=\"widget\" data-e-type=\"widget\" data-widget_type=\"heading.default\">\n\t\t\t\t\t<h2 class=\"elementor-heading-title elementor-size-default\">Escuela de Embajadores 2026<\/h2>\t\t\t\t<\/div>\n\t\t\t\t<div class=\"elementor-element elementor-element-51bf4fa elementor-widget elementor-widget-heading\" data-id=\"51bf4fa\" data-element_type=\"widget\" data-e-type=\"widget\" data-widget_type=\"heading.default\">\n\t\t\t\t\t<p class=\"elementor-heading-title elementor-size-default\">Patrimoine \/ Activit\u00e9 \u00e9ducative - Environnement <\/p>\t\t\t\t<\/div>\n\t\t\t\t<div class=\"elementor-element elementor-element-72de1f1 elementor-widget elementor-widget-text-editor\" data-id=\"72de1f1\" data-element_type=\"widget\" data-e-type=\"widget\" data-widget_type=\"text-editor.default\">\n\t\t\t\t\t\t\t\t\t<p>Durant le mois de f\u00e9vrier, nous reprenons le projet \u00ab \u00c9cole des Ambassadeurs \u00bb, un projet \u00e9ducatif, touristique et culturel dont l&#039;objectif principal est d&#039;offrir aux enfants une exp\u00e9rience \u00e9ducative unique et enrichissante \u00e0 travers des visites guid\u00e9es des principaux sites monumentaux et historiques de Cartaya, cherchant \u00e0 les sensibiliser au patrimoine inestimable qui nous entoure. Au cours de cette activit\u00e9, les participants auront non seulement l\u2019occasion d\u2019explorer le patrimoine culturel et environnemental de notre environnement, mais seront \u00e9galement encourag\u00e9s \u00e0 d\u00e9velopper des attitudes comportementales et civiques. Nous nous effor\u00e7ons d\u2019inculquer des valeurs de respect du patrimoine culturel et naturel qui nous entoure, en encourageant les enfants \u00e0 \u00eatre ambassadeurs de leur propre environnement. En guise de touche finale \u00e0 l&#039;activit\u00e9, et comme chaque ann\u00e9e, ils se verront remettre leur dipl\u00f4me d&#039;ambassadeur.<\/p>\t\t\t\t\t\t\t\t<\/div>\n\t\t\t\t<div class=\"elementor-element elementor-element-9db3fd7 elementor-widget elementor-widget-image-carousel\" data-id=\"9db3fd7\" data-element_type=\"widget\" data-e-type=\"widget\" data-settings=\"{&quot;slides_to_show&quot;:&quot;3&quot;,&quot;slides_to_scroll&quot;:&quot;1&quot;,&quot;navigation&quot;:&quot;none&quot;,&quot;image_spacing_custom&quot;:{&quot;unit&quot;:&quot;px&quot;,&quot;size&quot;:5,&quot;sizes&quot;:[]},&quot;autoplay&quot;:&quot;yes&quot;,&quot;autoplay_speed&quot;:5000,&quot;infinite&quot;:&quot;yes&quot;,&quot;speed&quot;:500,&quot;image_spacing_custom_tablet&quot;:{&quot;unit&quot;:&quot;px&quot;,&quot;size&quot;:&quot;&quot;,&quot;sizes&quot;:[]},&quot;image_spacing_custom_mobile&quot;:{&quot;unit&quot;:&quot;px&quot;,&quot;size&quot;:&quot;&quot;,&quot;sizes&quot;:[]}}\" data-widget_type=\"image-carousel.default\">\n\t\t\t\t\t\t\t<div class=\"elementor-image-carousel-wrapper swiper\" role=\"region\" aria-roledescription=\"carousel\" aria-label=\"Carrousel d&#039;images\" dir=\"ltr\">\n\t\t\t<div class=\"elementor-image-carousel swiper-wrapper\" aria-live=\"off\">\n\t\t\t\t\t\t\t\t<div class=\"swiper-slide\" role=\"group\" aria-roledescription=\"slide\" aria-label=\"1 sur 6\"><figure class=\"swiper-slide-inner\"><img decoding=\"async\" class=\"swiper-slide-image\" src=\"https:\/\/turismocartaya.com\/wp-content\/uploads\/elementor\/thumbs\/Ayuntamiento-rlp7hdojmyqxaj6xcnm3bk9dvsm0hzwxsjdypw45fs.jpg\" alt=\"Ayuntamiento\" \/><\/figure><\/div><div class=\"swiper-slide\" role=\"group\" aria-roledescription=\"slide\" aria-label=\"2 sur 6\"><figure class=\"swiper-slide-inner\"><img decoding=\"async\" class=\"swiper-slide-image\" src=\"https:\/\/turismocartaya.com\/wp-content\/uploads\/elementor\/thumbs\/Biblioteca-rlp7hgi27gus9d2tw6tz11jrny845384sxcf5pzyx4.jpeg\" alt=\"Biblioteca\" \/><\/figure><\/div><div class=\"swiper-slide\" role=\"group\" aria-roledescription=\"slide\" aria-label=\"3 sur 6\"><figure class=\"swiper-slide-inner\"><img decoding=\"async\" class=\"swiper-slide-image\" src=\"https:\/\/turismocartaya.com\/wp-content\/uploads\/elementor\/thumbs\/Castillo-rlp7hjbkryyn86yqfq1uqiu5g3u7s6jbtbavljvseg.jpg\" alt=\"Castillo\" \/><\/figure><\/div><div class=\"swiper-slide\" role=\"group\" aria-roledescription=\"slide\" aria-label=\"4 sur 6\"><figure class=\"swiper-slide-inner\"><img decoding=\"async\" class=\"swiper-slide-image\" src=\"https:\/\/turismocartaya.com\/wp-content\/uploads\/elementor\/thumbs\/Iglesia2-rlp7hm53ch2i70umz99qg04j89gbf9uitp9c1drlvs.jpg\" alt=\"Iglesia2\" \/><\/figure><\/div><div class=\"swiper-slide\" role=\"group\" aria-roledescription=\"slide\" aria-label=\"5 sur 6\"><figure class=\"swiper-slide-inner\"><img decoding=\"async\" class=\"swiper-slide-image\" src=\"https:\/\/turismocartaya.com\/wp-content\/uploads\/elementor\/thumbs\/Embajadores-Rompido-5-rlp7hoylwz6d5uqjishm5hex0f2f2d5pu37sh7nfd4.jpeg\" alt=\"Embajadores Rompido\" \/><\/figure><\/div><div class=\"swiper-slide\" role=\"group\" aria-roledescription=\"slide\" aria-label=\"6 sur 6\"><figure class=\"swiper-slide-inner\"><img decoding=\"async\" class=\"swiper-slide-image\" src=\"https:\/\/turismocartaya.com\/wp-content\/uploads\/elementor\/thumbs\/Embajadores-Rompido-3-rlp7hspyobbigal2wu44fggrdyjvx5kn6ltqebhuo8.jpeg\" alt=\"Embajadores Rompido\" \/><\/figure><\/div>\t\t\t<\/div>\n\t\t\t\t\t\t\t\n\t\t\t\t\t\t\t\t\t<\/div>\n\t\t\t\t\t\t<\/div>\n\t\t\t\t\t<\/div>\n\t\t\t\t<\/div>\n\t\t<div class=\"elementor-element elementor-element-4f1cf81 e-flex e-con-boxed elementor-invisible e-con e-parent\" data-id=\"4f1cf81\" data-element_type=\"container\" data-e-type=\"container\" data-settings=\"{&quot;animation&quot;:&quot;fadeIn&quot;,&quot;animation_mobile&quot;:&quot;fadeInUp&quot;}\">\n\t\t\t\t\t<div class=\"e-con-inner\">\n\t\t\t\t<div class=\"elementor-element elementor-element-5bae73f elementor-widget-divider--separator-type-pattern elementor-widget-divider--view-line elementor-widget elementor-widget-divider\" data-id=\"5bae73f\" data-element_type=\"widget\" data-e-type=\"widget\" data-widget_type=\"divider.default\">\n\t\t\t\t\t\t\t<div class=\"elementor-divider\" style=\"--divider-pattern-url: url(&quot;data:image\/svg+xml,%3Csvg xmlns=&#039;http:\/\/www.w3.org\/2000\/svg&#039; preserveAspectRatio=&#039;none&#039; overflow=&#039;visible&#039; height=&#039;100%&#039; viewBox=&#039;0 0 24 24&#039; fill=&#039;none&#039; stroke=&#039;black&#039; stroke-width=&#039;3&#039; stroke-linecap=&#039;square&#039; stroke-miterlimit=&#039;10&#039;%3E%3Cpath d=&#039;M0,6c6,0,0.9,11.1,6.9,11.1S18,6,24,6&#039;\/%3E%3C\/svg%3E&quot;);\">\n\t\t\t<span class=\"elementor-divider-separator\">\n\t\t\t\t\t\t<\/span>\n\t\t<\/div>\n\t\t\t\t\t\t<\/div>\n\t\t\t\t<div class=\"elementor-element elementor-element-022dee2 elementor-widget elementor-widget-heading\" data-id=\"022dee2\" data-element_type=\"widget\" data-e-type=\"widget\" data-widget_type=\"heading.default\">\n\t\t\t\t\t<h3 class=\"elementor-heading-title elementor-size-default\">\u00c9coembes<\/h3>\t\t\t\t<\/div>\n\t\t\t\t<div class=\"elementor-element elementor-element-64f99a5 elementor-widget elementor-widget-heading\" data-id=\"64f99a5\" data-element_type=\"widget\" data-e-type=\"widget\" data-widget_type=\"heading.default\">\n\t\t\t\t\t<p class=\"elementor-heading-title elementor-size-default\">Patrimoine \/ Activit\u00e9 \u00e9ducative - Environnement <\/p>\t\t\t\t<\/div>\n\t\t\t\t<div class=\"elementor-element elementor-element-71fdfa2 elementor-widget elementor-widget-text-editor\" data-id=\"71fdfa2\" data-element_type=\"widget\" data-e-type=\"widget\" data-widget_type=\"text-editor.default\">\n\t\t\t\t\t\t\t\t\t<p>Tout au long de l&#039;\u00e9t\u00e9, des campagnes de sensibilisation citoyenne sont organis\u00e9es en collaboration avec Ecoembes pour \u0153uvrer pour un monde sans d\u00e9chets. Elles mettent en avant l&#039;importance de la participation citoyenne au processus de recyclage afin de r\u00e9duire le volume de d\u00e9chets g\u00e9n\u00e9r\u00e9s. L&#039;objectif est de sensibiliser aux enjeux environnementaux et au d\u00e9veloppement durable \u00e0 moyen et long terme, en optimisant la gestion et le traitement des d\u00e9chets. Cette initiative vise \u00e0 sensibiliser les visiteurs des plages de la municipalit\u00e9 de Cartaya \u00e0 l&#039;environnement et \u00e0 accro\u00eetre le taux de collecte s\u00e9lective municipale. Pour encourager le recyclage, des tentes \u00e9quip\u00e9es de petits conteneurs de collecte s\u00e9lective sont install\u00e9es afin de faciliter, par des exemples, le tri et le recyclage des diff\u00e9rents types de d\u00e9chets g\u00e9n\u00e9r\u00e9s. De plus, des mat\u00e9riaux recyclables ont \u00e9t\u00e9 utilis\u00e9s, permettant aux participants de cr\u00e9er des badges avec leurs motifs pr\u00e9f\u00e9r\u00e9s.<\/p>\t\t\t\t\t\t\t\t<\/div>\n\t\t\t\t<div class=\"elementor-element elementor-element-588bfa9 elementor-widget elementor-widget-image-carousel\" data-id=\"588bfa9\" data-element_type=\"widget\" data-e-type=\"widget\" data-settings=\"{&quot;slides_to_show&quot;:&quot;3&quot;,&quot;slides_to_scroll&quot;:&quot;1&quot;,&quot;navigation&quot;:&quot;none&quot;,&quot;image_spacing_custom&quot;:{&quot;unit&quot;:&quot;px&quot;,&quot;size&quot;:5,&quot;sizes&quot;:[]},&quot;autoplay&quot;:&quot;yes&quot;,&quot;autoplay_speed&quot;:5000,&quot;infinite&quot;:&quot;yes&quot;,&quot;speed&quot;:500,&quot;image_spacing_custom_tablet&quot;:{&quot;unit&quot;:&quot;px&quot;,&quot;size&quot;:&quot;&quot;,&quot;sizes&quot;:[]},&quot;image_spacing_custom_mobile&quot;:{&quot;unit&quot;:&quot;px&quot;,&quot;size&quot;:&quot;&quot;,&quot;sizes&quot;:[]}}\" data-widget_type=\"image-carousel.default\">\n\t\t\t\t\t\t\t<div class=\"elementor-image-carousel-wrapper swiper\" role=\"region\" aria-roledescription=\"carousel\" aria-label=\"Carrousel d&#039;images\" dir=\"ltr\">\n\t\t\t<div class=\"elementor-image-carousel swiper-wrapper\" aria-live=\"off\">\n\t\t\t\t\t\t\t\t<div class=\"swiper-slide\" role=\"group\" aria-roledescription=\"slide\" aria-label=\"1 sur 5\"><figure class=\"swiper-slide-inner\"><img decoding=\"async\" class=\"swiper-slide-image\" src=\"https:\/\/turismocartaya.com\/wp-content\/uploads\/elementor\/thumbs\/WhatsApp-Image-2025-08-01-at-12.54.34-rawvo7rhctq5jdjk5k830ajht3z9wfc5tnfeim93m0.webp\" alt=\"Whatsapp image 2025 08 01 at 12.54.34\" \/><\/figure><\/div><div class=\"swiper-slide\" role=\"group\" aria-roledescription=\"slide\" aria-label=\"2 sur 5\"><figure class=\"swiper-slide-inner\"><img decoding=\"async\" class=\"swiper-slide-image\" src=\"https:\/\/turismocartaya.com\/wp-content\/uploads\/elementor\/thumbs\/WhatsApp-Image-2025-08-01-at-12.54.32-rawvoublwul1a0mshtz4o4uk2cw315tpwr3219bngo.webp\" alt=\"Whatsapp image 2025 08 01 at 12.54.32\" \/><\/figure><\/div><div class=\"swiper-slide\" role=\"group\" aria-roledescription=\"slide\" aria-label=\"3 sur 5\"><figure class=\"swiper-slide-inner\"><img decoding=\"async\" class=\"swiper-slide-image\" src=\"https:\/\/turismocartaya.com\/wp-content\/uploads\/elementor\/thumbs\/WhatsApp-Image-2025-08-01-at-12.54.37-rawvnqudxt2zqe84wcwsret746ao1vgzrbonvmy6q0.webp\" alt=\"Whatsapp image 2025 08 01 at 12.54.37\" \/><\/figure><\/div><div class=\"swiper-slide\" role=\"group\" aria-roledescription=\"slide\" aria-label=\"4 sur 5\"><figure class=\"swiper-slide-inner\"><img decoding=\"async\" class=\"swiper-slide-image\" src=\"https:\/\/turismocartaya.com\/wp-content\/uploads\/elementor\/thumbs\/WhatsApp-Image-2025-08-01-at-12.54.35-rawvn9xaisftxewpn5liij2wf8m27bltozxx8nn9u0.webp\" alt=\"Whatsapp image 2025 08 01 at 12.54.35\" \/><\/figure><\/div><div class=\"swiper-slide\" role=\"group\" aria-roledescription=\"slide\" aria-label=\"5 sur 5\"><figure class=\"swiper-slide-inner\"><img decoding=\"async\" class=\"swiper-slide-image\" src=\"https:\/\/turismocartaya.com\/wp-content\/uploads\/elementor\/thumbs\/WhatsApp-Image-2025-08-01-at-12.54.35-2-rawvonqql0c10qwck94qooibwnsija3ljuinobleo8.webp\" alt=\"Whatsapp image 2025 08 01 at 12.54.35 (2)\" \/><\/figure><\/div>\t\t\t<\/div>\n\t\t\t\t\t\t\t\n\t\t\t\t\t\t\t\t\t<\/div>\n\t\t\t\t\t\t<\/div>\n\t\t\t\t\t<\/div>\n\t\t\t\t<\/div>\n\t\t<div class=\"elementor-element elementor-element-7b07485 e-flex e-con-boxed elementor-invisible e-con e-parent\" data-id=\"7b07485\" data-element_type=\"container\" data-e-type=\"container\" data-settings=\"{&quot;animation&quot;:&quot;fadeIn&quot;,&quot;animation_mobile&quot;:&quot;fadeInUp&quot;}\">\n\t\t\t\t\t<div class=\"e-con-inner\">\n\t\t\t\t<div class=\"elementor-element elementor-element-926eb00 elementor-widget-divider--separator-type-pattern elementor-widget-divider--view-line elementor-widget elementor-widget-divider\" data-id=\"926eb00\" data-element_type=\"widget\" data-e-type=\"widget\" data-widget_type=\"divider.default\">\n\t\t\t\t\t\t\t<div class=\"elementor-divider\" style=\"--divider-pattern-url: url(&quot;data:image\/svg+xml,%3Csvg xmlns=&#039;http:\/\/www.w3.org\/2000\/svg&#039; preserveAspectRatio=&#039;none&#039; overflow=&#039;visible&#039; height=&#039;100%&#039; viewBox=&#039;0 0 24 24&#039; fill=&#039;none&#039; stroke=&#039;black&#039; stroke-width=&#039;3&#039; stroke-linecap=&#039;square&#039; stroke-miterlimit=&#039;10&#039;%3E%3Cpath d=&#039;M0,6c6,0,0.9,11.1,6.9,11.1S18,6,24,6&#039;\/%3E%3C\/svg%3E&quot;);\">\n\t\t\t<span class=\"elementor-divider-separator\">\n\t\t\t\t\t\t<\/span>\n\t\t<\/div>\n\t\t\t\t\t\t<\/div>\n\t\t\t\t<div class=\"elementor-element elementor-element-e5ee801 elementor-widget elementor-widget-heading\" data-id=\"e5ee801\" data-element_type=\"widget\" data-e-type=\"widget\" data-widget_type=\"heading.default\">\n\t\t\t\t\t<p class=\"elementor-heading-title elementor-size-default\">Guide du tourisme responsable<\/p>\t\t\t\t<\/div>\n\t\t\t\t<div class=\"elementor-element elementor-element-5536b44 elementor-widget elementor-widget-heading\" data-id=\"5536b44\" data-element_type=\"widget\" data-e-type=\"widget\" data-widget_type=\"heading.default\">\n\t\t\t\t\t<p class=\"elementor-heading-title elementor-size-default\">Patrimoine \/ Activit\u00e9 \u00e9ducative - Environnement <\/p>\t\t\t\t<\/div>\n\t\t\t\t<div class=\"elementor-element elementor-element-479af00 elementor-widget elementor-widget-video\" data-id=\"479af00\" data-element_type=\"widget\" data-e-type=\"widget\" data-settings=\"{&quot;video_type&quot;:&quot;hosted&quot;,&quot;controls&quot;:&quot;yes&quot;}\" data-widget_type=\"video.default\">\n\t\t\t\t\t\t\t<div class=\"e-hosted-video elementor-wrapper elementor-open-inline\">\n\t\t\t\t\t<video class=\"elementor-video\" src=\"https:\/\/turismocartaya.com\/wp-content\/uploads\/2026\/01\/Guia-del-Turista-Responsable.mp4\" controls=\"\" preload=\"metadata\" controlslist=\"nodownload\"><\/video>\n\t\t\t\t<\/div>\n\t\t\t\t\t\t<\/div>\n\t\t\t\t\t<\/div>\n\t\t\t\t<\/div>\n\t\t\t\t<\/div>","protected":false},"excerpt":{"rendered":"<p>Espacios Naturales en el Municipio de Cartaya Patrimonio \/ Act. Did\u00e1ctico &#8211; Medioambiental El t\u00e9rmino municipal de Cartaya cuenta con 22.643 hect\u00e1reas, correspondi\u00e9ndose el 61,47% de dicha superficie con espacios naturales de alto valor ecol\u00f3gico y paisaj\u00edstico. Destaca la gran extensi\u00f3n de su superficie natural, as\u00ed como la elevada diversidad de ecosistemas, h\u00e1bitats y especies. [&hellip;]<\/p>\n","protected":false},"author":1,"featured_media":0,"parent":0,"menu_order":0,"comment_status":"closed","ping_status":"closed","template":"","meta":{"slim_seo":{"title":"Activit\u00e9s \u00e9ducatives et environnementales - Tourisme Cartaya, El Rompido et Nuevo Portil","description":"Espaces naturels de la municipalit\u00e9 de Cartaya Patrimoine \/ Activit\u00e9s \u00e9ducatives et environnementales La municipalit\u00e9 de Cartaya couvre 22\u00a0643 hectares, soit"},"footnotes":""},"class_list":["post-2396","page","type-page","status-publish","hentry"],"_links":{"self":[{"href":"https:\/\/turismocartaya.com\/fr\/wp-json\/wp\/v2\/pages\/2396","targetHints":{"allow":["GET"]}}],"collection":[{"href":"https:\/\/turismocartaya.com\/fr\/wp-json\/wp\/v2\/pages"}],"about":[{"href":"https:\/\/turismocartaya.com\/fr\/wp-json\/wp\/v2\/types\/page"}],"author":[{"embeddable":true,"href":"https:\/\/turismocartaya.com\/fr\/wp-json\/wp\/v2\/users\/1"}],"replies":[{"embeddable":true,"href":"https:\/\/turismocartaya.com\/fr\/wp-json\/wp\/v2\/comments?post=2396"}],"version-history":[{"count":18,"href":"https:\/\/turismocartaya.com\/fr\/wp-json\/wp\/v2\/pages\/2396\/revisions"}],"predecessor-version":[{"id":3375,"href":"https:\/\/turismocartaya.com\/fr\/wp-json\/wp\/v2\/pages\/2396\/revisions\/3375"}],"wp:attachment":[{"href":"https:\/\/turismocartaya.com\/fr\/wp-json\/wp\/v2\/media?parent=2396"}],"curies":[{"name":"wp","href":"https:\/\/api.w.org\/{rel}","templated":true}]}}