{"id":1221,"date":"2024-06-03T22:32:50","date_gmt":"2024-06-03T22:32:50","guid":{"rendered":"https:\/\/turismocartaya.com\/?page_id=1221"},"modified":"2024-06-04T20:19:49","modified_gmt":"2024-06-04T20:19:49","slug":"iglesia-ntra-sra-del-rosario","status":"publish","type":"page","link":"https:\/\/turismocartaya.com\/fr\/iglesia-ntra-sra-del-rosario\/","title":{"rendered":"\u00c9glise Notre-Dame du Rosaire"},"content":{"rendered":"<div data-elementor-type=\"wp-page\" data-elementor-id=\"1221\" class=\"elementor elementor-1221\" data-elementor-post-type=\"page\">\n\t\t\t\t<div class=\"elementor-element elementor-element-11a9c21 e-flex e-con-boxed e-con e-parent\" data-id=\"11a9c21\" data-element_type=\"container\" data-e-type=\"container\" data-settings=\"{&quot;background_background&quot;:&quot;classic&quot;}\">\n\t\t\t\t\t<div class=\"e-con-inner\">\n\t\t\t\t<div class=\"elementor-element elementor-element-cfd0339 elementor-widget elementor-widget-heading\" data-id=\"cfd0339\" data-element_type=\"widget\" data-e-type=\"widget\" data-widget_type=\"heading.default\">\n\t\t\t\t\t<h2 class=\"elementor-heading-title elementor-size-default\">\u00c9glise Notre-Dame du Rosaire<\/h2>\t\t\t\t<\/div>\n\t\t\t\t<div class=\"elementor-element elementor-element-d218772 elementor-widget elementor-widget-heading\" data-id=\"d218772\" data-element_type=\"widget\" data-e-type=\"widget\" data-widget_type=\"heading.default\">\n\t\t\t\t\t<h2 class=\"elementor-heading-title elementor-size-default\">2<\/h2>\t\t\t\t<\/div>\n\t\t\t\t\t<\/div>\n\t\t\t\t<\/div>\n\t\t<div class=\"elementor-element elementor-element-cf90e19 e-flex e-con-boxed e-con e-parent\" data-id=\"cf90e19\" data-element_type=\"container\" data-e-type=\"container\">\n\t\t\t\t\t<div class=\"e-con-inner\">\n\t\t<div class=\"elementor-element elementor-element-e11d507 e-con-full e-flex e-con e-child\" data-id=\"e11d507\" data-element_type=\"container\" data-e-type=\"container\">\n\t\t\t\t<div class=\"elementor-element elementor-element-8cb6492 elementor-widget elementor-widget-image\" data-id=\"8cb6492\" data-element_type=\"widget\" data-e-type=\"widget\" data-widget_type=\"image.default\">\n\t\t\t\t\t\t\t\t\t\t\t\t\t\t\t<img fetchpriority=\"high\" decoding=\"async\" width=\"540\" height=\"405\" src=\"https:\/\/turismocartaya.com\/wp-content\/uploads\/2024\/06\/Iglesia-Rosario.webp\" class=\"attachment-large size-large wp-image-1226\" alt=\"Iglesia Rosario\" srcset=\"https:\/\/turismocartaya.com\/wp-content\/uploads\/2024\/06\/Iglesia-Rosario.webp 540w, https:\/\/turismocartaya.com\/wp-content\/uploads\/2024\/06\/Iglesia-Rosario-300x225.webp 300w, https:\/\/turismocartaya.com\/wp-content\/uploads\/2024\/06\/Iglesia-Rosario-16x12.webp 16w\" sizes=\"(max-width: 540px) 100vw, 540px\" \/>\t\t\t\t\t\t\t\t\t\t\t\t\t\t\t<\/div>\n\t\t\t\t<\/div>\n\t\t<div class=\"elementor-element elementor-element-9e04456 e-con-full e-flex e-con e-child\" data-id=\"9e04456\" data-element_type=\"container\" data-e-type=\"container\">\n\t\t\t\t<div class=\"elementor-element elementor-element-5857821 elementor-widget elementor-widget-text-editor\" data-id=\"5857821\" data-element_type=\"widget\" data-e-type=\"widget\" data-widget_type=\"text-editor.default\">\n\t\t\t\t\t\t\t\t\t<div id=\"bgLayers_comp-kzpf16nx\" class=\"MW5IWV\" data-hook=\"bgLayers\" data-motion-part=\"BG_LAYER\"><div id=\"bgMedia_comp-kzpf16nx\" class=\"VgO9Yg\" data-motion-part=\"BG_MEDIA\"><div id=\"bgLayers_comp-kzxxm60z\" class=\"MW5IWV\" data-hook=\"bgLayers\" data-motion-part=\"BG_LAYER\"><div id=\"bgMedia_comp-kzxxm60z\" class=\"VgO9Yg\" data-motion-part=\"BG_MEDIA\">Les installations de la chapelle Nuevo Portil sont con\u00e7ues sp\u00e9cialement pour la saison estivale. Il est situ\u00e9 sur un terrain de 1 500 m\u00e8tres offert par la mairie et situ\u00e9 dans la rue Francisco Pizarro. Son int\u00e9rieur peut accueillir jusqu&#039;\u00e0 250 personnes, qui communique avec un patio ext\u00e9rieur par des portes coulissantes. Outre la sacristie, elle dispose de plusieurs salles paroissiales pour enseigner le cat\u00e9chisme et accueillir les r\u00e9unions des paroissiens.<\/div><\/div><\/div><\/div>\t\t\t\t\t\t\t\t<\/div>\n\t\t<div class=\"elementor-element elementor-element-e4a01d0 e-grid e-con-boxed e-con e-child\" data-id=\"e4a01d0\" data-element_type=\"container\" data-e-type=\"container\">\n\t\t\t\t\t<div class=\"e-con-inner\">\n\t\t\t\t<div class=\"elementor-element elementor-element-51ccc12 elementor-view-default elementor-widget elementor-widget-icon\" data-id=\"51ccc12\" data-element_type=\"widget\" data-e-type=\"widget\" data-widget_type=\"icon.default\">\n\t\t\t\t\t\t\t<div class=\"elementor-icon-wrapper\">\n\t\t\t<a class=\"elementor-icon\" href=\"https:\/\/turismocartaya.com\/fr\/mapa-nuevo-portil\/\">\n\t\t\t<svg aria-hidden=\"true\" class=\"e-font-icon-svg e-fas-arrow-left\" viewbox=\"0 0 448 512\" xmlns=\"http:\/\/www.w3.org\/2000\/svg\"><path d=\"M257.5 445.1l-22.2 22.2c-9.4 9.4-24.6 9.4-33.9 0L7 273c-9.4-9.4-9.4-24.6 0-33.9L201.4 44.7c9.4-9.4 24.6-9.4 33.9 0l22.2 22.2c9.5 9.5 9.3 25-.4 34.3L136.6 216H424c13.3 0 24 10.7 24 24v32c0 13.3-10.7 24-24 24H136.6l120.5 114.8c9.8 9.3 10 24.8.4 34.3z\"><\/path><\/svg>\t\t\t<\/a>\n\t\t<\/div>\n\t\t\t\t\t\t<\/div>\n\t\t\t\t<div class=\"elementor-element elementor-element-b7c0d9f elementor-widget elementor-widget-button\" data-id=\"b7c0d9f\" data-element_type=\"widget\" data-e-type=\"widget\" data-widget_type=\"button.default\">\n\t\t\t\t\t\t\t\t\t\t<a class=\"elementor-button elementor-button-link elementor-size-sm\" href=\"https:\/\/www.google.com\/maps\/dir\/37.3748375,-6.9695468\/iglesia+nuestra+se%C3%B1ora+del+rosario+nuevo+portil\/@37.2986151,-7.2075537,11z\/data=!3m1!4b1!4m9!4m8!1m1!4e1!1m5!1m1!1s0xd11d2fdd262a9c9:0xbb3fa68edc4bbebc!2m2!1d-7.0561711!2d37.2176583?entry=ttu\">\n\t\t\t\t\t\t<span class=\"elementor-button-content-wrapper\">\n\t\t\t\t\t\t\t\t\t<span class=\"elementor-button-text\">Comment arriver?<\/span>\n\t\t\t\t\t<\/span>\n\t\t\t\t\t<\/a>\n\t\t\t\t\t\t\t\t<\/div>\n\t\t\t\t\t<\/div>\n\t\t\t\t<\/div>\n\t\t\t\t<\/div>\n\t\t\t\t\t<\/div>\n\t\t\t\t<\/div>\n\t\t\t\t<\/div>","protected":false},"excerpt":{"rendered":"<p>Iglesia Ntra. Sra. del Rosario 2 Las instalaciones de la capilla de Nuevo Portil est\u00e1 pensada, especialmente, para la \u00e9poca estival. Se ubica en una parcela de 1.500 metros cedida por el ayuntamiento y situada en la calle Francisco Pizarro. Su interior puede albergar hasta 250 personas, el cual se comunica con un patio exterior [&hellip;]<\/p>\n","protected":false},"author":1,"featured_media":0,"parent":0,"menu_order":0,"comment_status":"closed","ping_status":"closed","template":"elementor_header_footer","meta":{"slim_seo":{"title":"\u00c9glise Notre-Dame du Rosaire | Tourisme \u00e0 Cartaya","description":"Les installations de la chapelle Nuevo Portil sont sp\u00e9cialement con\u00e7ues pour la saison estivale."},"footnotes":""},"class_list":["post-1221","page","type-page","status-publish","hentry"],"_links":{"self":[{"href":"https:\/\/turismocartaya.com\/fr\/wp-json\/wp\/v2\/pages\/1221","targetHints":{"allow":["GET"]}}],"collection":[{"href":"https:\/\/turismocartaya.com\/fr\/wp-json\/wp\/v2\/pages"}],"about":[{"href":"https:\/\/turismocartaya.com\/fr\/wp-json\/wp\/v2\/types\/page"}],"author":[{"embeddable":true,"href":"https:\/\/turismocartaya.com\/fr\/wp-json\/wp\/v2\/users\/1"}],"replies":[{"embeddable":true,"href":"https:\/\/turismocartaya.com\/fr\/wp-json\/wp\/v2\/comments?post=1221"}],"version-history":[{"count":0,"href":"https:\/\/turismocartaya.com\/fr\/wp-json\/wp\/v2\/pages\/1221\/revisions"}],"wp:attachment":[{"href":"https:\/\/turismocartaya.com\/fr\/wp-json\/wp\/v2\/media?parent=1221"}],"curies":[{"name":"wp","href":"https:\/\/api.w.org\/{rel}","templated":true}]}}