{"id":1203,"date":"2024-06-03T22:28:46","date_gmt":"2024-06-03T22:28:46","guid":{"rendered":"https:\/\/turismocartaya.com\/?page_id=1203"},"modified":"2024-06-04T20:14:00","modified_gmt":"2024-06-04T20:14:00","slug":"donde-alojarse","status":"publish","type":"page","link":"https:\/\/turismocartaya.com\/fr\/donde-alojarse\/","title":{"rendered":"O\u00f9 rester?"},"content":{"rendered":"<div data-elementor-type=\"wp-page\" data-elementor-id=\"1203\" class=\"elementor elementor-1203\" data-elementor-post-type=\"page\">\n\t\t\t\t<div class=\"elementor-element elementor-element-516f198 e-con-full e-flex elementor-invisible e-con e-parent\" data-id=\"516f198\" data-element_type=\"container\" data-e-type=\"container\" data-settings=\"{&quot;background_background&quot;:&quot;classic&quot;,&quot;shape_divider_bottom&quot;:&quot;waves&quot;,&quot;animation&quot;:&quot;fadeIn&quot;,&quot;animation_mobile&quot;:&quot;fadeInUp&quot;}\">\n\t\t\t\t<div class=\"elementor-shape elementor-shape-bottom\" aria-hidden=\"true\" data-negative=\"false\">\n\t\t\t<svg xmlns=\"http:\/\/www.w3.org\/2000\/svg\" viewbox=\"0 0 1000 100\" preserveaspectratio=\"none\">\n\t<path class=\"elementor-shape-fill\" d=\"M421.9,6.5c22.6-2.5,51.5,0.4,75.5,5.3c23.6,4.9,70.9,23.5,100.5,35.7c75.8,32.2,133.7,44.5,192.6,49.7\tc23.6,2.1,48.7,3.5,103.4-2.5c54.7-6,106.2-25.6,106.2-25.6V0H0v30.3c0,0,72,32.6,158.4,30.5c39.2-0.7,92.8-6.7,134-22.4\tc21.2-8.1,52.2-18.2,79.7-24.2C399.3,7.9,411.6,7.5,421.9,6.5z\"\/>\n<\/svg>\t\t<\/div>\n\t\t\t\t<\/div>\n\t\t<div class=\"elementor-element elementor-element-5e557a6 e-flex e-con-boxed elementor-invisible e-con e-parent\" data-id=\"5e557a6\" data-element_type=\"container\" data-e-type=\"container\" data-settings=\"{&quot;animation&quot;:&quot;fadeIn&quot;,&quot;animation_mobile&quot;:&quot;fadeInUp&quot;}\">\n\t\t\t\t\t<div class=\"e-con-inner\">\n\t\t\t\t<div class=\"elementor-element elementor-element-6652882 elementor-widget elementor-widget-heading\" data-id=\"6652882\" data-element_type=\"widget\" data-e-type=\"widget\" data-widget_type=\"heading.default\">\n\t\t\t\t\t<h2 class=\"elementor-heading-title elementor-size-default\">O\u00d9 RESTER?<\/h2>\t\t\t\t<\/div>\n\t\t\t\t<div class=\"elementor-element elementor-element-b76ba11 elementor-widget elementor-widget-heading\" data-id=\"b76ba11\" data-element_type=\"widget\" data-e-type=\"widget\" data-widget_type=\"heading.default\">\n\t\t\t\t\t<h2 class=\"elementor-heading-title elementor-size-default\">Complexes touristiques<\/h2>\t\t\t\t<\/div>\n\t\t\t\t\t<\/div>\n\t\t\t\t<\/div>\n\t\t<div class=\"elementor-element elementor-element-dbdad63 e-grid e-con-boxed e-con e-child\" data-id=\"dbdad63\" data-element_type=\"container\" data-e-type=\"container\" data-settings=\"{&quot;background_background&quot;:&quot;classic&quot;}\">\n\t\t\t\t\t<div class=\"e-con-inner\">\n\t\t<div class=\"elementor-element elementor-element-c1b06dd e-con-full e-flex elementor-invisible e-con e-child\" data-id=\"c1b06dd\" data-element_type=\"container\" data-e-type=\"container\" data-settings=\"{&quot;animation&quot;:&quot;fadeInUp&quot;}\">\n\t\t\t\t<div class=\"elementor-element elementor-element-1766201 elementor-widget__width-initial elementor-widget-mobile__width-initial elementor-widget elementor-widget-image\" data-id=\"1766201\" data-element_type=\"widget\" data-e-type=\"widget\" data-widget_type=\"image.default\">\n\t\t\t\t\t\t\t\t\t\t\t\t\t\t\t\t<a href=\"https:\/\/turismocartaya.com\/fr\/donde-alojarse-cartaya\/\">\n\t\t\t\t\t\t\t<img fetchpriority=\"high\" decoding=\"async\" width=\"311\" height=\"311\" src=\"https:\/\/turismocartaya.com\/wp-content\/uploads\/2024\/06\/Cartaya.webp\" class=\"elementor-animation-grow attachment-full size-full wp-image-1213\" alt=\"Cartaya\" srcset=\"https:\/\/turismocartaya.com\/wp-content\/uploads\/2024\/06\/Cartaya.webp 311w, https:\/\/turismocartaya.com\/wp-content\/uploads\/2024\/06\/Cartaya-300x300.webp 300w, https:\/\/turismocartaya.com\/wp-content\/uploads\/2024\/06\/Cartaya-150x150.webp 150w, https:\/\/turismocartaya.com\/wp-content\/uploads\/2024\/06\/Cartaya-12x12.webp 12w\" sizes=\"(max-width: 311px) 100vw, 311px\" \/>\t\t\t\t\t\t\t\t<\/a>\n\t\t\t\t\t\t\t\t\t\t\t\t\t\t\t<\/div>\n\t\t<div class=\"elementor-element elementor-element-35677dc e-con-full e-flex e-con e-child\" data-id=\"35677dc\" data-element_type=\"container\" data-e-type=\"container\" data-settings=\"{&quot;background_background&quot;:&quot;classic&quot;}\">\n\t\t\t\t<div class=\"elementor-element elementor-element-4a8f9ad elementor-widget__width-inherit elementor-widget elementor-widget-heading\" data-id=\"4a8f9ad\" data-element_type=\"widget\" data-e-type=\"widget\" data-widget_type=\"heading.default\">\n\t\t\t\t\t<h2 class=\"elementor-heading-title elementor-size-default\">Cartaya<\/h2>\t\t\t\t<\/div>\n\t\t\t\t<\/div>\n\t\t\t\t<\/div>\n\t\t<div class=\"elementor-element elementor-element-2bf7898 e-con-full e-flex elementor-invisible e-con e-child\" data-id=\"2bf7898\" data-element_type=\"container\" data-e-type=\"container\" data-settings=\"{&quot;animation&quot;:&quot;fadeInUp&quot;}\">\n\t\t\t\t<div class=\"elementor-element elementor-element-2cce3d2 elementor-widget__width-initial elementor-widget-mobile__width-initial elementor-widget elementor-widget-image\" data-id=\"2cce3d2\" data-element_type=\"widget\" data-e-type=\"widget\" data-widget_type=\"image.default\">\n\t\t\t\t\t\t\t\t\t\t\t\t\t\t\t\t<a href=\"https:\/\/turismocartaya.com\/fr\/donde-alojarse-el-rompido\/\">\n\t\t\t\t\t\t\t<img decoding=\"async\" width=\"311\" height=\"311\" src=\"https:\/\/turismocartaya.com\/wp-content\/uploads\/2024\/06\/El-Rompido.webp\" class=\"elementor-animation-grow attachment-full size-full wp-image-1212\" alt=\"El Rompido\" srcset=\"https:\/\/turismocartaya.com\/wp-content\/uploads\/2024\/06\/El-Rompido.webp 311w, https:\/\/turismocartaya.com\/wp-content\/uploads\/2024\/06\/El-Rompido-300x300.webp 300w, https:\/\/turismocartaya.com\/wp-content\/uploads\/2024\/06\/El-Rompido-150x150.webp 150w, https:\/\/turismocartaya.com\/wp-content\/uploads\/2024\/06\/El-Rompido-12x12.webp 12w\" sizes=\"(max-width: 311px) 100vw, 311px\" \/>\t\t\t\t\t\t\t\t<\/a>\n\t\t\t\t\t\t\t\t\t\t\t\t\t\t\t<\/div>\n\t\t<div class=\"elementor-element elementor-element-d2dbc9a e-con-full e-flex e-con e-child\" data-id=\"d2dbc9a\" data-element_type=\"container\" data-e-type=\"container\" data-settings=\"{&quot;background_background&quot;:&quot;classic&quot;}\">\n\t\t\t\t<div class=\"elementor-element elementor-element-e7e5c23 elementor-widget__width-inherit elementor-widget elementor-widget-heading\" data-id=\"e7e5c23\" data-element_type=\"widget\" data-e-type=\"widget\" data-widget_type=\"heading.default\">\n\t\t\t\t\t<h2 class=\"elementor-heading-title elementor-size-default\">El Rompido<\/h2>\t\t\t\t<\/div>\n\t\t\t\t<\/div>\n\t\t\t\t<\/div>\n\t\t<div class=\"elementor-element elementor-element-02b0267 e-con-full e-flex elementor-invisible e-con e-child\" data-id=\"02b0267\" data-element_type=\"container\" data-e-type=\"container\" data-settings=\"{&quot;animation&quot;:&quot;fadeInUp&quot;}\">\n\t\t\t\t<div class=\"elementor-element elementor-element-9671e89 elementor-widget__width-initial elementor-widget-mobile__width-initial elementor-widget elementor-widget-image\" data-id=\"9671e89\" data-element_type=\"widget\" data-e-type=\"widget\" data-widget_type=\"image.default\">\n\t\t\t\t\t\t\t\t\t\t\t\t\t\t\t\t<a href=\"https:\/\/turismocartaya.com\/fr\/donde-alojarse-nuevo-portil\/\">\n\t\t\t\t\t\t\t<img decoding=\"async\" width=\"311\" height=\"311\" src=\"https:\/\/turismocartaya.com\/wp-content\/uploads\/2024\/06\/Nuevo-Portil-Alojamiento.webp\" class=\"elementor-animation-grow attachment-full size-full wp-image-1211\" alt=\"Nuevo Portil Alojamiento\" srcset=\"https:\/\/turismocartaya.com\/wp-content\/uploads\/2024\/06\/Nuevo-Portil-Alojamiento.webp 311w, https:\/\/turismocartaya.com\/wp-content\/uploads\/2024\/06\/Nuevo-Portil-Alojamiento-300x300.webp 300w, https:\/\/turismocartaya.com\/wp-content\/uploads\/2024\/06\/Nuevo-Portil-Alojamiento-150x150.webp 150w, https:\/\/turismocartaya.com\/wp-content\/uploads\/2024\/06\/Nuevo-Portil-Alojamiento-12x12.webp 12w\" sizes=\"(max-width: 311px) 100vw, 311px\" \/>\t\t\t\t\t\t\t\t<\/a>\n\t\t\t\t\t\t\t\t\t\t\t\t\t\t\t<\/div>\n\t\t<div class=\"elementor-element elementor-element-9ea3c81 e-con-full e-flex e-con e-child\" data-id=\"9ea3c81\" data-element_type=\"container\" data-e-type=\"container\" data-settings=\"{&quot;background_background&quot;:&quot;classic&quot;}\">\n\t\t\t\t<div class=\"elementor-element elementor-element-fe7e53e elementor-widget__width-inherit elementor-widget elementor-widget-heading\" data-id=\"fe7e53e\" data-element_type=\"widget\" data-e-type=\"widget\" data-widget_type=\"heading.default\">\n\t\t\t\t\t<h2 class=\"elementor-heading-title elementor-size-default\">Nuevo Portil<\/h2>\t\t\t\t<\/div>\n\t\t\t\t<\/div>\n\t\t\t\t<\/div>\n\t\t\t\t\t<\/div>\n\t\t\t\t<\/div>\n\t\t\t\t<\/div>","protected":false},"excerpt":{"rendered":"<p>O\u00d9 RESTER? Complexes touristiques de Cartaya El Rompido Nuevo Portil<\/p>","protected":false},"author":1,"featured_media":0,"parent":0,"menu_order":0,"comment_status":"closed","ping_status":"closed","template":"elementor_header_footer","meta":{"slim_seo":{"title":"O\u00f9 s\u00e9journer\u00a0? | Tourisme \u00e0 Cartaya","description":"Profitez de complexes h\u00f4teliers uniques pour s\u00e9journer \u00e0 Cartaya, El Rompido et Nuevo Portil."},"footnotes":""},"class_list":["post-1203","page","type-page","status-publish","hentry"],"_links":{"self":[{"href":"https:\/\/turismocartaya.com\/fr\/wp-json\/wp\/v2\/pages\/1203","targetHints":{"allow":["GET"]}}],"collection":[{"href":"https:\/\/turismocartaya.com\/fr\/wp-json\/wp\/v2\/pages"}],"about":[{"href":"https:\/\/turismocartaya.com\/fr\/wp-json\/wp\/v2\/types\/page"}],"author":[{"embeddable":true,"href":"https:\/\/turismocartaya.com\/fr\/wp-json\/wp\/v2\/users\/1"}],"replies":[{"embeddable":true,"href":"https:\/\/turismocartaya.com\/fr\/wp-json\/wp\/v2\/comments?post=1203"}],"version-history":[{"count":0,"href":"https:\/\/turismocartaya.com\/fr\/wp-json\/wp\/v2\/pages\/1203\/revisions"}],"wp:attachment":[{"href":"https:\/\/turismocartaya.com\/fr\/wp-json\/wp\/v2\/media?parent=1203"}],"curies":[{"name":"wp","href":"https:\/\/api.w.org\/{rel}","templated":true}]}}