{"id":861,"date":"2024-05-26T21:12:49","date_gmt":"2024-05-26T21:12:49","guid":{"rendered":"https:\/\/turismocartaya.com\/?page_id=861"},"modified":"2024-06-04T20:15:49","modified_gmt":"2024-06-04T20:15:49","slug":"como-llegar","status":"publish","type":"page","link":"https:\/\/turismocartaya.com\/en\/como-llegar\/","title":{"rendered":"How to get"},"content":{"rendered":"<div data-elementor-type=\"wp-page\" data-elementor-id=\"861\" class=\"elementor elementor-861\" data-elementor-post-type=\"page\">\n\t\t\t\t<div class=\"elementor-element elementor-element-a7891b1 e-con-full e-flex elementor-invisible e-con e-parent\" data-id=\"a7891b1\" data-element_type=\"container\" data-e-type=\"container\" data-settings=\"{&quot;background_background&quot;:&quot;classic&quot;,&quot;shape_divider_bottom&quot;:&quot;waves&quot;,&quot;animation&quot;:&quot;fadeIn&quot;,&quot;animation_mobile&quot;:&quot;fadeInUp&quot;}\">\n\t\t\t\t<div class=\"elementor-shape elementor-shape-bottom\" aria-hidden=\"true\" data-negative=\"false\">\n\t\t\t<svg xmlns=\"http:\/\/www.w3.org\/2000\/svg\" viewbox=\"0 0 1000 100\" preserveaspectratio=\"none\">\n\t<path class=\"elementor-shape-fill\" d=\"M421.9,6.5c22.6-2.5,51.5,0.4,75.5,5.3c23.6,4.9,70.9,23.5,100.5,35.7c75.8,32.2,133.7,44.5,192.6,49.7\tc23.6,2.1,48.7,3.5,103.4-2.5c54.7-6,106.2-25.6,106.2-25.6V0H0v30.3c0,0,72,32.6,158.4,30.5c39.2-0.7,92.8-6.7,134-22.4\tc21.2-8.1,52.2-18.2,79.7-24.2C399.3,7.9,411.6,7.5,421.9,6.5z\"\/>\n<\/svg>\t\t<\/div>\n\t\t\t\t<\/div>\n\t\t<div class=\"elementor-element elementor-element-b5aa1c9 e-con-full e-flex elementor-invisible e-con e-parent\" data-id=\"b5aa1c9\" data-element_type=\"container\" data-e-type=\"container\" data-settings=\"{&quot;animation&quot;:&quot;fadeIn&quot;,&quot;animation_mobile&quot;:&quot;fadeInUp&quot;}\">\n\t\t\t\t<div class=\"elementor-element elementor-element-4994194 elementor-widget elementor-widget-heading\" data-id=\"4994194\" data-element_type=\"widget\" data-e-type=\"widget\" data-widget_type=\"heading.default\">\n\t\t\t\t\t<h2 class=\"elementor-heading-title elementor-size-default\">HOW TO GET?<\/h2>\t\t\t\t<\/div>\n\t\t\t\t<div class=\"elementor-element elementor-element-27933fb elementor-widget elementor-widget-heading\" data-id=\"27933fb\" data-element_type=\"widget\" data-e-type=\"widget\" data-widget_type=\"heading.default\">\n\t\t\t\t\t<h2 class=\"elementor-heading-title elementor-size-default\">By highway<\/h2>\t\t\t\t<\/div>\n\t\t\t\t<div class=\"elementor-element elementor-element-78684df elementor-widget elementor-widget-text-editor\" data-id=\"78684df\" data-element_type=\"widget\" data-e-type=\"widget\" data-widget_type=\"text-editor.default\">\n\t\t\t\t\t\t\t\t\t<p class=\"font_3 wixui-rich-text__text\"><span class=\"wixui-rich-text__text\">To get to Cartaya by road from any point we must look for the A-49 highway and from there we connect national or regional roads depending on our arrival itinerary:<\/span><\/p>\n<p class=\"font_8 wixui-rich-text__text\" style=\"text-align: center;\"><span style=\"color: #004b92;\"><span class=\"wixui-rich-text__text\"><span class=\"wixGuard wixui-rich-text__text\"><\/span><\/span><span class=\"wixui-rich-text__text\">Seville \u2013 Cartaya (Highway A-49)<\/span><\/span><\/p>\n<p class=\"font_8 wixui-rich-text__text\" style=\"text-align: center;\"><span style=\"color: #004b92;\"><span class=\"wixui-rich-text__text\"><span class=\"wixGuard wixui-rich-text__text\"><\/span><\/span><span class=\"wixui-rich-text__text\">Lighthouse \u2013 Cartaya (A-22, A-49, N-444 and N-431)<\/span><\/span><\/p>\n<p class=\"font_8 wixui-rich-text__text\" style=\"text-align: center;\"><span style=\"color: #004b92;\"><span class=\"wixui-rich-text__text\"><span class=\"wixGuard wixui-rich-text__text\"><\/span><\/span><span class=\"wixui-rich-text__text\">Huelva \u2013 Cartaya (Take the A-497, A-492 and N-431)<\/span><\/span><\/p>\n<p class=\"font_8 wixui-rich-text__text\" style=\"text-align: center;\"><span style=\"color: #004b92;\"><span class=\"wixui-rich-text__text\"><span class=\"wixGuard wixui-rich-text__text\"><\/span><\/span><span class=\"wixui-rich-text__text\">Cartaya \u2013 El Rompido \u2013 Nuevo Portil (HV-4111 and A-5052)<\/span><\/span><\/p>\t\t\t\t\t\t\t\t<\/div>\n\t\t\t\t<div class=\"elementor-element elementor-element-0d7ab7c elementor-widget elementor-widget-google_maps\" data-id=\"0d7ab7c\" data-element_type=\"widget\" data-e-type=\"widget\" data-widget_type=\"google_maps.default\">\n\t\t\t\t\t\t\t<div class=\"elementor-custom-embed\">\n\t\t\t<iframe loading=\"lazy\"\n\t\t\t\t\tsrc=\"https:\/\/maps.google.com\/maps?q=Autopista%20A-49&#038;t=m&#038;z=15&#038;output=embed&#038;iwloc=near\"\n\t\t\t\t\ttitle=\"Highway A-49\"\n\t\t\t\t\taria-label=\"Highway A-49\"\n\t\t\t><\/iframe>\n\t\t<\/div>\n\t\t\t\t\t\t<\/div>\n\t\t\t\t<div class=\"elementor-element elementor-element-212aa0a elementor-widget elementor-widget-text-editor\" data-id=\"212aa0a\" data-element_type=\"widget\" data-e-type=\"widget\" data-widget_type=\"text-editor.default\">\n\t\t\t\t\t\t\t\t\t<div id=\"comp-jq54eri3\" class=\"HcOXKn c9GqVL QxJLC3 comp-jq54eri3 wixui-rich-text\" data-testid=\"richTextElement\" data-motion-enter=\"done\"><p class=\"font_8 wixui-rich-text__text\"><span class=\"wixui-rich-text__text\">At airports and train stations you have a wide variety of rental car options, however you can also make use of the public bus transport network and the taxis available in the town.<\/span><\/p><p class=\"font_8 wixui-rich-text__text\" style=\"text-align: center;\"><span class=\"wixui-rich-text__text\"><span class=\"wixGuard wixui-rich-text__text\">\u200b<\/span><\/span><span class=\"wixui-rich-text__text\">Buses:\u00a0<a class=\"wixui-rich-text__text\" href=\"http:\/\/www.damas-sa.es\/\" target=\"_blank\" rel=\"noreferrer noopener\">Here you will find all the routes, schedules and fares<\/a><\/span><\/p><\/div><div id=\"comp-jq54rhu8\" class=\"HcOXKn c9GqVL QxJLC3 comp-jq54rhu8 wixui-rich-text\" data-testid=\"richTextElement\" data-motion-enter=\"done\"><p class=\"font_8 wixui-rich-text__text\" style=\"text-align: center;\"><strong><span class=\"wixui-rich-text__text\">TAXIS<\/span><\/strong><\/p><p class=\"font_8 wixui-rich-text__text\" style=\"text-align: center;\"><span class=\"wixui-rich-text__text\"><span class=\"wixGuard wixui-rich-text__text\">\u200b<\/span><\/span><span class=\"wixui-rich-text__text\">Antonio Novoa<\/span><\/p><p class=\"font_8 wixui-rich-text__text\" style=\"text-align: center;\"><span class=\"wixui-rich-text__text\"><a class=\"wixui-rich-text__text\" href=\"tel:+34 606 147 166\">606 147 166<\/a><\/span><\/p><p class=\"font_8 wixui-rich-text__text\" style=\"text-align: center;\"><span class=\"wixui-rich-text__text\"><span class=\"wixGuard wixui-rich-text__text\">\u200b<\/span><\/span><span class=\"wixui-rich-text__text\">Loli Escudero \u00a0<\/span><\/p><p class=\"font_8 wixui-rich-text__text\" style=\"text-align: center;\"><span class=\"wixui-rich-text__text\"><a class=\"wixui-rich-text__text\" href=\"tel:+34 654 533 720\">654 533 720<\/a><\/span><\/p><p class=\"font_8 wixui-rich-text__text\" style=\"text-align: center;\"><span class=\"wixui-rich-text__text\"><span class=\"wixGuard wixui-rich-text__text\">\u200b<\/span><\/span><span class=\"wixui-rich-text__text\">Francisco Navea<\/span><\/p><p class=\"font_8 wixui-rich-text__text\" style=\"text-align: center;\"><span class=\"wixui-rich-text__text\"><a class=\"wixui-rich-text__text\" href=\"tel:+34 689 109 203\">689 109 203<\/a><\/span><\/p><p class=\"font_8 wixui-rich-text__text\" style=\"text-align: center;\"><span class=\"wixui-rich-text__text\"><span class=\"wixGuard wixui-rich-text__text\">\u200b<\/span><\/span><span class=\"wixui-rich-text__text\">Emilio Navea<\/span><\/p><p class=\"font_8 wixui-rich-text__text\" style=\"text-align: center;\"><span class=\"wixui-rich-text__text\"><a class=\"wixui-rich-text__text\" href=\"tel:+34 608 412 978\">608 412 978<\/a><\/span><\/p><p class=\"font_8 wixui-rich-text__text\" style=\"text-align: center;\"><span class=\"wixui-rich-text__text\"><span class=\"wixGuard wixui-rich-text__text\">\u200b<\/span><\/span><span class=\"wixui-rich-text__text\">Jos\u00e9 Mar\u00eda Mart\u00edn<\/span><\/p><p class=\"font_8 wixui-rich-text__text\" style=\"text-align: center;\"><span class=\"wixui-rich-text__text\"><a class=\"wixui-rich-text__text\" href=\"tel:+34 625 481 001\">625 481 001<\/a><\/span><\/p><p class=\"font_8 wixui-rich-text__text\" style=\"text-align: center;\"><span class=\"wixui-rich-text__text\"><span class=\"wixGuard wixui-rich-text__text\">\u200b<\/span><\/span><span class=\"wixui-rich-text__text\">Francisco Gonzalez<\/span><\/p><p class=\"font_8 wixui-rich-text__text\" style=\"text-align: center;\"><span class=\"wixui-rich-text__text\"><a class=\"wixui-rich-text__text\" href=\"tel:+34 959 390 450\">959 390 450<\/a>\u00a0<\/span><\/p><p class=\"font_8 wixui-rich-text__text\" style=\"text-align: center;\"><span class=\"wixui-rich-text__text\"><a class=\"wixui-rich-text__text\" href=\"tel:+34 626 957 803\">626 957 803<\/a><\/span><\/p><p class=\"font_8 wixui-rich-text__text\" style=\"text-align: center;\"><span class=\"wixui-rich-text__text\"><span class=\"wixGuard wixui-rich-text__text\">\u200b<\/span><\/span><span class=\"wixui-rich-text__text\">Francisco Manuel Diaz<\/span><\/p><p class=\"font_8 wixui-rich-text__text\" style=\"text-align: center;\"><span class=\"wixui-rich-text__text\"><a class=\"wixui-rich-text__text\" href=\"tel:+34 644 088 799\">644 088 799<\/a><\/span><\/p><\/div>\t\t\t\t\t\t\t\t<\/div>\n\t\t\t\t<div class=\"elementor-element elementor-element-bbcab11 elementor-widget elementor-widget-heading\" data-id=\"bbcab11\" data-element_type=\"widget\" data-e-type=\"widget\" data-widget_type=\"heading.default\">\n\t\t\t\t\t<h2 class=\"elementor-heading-title elementor-size-default\">By plane<\/h2>\t\t\t\t<\/div>\n\t\t\t\t<div class=\"elementor-element elementor-element-e8da1eb elementor-widget elementor-widget-text-editor\" data-id=\"e8da1eb\" data-element_type=\"widget\" data-e-type=\"widget\" data-widget_type=\"text-editor.default\">\n\t\t\t\t\t\t\t\t\t<p style=\"text-align: center;\">The two closest airports you can reach are listed below:<br \/>\u200b<br \/><span style=\"color: #004b92;\"><strong>Seville Airport \u2013 AENA<\/strong><\/span><\/p><p style=\"text-align: center;\">Address: Carretera Nacional IV Madrid-C\u00e1diz, Km 532. 41920 (Seville, Spain)<\/p><p style=\"text-align: center;\">Telephone: 91 321 10 00 \/ 902 404 704<\/p><p style=\"text-align: center;\">Fax: 954 449 025<\/p><p style=\"text-align: center;\">Email: svqcas@aena.es<\/p><p style=\"text-align: center;\">Web: aena-aeropuertos.es<\/p>\t\t\t\t\t\t\t\t<\/div>\n\t\t\t\t<div class=\"elementor-element elementor-element-0e32619 elementor-widget elementor-widget-google_maps\" data-id=\"0e32619\" data-element_type=\"widget\" data-e-type=\"widget\" data-widget_type=\"google_maps.default\">\n\t\t\t\t\t\t\t<div class=\"elementor-custom-embed\">\n\t\t\t<iframe loading=\"lazy\"\n\t\t\t\t\tsrc=\"https:\/\/maps.google.com\/maps?q=Aeropuerto%20de%20Sevilla&#038;t=m&#038;z=15&#038;output=embed&#038;iwloc=near\"\n\t\t\t\t\ttitle=\"Seville Airport\"\n\t\t\t\t\taria-label=\"Seville Airport\"\n\t\t\t><\/iframe>\n\t\t<\/div>\n\t\t\t\t\t\t<\/div>\n\t\t\t\t<div class=\"elementor-element elementor-element-067d726 elementor-widget elementor-widget-text-editor\" data-id=\"067d726\" data-element_type=\"widget\" data-e-type=\"widget\" data-widget_type=\"text-editor.default\">\n\t\t\t\t\t\t\t\t\t<p class=\"font_3 wixui-rich-text__text\" style=\"text-align: center;\"><span style=\"color: #004b92;\"><strong><span class=\"wixui-rich-text__text\">Faro International Airport<\/span><\/strong><\/span><\/p><p class=\"font_8 wixui-rich-text__text\" style=\"text-align: center;\"><span class=\"wixui-rich-text__text\">Address: Faro International Airport, 8001-701 (Faro, Portugal)<\/span><\/p><p class=\"font_8 wixui-rich-text__text\" style=\"text-align: center;\"><span class=\"wixui-rich-text__text\">Telephone: +351 289 800 800<\/span><\/p><p class=\"font_8 wixui-rich-text__text\" style=\"text-align: center;\"><span class=\"wixui-rich-text__text\">Fax: +351 289 818 802<\/span><\/p><p class=\"font_8 wixui-rich-text__text\" style=\"text-align: center;\"><span class=\"wixui-rich-text__text\">E-mail:\u00a0<a class=\"wixui-rich-text__text\">contactar@ana.pt<\/a><\/span><\/p><p class=\"font_8 wixui-rich-text__text\" style=\"text-align: center;\"><span class=\"wixui-rich-text__text\">Web:\u00a0<a class=\"wixui-rich-text__text\">ana.pt<\/a><\/span><\/p><p class=\"font_8 wixui-rich-text__text\" style=\"text-align: center;\"><span class=\"wixui-rich-text__text\"><span class=\"wixGuard wixui-rich-text__text\">\u200b<\/span><\/span><span class=\"wixui-rich-text__text\">From Seville and Faro you must continue your journey towards Cartaya by road.<\/span><\/p>\t\t\t\t\t\t\t\t<\/div>\n\t\t\t\t<div class=\"elementor-element elementor-element-0c02294 elementor-widget elementor-widget-google_maps\" data-id=\"0c02294\" data-element_type=\"widget\" data-e-type=\"widget\" data-widget_type=\"google_maps.default\">\n\t\t\t\t\t\t\t<div class=\"elementor-custom-embed\">\n\t\t\t<iframe loading=\"lazy\"\n\t\t\t\t\tsrc=\"https:\/\/maps.google.com\/maps?q=Aeropuerto%20de%20Faro&#038;t=m&#038;z=15&#038;output=embed&#038;iwloc=near\"\n\t\t\t\t\ttitle=\"Faro Airport\"\n\t\t\t\t\taria-label=\"Faro Airport\"\n\t\t\t><\/iframe>\n\t\t<\/div>\n\t\t\t\t\t\t<\/div>\n\t\t\t\t<div class=\"elementor-element elementor-element-27bfe65 elementor-widget elementor-widget-heading\" data-id=\"27bfe65\" data-element_type=\"widget\" data-e-type=\"widget\" data-widget_type=\"heading.default\">\n\t\t\t\t\t<h2 class=\"elementor-heading-title elementor-size-default\">By train<\/h2>\t\t\t\t<\/div>\n\t\t\t\t<div class=\"elementor-element elementor-element-0215a7a elementor-widget elementor-widget-text-editor\" data-id=\"0215a7a\" data-element_type=\"widget\" data-e-type=\"widget\" data-widget_type=\"text-editor.default\">\n\t\t\t\t\t\t\t\t\t<p class=\"font_8 wixui-rich-text__text\"><span class=\"wixui-rich-text__text\">These are the two closest train stations:<\/span><\/p><p class=\"font_8 wixui-rich-text__text\"><span style=\"color: #004b92;\"><strong><span class=\"wixui-rich-text__text\"><span class=\"wixGuard wixui-rich-text__text\">\u200b<\/span><\/span><span class=\"wixui-rich-text__text\">Huelva railway station<\/span><\/strong><\/span><\/p><p class=\"font_8 wixui-rich-text__text\"><span class=\"wixui-rich-text__text\">Address: Paraje Las Metas<\/span><\/p><p class=\"font_8 wixui-rich-text__text\"><span class=\"wixui-rich-text__text\">Telephone: 959 245 614<\/span><\/p><p class=\"font_8 wixui-rich-text__text\"><span class=\"wixui-rich-text__text\">Web:\u00a0<a class=\"wixui-rich-text__text\" href=\"http:\/\/renfe.com\/\" target=\"_blank\" rel=\"noreferrer noopener\">renfe.com<\/a><\/span><\/p>\t\t\t\t\t\t\t\t<\/div>\n\t\t\t\t<div class=\"elementor-element elementor-element-9c1feca elementor-widget elementor-widget-google_maps\" data-id=\"9c1feca\" data-element_type=\"widget\" data-e-type=\"widget\" data-widget_type=\"google_maps.default\">\n\t\t\t\t\t\t\t<div class=\"elementor-custom-embed\">\n\t\t\t<iframe loading=\"lazy\"\n\t\t\t\t\tsrc=\"https:\/\/maps.google.com\/maps?q=Estaci%C3%B3n%20de%20Ferrocarril%20Huelva&#038;t=m&#038;z=15&#038;output=embed&#038;iwloc=near\"\n\t\t\t\t\ttitle=\"Huelva Railway Station\"\n\t\t\t\t\taria-label=\"Huelva Railway Station\"\n\t\t\t><\/iframe>\n\t\t<\/div>\n\t\t\t\t\t\t<\/div>\n\t\t\t\t<div class=\"elementor-element elementor-element-5e0a1c5 elementor-widget elementor-widget-text-editor\" data-id=\"5e0a1c5\" data-element_type=\"widget\" data-e-type=\"widget\" data-widget_type=\"text-editor.default\">\n\t\t\t\t\t\t\t\t\t<p class=\"font_8 wixui-rich-text__text\"><span style=\"color: #004b92;\"><strong><span class=\"wixui-rich-text__text\">Santa Justa Station in Seville<\/span><\/strong><\/span><\/p><p class=\"font_8 wixui-rich-text__text\"><span class=\"wixui-rich-text__text\">Address: Avda. de Kansas City s\/n. (Sevilla Spain)<\/span><\/p><p class=\"font_8 wixui-rich-text__text\"><span class=\"wixui-rich-text__text\">Telephone: 902 240 202<\/span><\/p><p class=\"font_8 wixui-rich-text__text\"><span class=\"wixui-rich-text__text\">International Information: 902 243 402<\/span><\/p><p class=\"font_8 wixui-rich-text__text\"><span class=\"wixui-rich-text__text\">Web:\u00a0<a class=\"wixui-rich-text__text\" href=\"http:\/\/renfe.com\/\" target=\"_blank\" rel=\"noreferrer noopener\">renfe.com<\/a><\/span><\/p><p class=\"font_8 wixui-rich-text__text\"><span class=\"wixui-rich-text__text\"><span class=\"wixGuard wixui-rich-text__text\">\u200b<\/span><\/span><span class=\"wixui-rich-text__text\">From there, you must use road transportation to reach Cartaya.<\/span><\/p><p class=\"font_8 wixui-rich-text__text\">\u00a0<\/p>\t\t\t\t\t\t\t\t<\/div>\n\t\t\t\t<div class=\"elementor-element elementor-element-fd60e09 elementor-widget elementor-widget-google_maps\" data-id=\"fd60e09\" data-element_type=\"widget\" data-e-type=\"widget\" data-widget_type=\"google_maps.default\">\n\t\t\t\t\t\t\t<div class=\"elementor-custom-embed\">\n\t\t\t<iframe loading=\"lazy\"\n\t\t\t\t\tsrc=\"https:\/\/maps.google.com\/maps?q=Estaci%C3%B3n%20Santa%20Justa%20Sevilla&#038;t=m&#038;z=15&#038;output=embed&#038;iwloc=near\"\n\t\t\t\t\ttitle=\"Santa Justa Station Seville\"\n\t\t\t\t\taria-label=\"Santa Justa Station Seville\"\n\t\t\t><\/iframe>\n\t\t<\/div>\n\t\t\t\t\t\t<\/div>\n\t\t\t\t<\/div>\n\t\t\t\t<\/div>","protected":false},"excerpt":{"rendered":"<p>\u00bfC\u00d3MO LLEGAR? Por carretera Para llegar a Cartaya por carretera desde cualquier punto debemos buscar la autopista A-49 y desde ella enlazamos carreteras nacionales o auton\u00f3micas en funci\u00f3n de nuestro itinerario de llegada: Sevilla &#8211; Cartaya (Autopista A-49) Faro &#8211; Cartaya (A-22, A-49, N-444 y N-431) Huelva &#8211; Cartaya (Toma la A-497, A-492 y N-431) [&hellip;]<\/p>\n","protected":false},"author":1,"featured_media":0,"parent":0,"menu_order":0,"comment_status":"closed","ping_status":"closed","template":"elementor_header_footer","meta":{"slim_seo":{"title":"How to get there? | Cartaya Tourism","description":"Discover the best way to get to Cartaya."},"footnotes":""},"class_list":["post-861","page","type-page","status-publish","hentry"],"_links":{"self":[{"href":"https:\/\/turismocartaya.com\/en\/wp-json\/wp\/v2\/pages\/861","targetHints":{"allow":["GET"]}}],"collection":[{"href":"https:\/\/turismocartaya.com\/en\/wp-json\/wp\/v2\/pages"}],"about":[{"href":"https:\/\/turismocartaya.com\/en\/wp-json\/wp\/v2\/types\/page"}],"author":[{"embeddable":true,"href":"https:\/\/turismocartaya.com\/en\/wp-json\/wp\/v2\/users\/1"}],"replies":[{"embeddable":true,"href":"https:\/\/turismocartaya.com\/en\/wp-json\/wp\/v2\/comments?post=861"}],"version-history":[{"count":0,"href":"https:\/\/turismocartaya.com\/en\/wp-json\/wp\/v2\/pages\/861\/revisions"}],"wp:attachment":[{"href":"https:\/\/turismocartaya.com\/en\/wp-json\/wp\/v2\/media?parent=861"}],"curies":[{"name":"wp","href":"https:\/\/api.w.org\/{rel}","templated":true}]}}