{"id":2922,"date":"2025-07-30T02:07:34","date_gmt":"2025-07-30T00:07:34","guid":{"rendered":"https:\/\/turismocartaya.com\/?page_id=2922"},"modified":"2025-07-30T02:26:14","modified_gmt":"2025-07-30T00:26:14","slug":"feria-de-octubre","status":"publish","type":"page","link":"https:\/\/turismocartaya.com\/en\/feria-de-octubre\/","title":{"rendered":"October Fair"},"content":{"rendered":"<div data-elementor-type=\"wp-page\" data-elementor-id=\"2922\" class=\"elementor elementor-2922\" data-elementor-post-type=\"page\">\n\t\t\t\t<div class=\"elementor-element elementor-element-61bd39c e-con-full e-flex elementor-invisible e-con e-parent\" data-id=\"61bd39c\" data-element_type=\"container\" data-e-type=\"container\" data-settings=\"{&quot;background_background&quot;:&quot;classic&quot;,&quot;shape_divider_bottom&quot;:&quot;waves&quot;,&quot;animation&quot;:&quot;fadeIn&quot;,&quot;animation_mobile&quot;:&quot;fadeInUp&quot;}\">\n\t\t\t\t<div class=\"elementor-shape elementor-shape-bottom\" aria-hidden=\"true\" data-negative=\"false\">\n\t\t\t<svg xmlns=\"http:\/\/www.w3.org\/2000\/svg\" viewbox=\"0 0 1000 100\" preserveaspectratio=\"none\">\n\t<path class=\"elementor-shape-fill\" d=\"M421.9,6.5c22.6-2.5,51.5,0.4,75.5,5.3c23.6,4.9,70.9,23.5,100.5,35.7c75.8,32.2,133.7,44.5,192.6,49.7\tc23.6,2.1,48.7,3.5,103.4-2.5c54.7-6,106.2-25.6,106.2-25.6V0H0v30.3c0,0,72,32.6,158.4,30.5c39.2-0.7,92.8-6.7,134-22.4\tc21.2-8.1,52.2-18.2,79.7-24.2C399.3,7.9,411.6,7.5,421.9,6.5z\"\/>\n<\/svg>\t\t<\/div>\n\t\t\t\t<\/div>\n\t\t<div class=\"elementor-element elementor-element-444ef14 e-flex e-con-boxed elementor-invisible e-con e-parent\" data-id=\"444ef14\" data-element_type=\"container\" data-e-type=\"container\" data-settings=\"{&quot;animation&quot;:&quot;fadeIn&quot;,&quot;animation_mobile&quot;:&quot;fadeInUp&quot;}\">\n\t\t\t\t\t<div class=\"e-con-inner\">\n\t\t\t\t<div class=\"elementor-element elementor-element-21bf172 elementor-widget elementor-widget-heading\" data-id=\"21bf172\" data-element_type=\"widget\" data-e-type=\"widget\" data-widget_type=\"heading.default\">\n\t\t\t\t\t<h1 class=\"elementor-heading-title elementor-size-default\">\u201cDECADES OF HISTORY, PRIDE OF A PEOPLE\u201d<\/h1>\t\t\t\t<\/div>\n\t\t\t\t<div class=\"elementor-element elementor-element-56faaa6 elementor-widget elementor-widget-heading\" data-id=\"56faaa6\" data-element_type=\"widget\" data-e-type=\"widget\" data-widget_type=\"heading.default\">\n\t\t\t\t\t<h2 class=\"elementor-heading-title elementor-size-default\">October Fair<\/h2>\t\t\t\t<\/div>\n\t\t\t\t<div class=\"elementor-element elementor-element-c47542b elementor-widget elementor-widget-text-editor\" data-id=\"c47542b\" data-element_type=\"widget\" data-e-type=\"widget\" data-widget_type=\"text-editor.default\">\n\t\t\t\t\t\t\t\t\t<p>Every autumn, Cartaya is filled with lights, music and joy, its most anticipated event arrives: <strong>The Industrial, Commercial and Livestock Fair in honor of the Virgin of the Rosary<\/strong>, patron saint of the town.<\/p><p>With more than 60 years of history, this fair is much more than a celebration; it&#039;s the most authentic expression of our roots, our devotion, and the hospitality that characterizes our people.<\/p><p>Since its first edition in 1964, the Cartaya Fair has established itself as one of the province&#039;s major festive and cultural landmarks, combining tradition and fun in a unique atmosphere that captivates residents and visitors alike.<\/p><p>Cartaya has a fair with soul, for 5 days it becomes a great showcase:<\/p><ul style=\"list-style-type: disc;\"><li>\u00a0A livestock, agricultural, automotive, and trade show highlighting the work and wealth of our land.<\/li><li>Booths that offer music, dancing and<strong> typical gastronomy of our town<\/strong>, where the party goes on until late into the night.<\/li><li>The most emotional moment comes with the <strong>procession of the Virgin of the Rosary<\/strong>, when devotion runs through our streets.<\/li><\/ul><p style=\"text-align: center;\"><strong>Come live it<\/strong><br \/>In the middle of autumn, Cartaya awaits you to show you its most authentic side.<br \/>Lights, traditions, joy, and devotion in a festival that makes history every year.<br \/><strong>Experience the Cartaya October Fair!<\/strong><\/p><p style=\"text-align: center;\"><em>Decades of history. Decades of pride. And always with open arms for you.<\/em><\/p>\t\t\t\t\t\t\t\t<\/div>\n\t\t\t\t<div class=\"elementor-element elementor-element-3054e9f elementor-align-center elementor-widget elementor-widget-button\" data-id=\"3054e9f\" data-element_type=\"widget\" data-e-type=\"widget\" data-widget_type=\"button.default\">\n\t\t\t\t\t\t\t\t\t\t<a class=\"elementor-button elementor-button-link elementor-size-sm\" href=\"https:\/\/cartaya.es\/es\/areas-municipales\/revista-de-feria\">\n\t\t\t\t\t\t<span class=\"elementor-button-content-wrapper\">\n\t\t\t\t\t\t\t\t\t<span class=\"elementor-button-text\">Fair Magazine<\/span>\n\t\t\t\t\t<\/span>\n\t\t\t\t\t<\/a>\n\t\t\t\t\t\t\t\t<\/div>\n\t\t\t\t\t<\/div>\n\t\t\t\t<\/div>\n\t\t\t\t<\/div>","protected":false},"excerpt":{"rendered":"<p>\u201cD\u00c9CADAS DE HISTORIA, ORGULLO DE UN PUEBLO\u201d Feria de Octubre Cada oto\u00f1o, Cartaya se llena de luces, m\u00fasica y alegr\u00eda, llega su cita m\u00e1s esperada: La Feria Industrial, Comercial y Ganadera en honor a la Virgen del Rosario, patrona de la localidad. Con m\u00e1s de 60 a\u00f1os de historia, esta feria es mucho m\u00e1s que [&hellip;]<\/p>\n","protected":false},"author":1,"featured_media":0,"parent":0,"menu_order":0,"comment_status":"closed","ping_status":"closed","template":"","meta":{"slim_seo":{"title":"Feria de Octubre | Turismo Cartaya, El Rompido y Nuevo Portil","description":"Cada oto\u00f1o, Cartaya se llena de luces, m\u00fasica y alegr\u00eda, llega su cita m\u00e1s esperada: La Feria Industrial, Comercial y Ganadera en honor a la Virgen del Rosario, patrona de la localidad."},"footnotes":""},"class_list":["post-2922","page","type-page","status-publish","hentry"],"_links":{"self":[{"href":"https:\/\/turismocartaya.com\/en\/wp-json\/wp\/v2\/pages\/2922","targetHints":{"allow":["GET"]}}],"collection":[{"href":"https:\/\/turismocartaya.com\/en\/wp-json\/wp\/v2\/pages"}],"about":[{"href":"https:\/\/turismocartaya.com\/en\/wp-json\/wp\/v2\/types\/page"}],"author":[{"embeddable":true,"href":"https:\/\/turismocartaya.com\/en\/wp-json\/wp\/v2\/users\/1"}],"replies":[{"embeddable":true,"href":"https:\/\/turismocartaya.com\/en\/wp-json\/wp\/v2\/comments?post=2922"}],"version-history":[{"count":0,"href":"https:\/\/turismocartaya.com\/en\/wp-json\/wp\/v2\/pages\/2922\/revisions"}],"wp:attachment":[{"href":"https:\/\/turismocartaya.com\/en\/wp-json\/wp\/v2\/media?parent=2922"}],"curies":[{"name":"wp","href":"https:\/\/api.w.org\/{rel}","templated":true}]}}