{"id":444,"date":"2024-05-14T14:32:37","date_gmt":"2024-05-14T14:32:37","guid":{"rendered":"https:\/\/turismocartaya.com\/?page_id=444"},"modified":"2024-11-14T11:49:08","modified_gmt":"2024-11-14T11:49:08","slug":"ermita-de-ntra-sra-de-consolacion","status":"publish","type":"page","link":"https:\/\/turismocartaya.com\/de\/ermita-de-ntra-sra-de-consolacion\/","title":{"rendered":"Einsiedelei Unserer Lieben Frau vom Trost"},"content":{"rendered":"<div data-elementor-type=\"wp-page\" data-elementor-id=\"444\" class=\"elementor elementor-444\" data-elementor-post-type=\"page\">\n\t\t\t\t<div class=\"elementor-element elementor-element-11a9c21 e-flex e-con-boxed e-con e-parent\" data-id=\"11a9c21\" data-element_type=\"container\" data-e-type=\"container\" data-settings=\"{&quot;background_background&quot;:&quot;classic&quot;}\">\n\t\t\t\t\t<div class=\"e-con-inner\">\n\t\t\t\t<div class=\"elementor-element elementor-element-cfd0339 elementor-widget elementor-widget-heading\" data-id=\"cfd0339\" data-element_type=\"widget\" data-e-type=\"widget\" data-widget_type=\"heading.default\">\n\t\t\t\t\t<h2 class=\"elementor-heading-title elementor-size-default\">Einsiedelei Unserer Lieben Frau vom Trost<\/h2>\t\t\t\t<\/div>\n\t\t\t\t<div class=\"elementor-element elementor-element-d218772 elementor-widget elementor-widget-heading\" data-id=\"d218772\" data-element_type=\"widget\" data-e-type=\"widget\" data-widget_type=\"heading.default\">\n\t\t\t\t\t<h2 class=\"elementor-heading-title elementor-size-default\">8<\/h2>\t\t\t\t<\/div>\n\t\t\t\t\t<\/div>\n\t\t\t\t<\/div>\n\t\t<div class=\"elementor-element elementor-element-cf90e19 e-flex e-con-boxed e-con e-parent\" data-id=\"cf90e19\" data-element_type=\"container\" data-e-type=\"container\">\n\t\t\t\t\t<div class=\"e-con-inner\">\n\t\t<div class=\"elementor-element elementor-element-e11d507 e-con-full e-flex e-con e-child\" data-id=\"e11d507\" data-element_type=\"container\" data-e-type=\"container\">\n\t\t\t\t<div class=\"elementor-element elementor-element-8cb6492 elementor-widget elementor-widget-image\" data-id=\"8cb6492\" data-element_type=\"widget\" data-e-type=\"widget\" data-widget_type=\"image.default\">\n\t\t\t\t\t\t\t\t\t\t\t\t\t\t\t<img fetchpriority=\"high\" decoding=\"async\" width=\"800\" height=\"600\" src=\"https:\/\/turismocartaya.com\/wp-content\/uploads\/2024\/05\/DSCN1854.webp\" class=\"attachment-large size-large wp-image-446\" alt=\"Ermita de Ntra. Sra. de Consolaci\u00f3n\" srcset=\"https:\/\/turismocartaya.com\/wp-content\/uploads\/2024\/05\/DSCN1854.webp 1024w, https:\/\/turismocartaya.com\/wp-content\/uploads\/2024\/05\/DSCN1854-300x225.webp 300w, https:\/\/turismocartaya.com\/wp-content\/uploads\/2024\/05\/DSCN1854-768x576.webp 768w\" sizes=\"(max-width: 800px) 100vw, 800px\" \/>\t\t\t\t\t\t\t\t\t\t\t\t\t\t\t<\/div>\n\t\t\t\t<\/div>\n\t\t<div class=\"elementor-element elementor-element-9e04456 e-con-full e-flex e-con e-child\" data-id=\"9e04456\" data-element_type=\"container\" data-e-type=\"container\">\n\t\t\t\t<div class=\"elementor-element elementor-element-5857821 elementor-widget elementor-widget-text-editor\" data-id=\"5857821\" data-element_type=\"widget\" data-e-type=\"widget\" data-widget_type=\"text-editor.default\">\n\t\t\t\t\t\t\t\t\t<div id=\"bgLayers_comp-kzx6gkm3\" class=\"MW5IWV\" data-hook=\"bgLayers\" data-motion-part=\"BG_LAYER\"><div id=\"bgMedia_comp-kzx6gkm3\" class=\"VgO9Yg\" data-motion-part=\"BG_MEDIA\">\u00a0<\/div><\/div><div class=\"\" data-mesh-id=\"comp-kzx6gkm3inlineContent\" data-testid=\"inline-content\"><div data-mesh-id=\"comp-kzx6gkm3inlineContent-gridContainer\" data-testid=\"mesh-container-content\"><div id=\"comp-kzx6gkm7\" class=\"HcOXKn c9GqVL QxJLC3 comp-kzx6gkm7 wixui-rich-text\" data-testid=\"richTextElement\" data-motion-enter=\"done\"><p class=\"font_8 wixui-rich-text__text\"><span class=\"wixui-rich-text__text\">Es wurde im 16. Jahrhundert von einem Indianer gegr\u00fcndet und weist einen klaren andalusischen Barockstil auf. Es besteht aus einem Schiff mit drei Schiffen, die durch Galerien mit drei Halbkreisb\u00f6gen getrennt sind und von S\u00e4ulen mit kreuzf\u00f6rmigem Querschnitt getragen werden. Unserer Lieben Frau vom Trost gewidmet.<\/span><\/p><\/div><\/div><\/div>\t\t\t\t\t\t\t\t<\/div>\n\t\t<div class=\"elementor-element elementor-element-e4a01d0 e-grid e-con-boxed e-con e-child\" data-id=\"e4a01d0\" data-element_type=\"container\" data-e-type=\"container\">\n\t\t\t\t\t<div class=\"e-con-inner\">\n\t\t\t\t<div class=\"elementor-element elementor-element-51ccc12 elementor-view-default elementor-widget elementor-widget-icon\" data-id=\"51ccc12\" data-element_type=\"widget\" data-e-type=\"widget\" data-widget_type=\"icon.default\">\n\t\t\t\t\t\t\t<div class=\"elementor-icon-wrapper\">\n\t\t\t<a class=\"elementor-icon\" href=\"https:\/\/turismocartaya.com\/de\/mapa-cartaya\/\">\n\t\t\t<svg aria-hidden=\"true\" class=\"e-font-icon-svg e-fas-arrow-left\" viewbox=\"0 0 448 512\" xmlns=\"http:\/\/www.w3.org\/2000\/svg\"><path d=\"M257.5 445.1l-22.2 22.2c-9.4 9.4-24.6 9.4-33.9 0L7 273c-9.4-9.4-9.4-24.6 0-33.9L201.4 44.7c9.4-9.4 24.6-9.4 33.9 0l22.2 22.2c9.5 9.5 9.3 25-.4 34.3L136.6 216H424c13.3 0 24 10.7 24 24v32c0 13.3-10.7 24-24 24H136.6l120.5 114.8c9.8 9.3 10 24.8.4 34.3z\"><\/path><\/svg>\t\t\t<\/a>\n\t\t<\/div>\n\t\t\t\t\t\t<\/div>\n\t\t\t\t<div class=\"elementor-element elementor-element-b7c0d9f elementor-widget elementor-widget-button\" data-id=\"b7c0d9f\" data-element_type=\"widget\" data-e-type=\"widget\" data-widget_type=\"button.default\">\n\t\t\t\t\t\t\t\t\t\t<a class=\"elementor-button elementor-button-link elementor-size-sm\" href=\"https:\/\/www.google.com\/maps\/dir\/\/ayuntamiento+cartaya\/data=!4m6!4m5!1m1!4e2!1m2!1m1!1s0xd10337fe511f4bd:0xbe819676f5729e9a?sa=X&#038;ved=2ahUKEwiF5-OZhIT2AhUGQBoKHWaYANAQ9Rd6BAgiEAM\">\n\t\t\t\t\t\t<span class=\"elementor-button-content-wrapper\">\n\t\t\t\t\t\t\t\t\t<span class=\"elementor-button-text\">Wie kommt man?<\/span>\n\t\t\t\t\t<\/span>\n\t\t\t\t\t<\/a>\n\t\t\t\t\t\t\t\t<\/div>\n\t\t\t\t\t<\/div>\n\t\t\t\t<\/div>\n\t\t\t\t<\/div>\n\t\t\t\t\t<\/div>\n\t\t\t\t<\/div>\n\t\t\t\t<\/div>","protected":false},"excerpt":{"rendered":"<p>Einsiedelei Unserer Lieben Frau vom Trost 8 Sie wurde im 16. Jahrhundert von einem Indianer gegr\u00fcndet und weist einen klaren andalusischen Barockstil auf. Sie besteht aus einem Schiff mit drei Schiffen, die durch Galerien mit drei Halbkreisb\u00f6gen getrennt sind und von S\u00e4ulen mit kreuzf\u00f6rmigem Querschnitt getragen werden. Unserer Lieben Frau vom Trost gewidmet. Wie kommt man?<\/p>","protected":false},"author":1,"featured_media":0,"parent":0,"menu_order":0,"comment_status":"closed","ping_status":"closed","template":"elementor_header_footer","meta":{"slim_seo":{"title":"Kapelle Unserer Lieben Frau des Trostes | Cartaya Tourismus","description":"Die im 16. Jahrhundert von einem Indianer gegr\u00fcndete Kirche weist einen deutlichen andalusischen Barockcharakter auf und besteht aus einem dreischiffigen Bau, der durch Galerien aus drei Rundb\u00f6gen getrennt und von kreuzf\u00f6rmigen S\u00e4ulen getragen wird."},"footnotes":""},"class_list":["post-444","page","type-page","status-publish","hentry"],"_links":{"self":[{"href":"https:\/\/turismocartaya.com\/de\/wp-json\/wp\/v2\/pages\/444","targetHints":{"allow":["GET"]}}],"collection":[{"href":"https:\/\/turismocartaya.com\/de\/wp-json\/wp\/v2\/pages"}],"about":[{"href":"https:\/\/turismocartaya.com\/de\/wp-json\/wp\/v2\/types\/page"}],"author":[{"embeddable":true,"href":"https:\/\/turismocartaya.com\/de\/wp-json\/wp\/v2\/users\/1"}],"replies":[{"embeddable":true,"href":"https:\/\/turismocartaya.com\/de\/wp-json\/wp\/v2\/comments?post=444"}],"version-history":[{"count":0,"href":"https:\/\/turismocartaya.com\/de\/wp-json\/wp\/v2\/pages\/444\/revisions"}],"wp:attachment":[{"href":"https:\/\/turismocartaya.com\/de\/wp-json\/wp\/v2\/media?parent=444"}],"curies":[{"name":"wp","href":"https:\/\/api.w.org\/{rel}","templated":true}]}}