{"id":2868,"date":"2025-06-26T21:46:09","date_gmt":"2025-06-26T19:46:09","guid":{"rendered":"https:\/\/turismocartaya.com\/?page_id=2868"},"modified":"2025-06-26T22:03:37","modified_gmt":"2025-06-26T20:03:37","slug":"centro-de-interpretacion-el-faro","status":"publish","type":"page","link":"https:\/\/turismocartaya.com\/de\/centro-de-interpretacion-el-faro\/","title":{"rendered":"Interpretationszentrum El Faro"},"content":{"rendered":"<div data-elementor-type=\"wp-page\" data-elementor-id=\"2868\" class=\"elementor elementor-2868\" data-elementor-post-type=\"page\">\n\t\t\t\t<div class=\"elementor-element elementor-element-76c7dcb e-con-full e-flex elementor-invisible e-con e-parent\" data-id=\"76c7dcb\" data-element_type=\"container\" data-e-type=\"container\" data-settings=\"{&quot;background_background&quot;:&quot;classic&quot;,&quot;shape_divider_bottom&quot;:&quot;waves&quot;,&quot;animation&quot;:&quot;fadeIn&quot;,&quot;animation_mobile&quot;:&quot;fadeInUp&quot;}\">\n\t\t\t\t<div class=\"elementor-shape elementor-shape-bottom\" aria-hidden=\"true\" data-negative=\"false\">\n\t\t\t<svg xmlns=\"http:\/\/www.w3.org\/2000\/svg\" viewbox=\"0 0 1000 100\" preserveaspectratio=\"none\">\n\t<path class=\"elementor-shape-fill\" d=\"M421.9,6.5c22.6-2.5,51.5,0.4,75.5,5.3c23.6,4.9,70.9,23.5,100.5,35.7c75.8,32.2,133.7,44.5,192.6,49.7\tc23.6,2.1,48.7,3.5,103.4-2.5c54.7-6,106.2-25.6,106.2-25.6V0H0v30.3c0,0,72,32.6,158.4,30.5c39.2-0.7,92.8-6.7,134-22.4\tc21.2-8.1,52.2-18.2,79.7-24.2C399.3,7.9,411.6,7.5,421.9,6.5z\"\/>\n<\/svg>\t\t<\/div>\n\t\t\t\t<\/div>\n\t\t<div class=\"elementor-element elementor-element-7b105de e-flex e-con-boxed elementor-invisible e-con e-parent\" data-id=\"7b105de\" data-element_type=\"container\" data-e-type=\"container\" data-settings=\"{&quot;animation&quot;:&quot;fadeIn&quot;,&quot;animation_mobile&quot;:&quot;fadeInUp&quot;}\">\n\t\t\t\t\t<div class=\"e-con-inner\">\n\t\t\t\t<div class=\"elementor-element elementor-element-bb4cb1b elementor-widget elementor-widget-heading\" data-id=\"bb4cb1b\" data-element_type=\"widget\" data-e-type=\"widget\" data-widget_type=\"heading.default\">\n\t\t\t\t\t<h1 class=\"elementor-heading-title elementor-size-default\">INTERPRETATIONSZENTRUM \u201eEL FARO\u201c.<\/h1>\t\t\t\t<\/div>\n\t\t\t\t<div class=\"elementor-element elementor-element-fd1c727 elementor-widget elementor-widget-heading\" data-id=\"fd1c727\" data-element_type=\"widget\" data-e-type=\"widget\" data-widget_type=\"heading.default\">\n\t\t\t\t\t<h2 class=\"elementor-heading-title elementor-size-default\">El Rompido<\/h2>\t\t\t\t<\/div>\n\t\t\t\t\t<\/div>\n\t\t\t\t<\/div>\n\t\t<div class=\"elementor-element elementor-element-cbdcbf1 e-flex e-con-boxed e-con e-parent\" data-id=\"cbdcbf1\" data-element_type=\"container\" data-e-type=\"container\">\n\t\t\t\t\t<div class=\"e-con-inner\">\n\t\t\t\t<div class=\"elementor-element elementor-element-e24eee6 elementor-widget elementor-widget-text-editor\" data-id=\"e24eee6\" data-element_type=\"widget\" data-e-type=\"widget\" data-widget_type=\"text-editor.default\">\n\t\t\t\t\t\t\t\t\t<p>Das El Faro Interpretation Center unterst\u00fctzt die Bem\u00fchungen der Gemeinde, sich als Touristenziel in der Region zu etablieren, indem es eine neue Attraktion bietet, die das kulturelle Angebot bereichert und das Engagement f\u00fcr die Erhaltung und Verbreitung des lokalen historischen Erbes verst\u00e4rkt.<\/p><p>Die Er\u00f6ffnung dieses Zentrums stellt den H\u00f6hepunkt eines Projekts dar, das einem kulturellen Bed\u00fcrfnis gerecht wird, das Tourismusangebot unserer Gemeinde erg\u00e4nzt und zukunftsorientiert ist und sich an den Grunds\u00e4tzen der Nachhaltigkeit, der Wertsch\u00e4tzung der Umwelt und der F\u00f6rderung eines umweltbewussten Tourismus orientiert.<\/p><p>Es handelt sich um ein flexibles Geb\u00e4ude, das Tradition und Innovation vereint und in der Lage ist, eine Ausstellung zu beherbergen, die sowohl traditionelle Medien als auch neue Technologien nutzt, und das alles an einem privilegierten Standort mit Blick auf die Stadt und den Naturpark.\u201c<\/p><p>Es pr\u00e4sentiert auf dynamische Weise die Geschichte der Fischerei in der Gemeinde Cartaya und wirbt gleichzeitig f\u00fcr eine rationelle und nachhaltige Nutzung der Fischereigebiete.<\/p><p>Die Ausstellung ist eine bedeutende kulturelle und touristische Attraktion f\u00fcr die Besucher der K\u00fcstenstadt. In der zentralen Halle k\u00f6nnen sie die Linse des alten Leuchtturms sowie Tafeln mit detaillierten Informationen zu den Wacht\u00fcrmen der Provinz Huelva bewundern und au\u00dferdem eine umfassende Darstellung des reichen Naturerbes der Gegend sehen, in der sie sich befindet.<\/p><p>In den verschiedenen R\u00e4umen finden Besucher zahlreiche Informationen und Bilder \u00fcber den Naturpark Marismas del R\u00edo Piedras y Flecha de El Rompido, seine Feuchtgebiete und seine Vogelwelt, die seinen Status als SPA (Special Bird Protection Area) hervorheben. Es gibt auch einen Raum, der dem Pinienwald von Cartaya gewidmet ist, und zahlreiche Elemente zur Verbindung der K\u00fcstenregion mit der Fischerei. Au\u00dferdem gibt es einen Unterhaltungsbereich f\u00fcr Kinder und interaktive Totems, die den Besuch unterhaltsamer gestalten.<\/p>\t\t\t\t\t\t\t\t<\/div>\n\t\t\t\t<div class=\"elementor-element elementor-element-2db93f1 elementor-widget elementor-widget-image-carousel\" data-id=\"2db93f1\" data-element_type=\"widget\" data-e-type=\"widget\" data-settings=\"{&quot;slides_to_show&quot;:&quot;4&quot;,&quot;slides_to_scroll&quot;:&quot;1&quot;,&quot;navigation&quot;:&quot;none&quot;,&quot;autoplay&quot;:&quot;yes&quot;,&quot;autoplay_speed&quot;:5000,&quot;infinite&quot;:&quot;yes&quot;,&quot;speed&quot;:500,&quot;image_spacing_custom&quot;:{&quot;unit&quot;:&quot;px&quot;,&quot;size&quot;:20,&quot;sizes&quot;:[]},&quot;image_spacing_custom_tablet&quot;:{&quot;unit&quot;:&quot;px&quot;,&quot;size&quot;:&quot;&quot;,&quot;sizes&quot;:[]},&quot;image_spacing_custom_mobile&quot;:{&quot;unit&quot;:&quot;px&quot;,&quot;size&quot;:&quot;&quot;,&quot;sizes&quot;:[]}}\" data-widget_type=\"image-carousel.default\">\n\t\t\t\t\t\t\t<div class=\"elementor-image-carousel-wrapper swiper\" role=\"region\" aria-roledescription=\"carousel\" aria-label=\"Bilderkarussell\" dir=\"ltr\">\n\t\t\t<div class=\"elementor-image-carousel swiper-wrapper\" aria-live=\"off\">\n\t\t\t\t\t\t\t\t<div class=\"swiper-slide\" role=\"group\" aria-roledescription=\"slide\" aria-label=\"1 von 16\"><figure class=\"swiper-slide-inner\"><img decoding=\"async\" class=\"swiper-slide-image\" src=\"https:\/\/turismocartaya.com\/wp-content\/uploads\/elementor\/thumbs\/WhatsApp-Image-2025-06-10-at-10.22.25-r7w2tgmooej4jvegqagza74kw1wa68vd3fi90rey0o.webp\" alt=\"\" \/><\/figure><\/div><div class=\"swiper-slide\" role=\"group\" aria-roledescription=\"slide\" aria-label=\"2 von 16\"><figure class=\"swiper-slide-inner\"><img decoding=\"async\" class=\"swiper-slide-image\" src=\"https:\/\/turismocartaya.com\/wp-content\/uploads\/elementor\/thumbs\/WhatsApp-Image-2025-06-09-at-13.45.08-r7w2szpl9dvyqw31h35p1bea747obp0713rids414o.webp\" alt=\"Whatsapp image 2025 06 09 at 13.45.08\" \/><\/figure><\/div><div class=\"swiper-slide\" role=\"group\" aria-roledescription=\"slide\" aria-label=\"3 von 16\"><figure class=\"swiper-slide-inner\"><img decoding=\"async\" class=\"swiper-slide-image\" src=\"https:\/\/turismocartaya.com\/wp-content\/uploads\/elementor\/thumbs\/img_3843_r-r7w2s5mr6oqsfdaqcq5mtizj6sbxhdos8yvz0xcmns.webp\" alt=\"Img 3843 r\" \/><\/figure><\/div><div class=\"swiper-slide\" role=\"group\" aria-roledescription=\"slide\" aria-label=\"4 von 16\"><figure class=\"swiper-slide-inner\"><img decoding=\"async\" class=\"swiper-slide-image\" src=\"https:\/\/turismocartaya.com\/wp-content\/uploads\/elementor\/thumbs\/img_3849_r_0-r7w2sjqc17a39iq92e91cxfg3kefou8rawo982rq2g.webp\" alt=\"Img 3849 r 0\" \/><\/figure><\/div><div class=\"swiper-slide\" role=\"group\" aria-roledescription=\"slide\" aria-label=\"5 von 16\"><figure class=\"swiper-slide-inner\"><img decoding=\"async\" class=\"swiper-slide-image\" src=\"https:\/\/turismocartaya.com\/wp-content\/uploads\/elementor\/thumbs\/WhatsApp-Image-2025-06-10-at-19.00.14-r7w2y8n5f32lkigltutpghpxlkcgauu8r2w3uebwe0.webp\" alt=\"Whatsapp image 2025 06 10 at 19.00.14\" \/><\/figure><\/div><div class=\"swiper-slide\" role=\"group\" aria-roledescription=\"slide\" aria-label=\"6 von 16\"><figure class=\"swiper-slide-inner\"><img decoding=\"async\" class=\"swiper-slide-image\" src=\"https:\/\/turismocartaya.com\/wp-content\/uploads\/elementor\/thumbs\/WhatsApp-Image-2025-06-10-at-13.31.25-r7w2twlxwl5018r94zdmyl3ezlpit3mstmli6gr92w.webp\" alt=\"Whatsapp image 2025 06 10 at 13.31.25\" \/><\/figure><\/div><div class=\"swiper-slide\" role=\"group\" aria-roledescription=\"slide\" aria-label=\"7 von 16\"><figure class=\"swiper-slide-inner\"><img decoding=\"async\" class=\"swiper-slide-image\" src=\"https:\/\/turismocartaya.com\/wp-content\/uploads\/elementor\/thumbs\/WhatsApp-Image-2025-06-10-at-13.39.00-r7w2uapir3oave6runh1hzjbwds10k6rvkdsdm6chk.webp\" alt=\"Whatsapp image 2025 06 10 at 13.39.00\" \/><\/figure><\/div><div class=\"swiper-slide\" role=\"group\" aria-roledescription=\"slide\" aria-label=\"8 von 16\"><figure class=\"swiper-slide-inner\"><img decoding=\"async\" class=\"swiper-slide-image\" src=\"https:\/\/turismocartaya.com\/wp-content\/uploads\/elementor\/thumbs\/WhatsApp-Image-2025-06-10-at-19.17.11-r7w33rwxnyndxuf5i8ym53fnj929motc6h71l24fqw.webp\" alt=\"Whatsapp image 2025 06 10 at 19.17.11\" \/><\/figure><\/div><div class=\"swiper-slide\" role=\"group\" aria-roledescription=\"slide\" aria-label=\"9 von 16\"><figure class=\"swiper-slide-inner\"><img decoding=\"async\" class=\"swiper-slide-image\" src=\"https:\/\/turismocartaya.com\/wp-content\/uploads\/elementor\/thumbs\/WhatsApp-Image-2025-06-10-at-19.16.18-r7w325mxw8fly0rsyjrqui52pd1idgdzagqxtwiugo.webp\" alt=\"Whatsapp image 2025 06 10 at 19.16.18\" \/><\/figure><\/div><div class=\"swiper-slide\" role=\"group\" aria-roledescription=\"slide\" aria-label=\"10 von 16\"><figure class=\"swiper-slide-inner\"><img decoding=\"async\" class=\"swiper-slide-image\" src=\"https:\/\/turismocartaya.com\/wp-content\/uploads\/elementor\/thumbs\/WhatsApp-Image-2025-06-10-at-19.13.40-r7w30o252oe9k8xmnem0ednsuedl6pha33k9h4qabc.webp\" alt=\"Whatsapp image 2025 06 10 at 19.13.40\" \/><\/figure><\/div><div class=\"swiper-slide\" role=\"group\" aria-roledescription=\"slide\" aria-label=\"11 von 16\"><figure class=\"swiper-slide-inner\"><img decoding=\"async\" class=\"swiper-slide-image\" src=\"https:\/\/turismocartaya.com\/wp-content\/uploads\/elementor\/thumbs\/WhatsApp-Image-2025-06-10-at-19.10.11-r7w2z0ub44578tbn970ijalrf4hgpry6uygo8p637c.webp\" alt=\"Whatsapp image 2025 06 10 at 19.10.11\" \/><\/figure><\/div><div class=\"swiper-slide\" role=\"group\" aria-roledescription=\"slide\" aria-label=\"12 von 16\"><figure class=\"swiper-slide-inner\"><img decoding=\"async\" class=\"swiper-slide-image\" src=\"https:\/\/turismocartaya.com\/wp-content\/uploads\/elementor\/thumbs\/WhatsApp-Image-2025-06-10-at-19.06.41-r7w2ymqq9llwenw4jix3zw5uiceyibe7t0oe1jqzso.webp\" alt=\"Whatsapp image 2025 06 10 at 19.06.41\" \/><\/figure><\/div><div class=\"swiper-slide\" role=\"group\" aria-roledescription=\"slide\" aria-label=\"13 von 16\"><figure class=\"swiper-slide-inner\"><img decoding=\"async\" class=\"swiper-slide-image\" src=\"https:\/\/turismocartaya.com\/wp-content\/uploads\/elementor\/thumbs\/WhatsApp-Image-2025-06-10-at-18.56.17-r7w2xsnw6wgq353tf5x1s3r3i0j7o02t0vsuoozlbs.webp\" alt=\"Whatsapp image 2025 06 10 at 18.56.17\" \/><\/figure><\/div><div class=\"swiper-slide\" role=\"group\" aria-roledescription=\"slide\" aria-label=\"14 von 16\"><figure class=\"swiper-slide-inner\"><img decoding=\"async\" class=\"swiper-slide-image\" src=\"https:\/\/turismocartaya.com\/wp-content\/uploads\/elementor\/thumbs\/WhatsApp-Image-2025-06-10-at-13.48.22-r7w2xhdtww1a7tk7911iy6lkde2t3mu0zbz0xdgbeg.webp\" alt=\"Whatsapp image 2025 06 10 at 13.48.22\" \/><\/figure><\/div><div class=\"swiper-slide\" role=\"group\" aria-roledescription=\"slide\" aria-label=\"15 von 16\"><figure class=\"swiper-slide-inner\"><img decoding=\"async\" class=\"swiper-slide-image\" src=\"https:\/\/turismocartaya.com\/wp-content\/uploads\/elementor\/thumbs\/WhatsApp-Image-2025-06-10-at-13.41.34-r7w2vt85rhqxkrzl0b1eils2cqbbf077f27y7nxigo.webp\" alt=\"Whatsapp image 2025 06 10 at 13.41.34\" \/><\/figure><\/div><div class=\"swiper-slide\" role=\"group\" aria-roledescription=\"slide\" aria-label=\"16 von 16\"><figure class=\"swiper-slide-inner\"><img decoding=\"async\" class=\"swiper-slide-image\" src=\"https:\/\/turismocartaya.com\/wp-content\/uploads\/elementor\/thumbs\/WhatsApp-Image-2025-06-10-at-13.46.07-r7w2vwziitw2v7u4ecnwsktwq9ss9sm4rktw4rrxrs.webp\" alt=\"Whatsapp image 2025 06 10 at 13.46.07\" \/><\/figure><\/div>\t\t\t<\/div>\n\t\t\t\t\t\t\t\n\t\t\t\t\t\t\t\t\t<\/div>\n\t\t\t\t\t\t<\/div>\n\t\t\t\t\t<\/div>\n\t\t\t\t<\/div>\n\t\t\t\t<\/div>","protected":false},"excerpt":{"rendered":"<p>CENTRO DE INTERPRETACI\u00d3N \u201cEL FARO\u201d El Rompido El Centro de Interpretaci\u00f3n El Faro se suma a los esfuerzos del municipio por consolidarse como un referente tur\u00edstico en la regi\u00f3n, ofreciendo un nuevo atractivo que enriquece la oferta cultural y refuerza el compromiso con la conservaci\u00f3n y difusi\u00f3n del patrimonio hist\u00f3rico local. La puesta en marcha [&hellip;]<\/p>\n","protected":false},"author":1,"featured_media":0,"parent":0,"menu_order":0,"comment_status":"closed","ping_status":"closed","template":"","meta":{"slim_seo":{"title":"Centro de Interpretaci\u00f3n El Faro | Turismo Cartaya, El Rompido y Nuevo Portil","description":"Das El Faro Interpretation Center unterst\u00fctzt die Bem\u00fchungen der Gemeinde, sich als Touristenziel in der Region zu etablieren, indem es eine neue Attraktion bietet, die das kulturelle Angebot bereichert und das Engagement f\u00fcr die Erhaltung und Verbreitung des lokalen historischen Erbes verst\u00e4rkt."},"footnotes":""},"class_list":["post-2868","page","type-page","status-publish","hentry"],"_links":{"self":[{"href":"https:\/\/turismocartaya.com\/de\/wp-json\/wp\/v2\/pages\/2868","targetHints":{"allow":["GET"]}}],"collection":[{"href":"https:\/\/turismocartaya.com\/de\/wp-json\/wp\/v2\/pages"}],"about":[{"href":"https:\/\/turismocartaya.com\/de\/wp-json\/wp\/v2\/types\/page"}],"author":[{"embeddable":true,"href":"https:\/\/turismocartaya.com\/de\/wp-json\/wp\/v2\/users\/1"}],"replies":[{"embeddable":true,"href":"https:\/\/turismocartaya.com\/de\/wp-json\/wp\/v2\/comments?post=2868"}],"version-history":[{"count":0,"href":"https:\/\/turismocartaya.com\/de\/wp-json\/wp\/v2\/pages\/2868\/revisions"}],"wp:attachment":[{"href":"https:\/\/turismocartaya.com\/de\/wp-json\/wp\/v2\/media?parent=2868"}],"curies":[{"name":"wp","href":"https:\/\/api.w.org\/{rel}","templated":true}]}}