{"id":21,"date":"2024-04-08T16:25:40","date_gmt":"2024-04-08T16:25:40","guid":{"rendered":"https:\/\/turismocartaya.com\/?page_id=21"},"modified":"2024-11-28T11:08:27","modified_gmt":"2024-11-28T11:08:27","slug":"cartaya","status":"publish","type":"page","link":"https:\/\/turismocartaya.com\/de\/cartaya\/","title":{"rendered":"Cartaya"},"content":{"rendered":"<div data-elementor-type=\"wp-page\" data-elementor-id=\"21\" class=\"elementor elementor-21\" data-elementor-post-type=\"page\">\n\t\t\t\t<div class=\"elementor-element elementor-element-81b9e10 e-con-full e-flex elementor-invisible e-con e-parent\" data-id=\"81b9e10\" data-element_type=\"container\" data-e-type=\"container\" data-settings=\"{&quot;background_background&quot;:&quot;classic&quot;,&quot;shape_divider_bottom&quot;:&quot;waves&quot;,&quot;animation&quot;:&quot;fadeIn&quot;,&quot;animation_mobile&quot;:&quot;fadeInUp&quot;}\">\n\t\t\t\t<div class=\"elementor-shape elementor-shape-bottom\" aria-hidden=\"true\" data-negative=\"false\">\n\t\t\t<svg xmlns=\"http:\/\/www.w3.org\/2000\/svg\" viewbox=\"0 0 1000 100\" preserveaspectratio=\"none\">\n\t<path class=\"elementor-shape-fill\" d=\"M421.9,6.5c22.6-2.5,51.5,0.4,75.5,5.3c23.6,4.9,70.9,23.5,100.5,35.7c75.8,32.2,133.7,44.5,192.6,49.7\tc23.6,2.1,48.7,3.5,103.4-2.5c54.7-6,106.2-25.6,106.2-25.6V0H0v30.3c0,0,72,32.6,158.4,30.5c39.2-0.7,92.8-6.7,134-22.4\tc21.2-8.1,52.2-18.2,79.7-24.2C399.3,7.9,411.6,7.5,421.9,6.5z\"\/>\n<\/svg>\t\t<\/div>\n\t\t\t\t<\/div>\n\t\t<div class=\"elementor-element elementor-element-86a78d6 e-flex e-con-boxed elementor-invisible e-con e-parent\" data-id=\"86a78d6\" data-element_type=\"container\" data-e-type=\"container\" data-settings=\"{&quot;animation&quot;:&quot;fadeIn&quot;,&quot;animation_mobile&quot;:&quot;fadeInUp&quot;}\">\n\t\t\t\t\t<div class=\"e-con-inner\">\n\t\t\t\t<div class=\"elementor-element elementor-element-d6281bd elementor-widget elementor-widget-heading\" data-id=\"d6281bd\" data-element_type=\"widget\" data-e-type=\"widget\" data-widget_type=\"heading.default\">\n\t\t\t\t\t<h2 class=\"elementor-heading-title elementor-size-default\">CARTAYA<\/h2>\t\t\t\t<\/div>\n\t\t\t\t<div class=\"elementor-element elementor-element-a1526fe elementor-widget elementor-widget-heading\" data-id=\"a1526fe\" data-element_type=\"widget\" data-e-type=\"widget\" data-widget_type=\"heading.default\">\n\t\t\t\t\t<h2 class=\"elementor-heading-title elementor-size-default\">Nat\u00fcrlichen Umgebung<\/h2>\t\t\t\t<\/div>\n\t\t\t\t\t<\/div>\n\t\t\t\t<\/div>\n\t\t<div class=\"elementor-element elementor-element-47cfd66 e-flex e-con-boxed e-con e-parent\" data-id=\"47cfd66\" data-element_type=\"container\" data-e-type=\"container\" data-settings=\"{&quot;shape_divider_bottom&quot;:&quot;waves&quot;,&quot;shape_divider_bottom_negative&quot;:&quot;yes&quot;}\">\n\t\t\t\t\t<div class=\"e-con-inner\">\n\t\t\t\t<div class=\"elementor-shape elementor-shape-bottom\" aria-hidden=\"true\" data-negative=\"true\">\n\t\t\t<svg xmlns=\"http:\/\/www.w3.org\/2000\/svg\" viewbox=\"0 0 1000 100\" preserveaspectratio=\"none\">\n\t<path class=\"elementor-shape-fill\" d=\"M790.5,93.1c-59.3-5.3-116.8-18-192.6-50c-29.6-12.7-76.9-31-100.5-35.9c-23.6-4.9-52.6-7.8-75.5-5.3\tc-10.2,1.1-22.6,1.4-50.1,7.4c-27.2,6.3-58.2,16.6-79.4,24.7c-41.3,15.9-94.9,21.9-134,22.6C72,58.2,0,25.8,0,25.8V100h1000V65.3\tc0,0-51.5,19.4-106.2,25.7C839.5,97,814.1,95.2,790.5,93.1z\"\/>\n<\/svg>\t\t<\/div>\n\t\t\t\t<div class=\"elementor-element elementor-element-a669ff8 elementor-widget elementor-widget-text-editor\" data-id=\"a669ff8\" data-element_type=\"widget\" data-e-type=\"widget\" data-widget_type=\"text-editor.default\">\n\t\t\t\t\t\t\t\t\t<p>Cartaya ist eine Gemeinde, die sich nicht nur auf Sonnen- und Strandtourismus konzentriert, sondern dank ihres kulturellen Reichtums und ihrer nat\u00fcrlichen Umgebung, eines Pinienwaldes mit einer Fl\u00e4che von 11.500 Hektar und des Paraje Natural auch eine gro\u00dfe Vielfalt an touristischen Ressourcen bietet. S\u00fcmpfe des Flusses Piedras und Flecha de El Rompido.<\/p><p>Neben den Vier- und F\u00fcnf-Sterne-Luxusresorts mit fast 3.000 Zimmern gibt es drei hochkar\u00e4tige Golfpl\u00e4tze.<\/p><p>Wir engagieren uns f\u00fcr Nachhaltigkeit, indem wir einen technologischen Ansatz mit der Digitalisierung von Informationen anbieten, den lokalen Handel f\u00f6rdern und stets auf den Umweltschutz unserer Umwelt setzen.<\/p><p>Abgerundet wird das Ganze durch ein gro\u00dfes Angebot an Freizeit- und Erholungsaktivit\u00e4ten, die Ihren Aufenthalt unvergesslich machen.<\/p><p>Cartaya ist eine Stadt mit drei Paradiesen, Enklaven mit einem privilegierten Klima, die sie das ganze Jahr \u00fcber zu einem idealen Touristenziel machen.<\/p>\t\t\t\t\t\t\t\t<\/div>\n\t\t\t\t\t<\/div>\n\t\t\t\t<\/div>\n\t\t<div class=\"elementor-element elementor-element-f4374ee e-grid e-con-full e-con e-parent\" data-id=\"f4374ee\" data-element_type=\"container\" data-e-type=\"container\" data-settings=\"{&quot;background_background&quot;:&quot;classic&quot;}\">\n\t\t<div class=\"elementor-element elementor-element-337c4bb e-con-full e-flex elementor-invisible e-con e-child\" data-id=\"337c4bb\" data-element_type=\"container\" data-e-type=\"container\" data-settings=\"{&quot;animation&quot;:&quot;fadeInUp&quot;}\">\n\t\t\t\t<div class=\"elementor-element elementor-element-9e53a6b elementor-widget__width-initial elementor-widget-mobile__width-initial elementor-widget elementor-widget-image\" data-id=\"9e53a6b\" data-element_type=\"widget\" data-e-type=\"widget\" data-widget_type=\"image.default\">\n\t\t\t\t\t\t\t\t\t\t\t\t\t\t\t\t<a href=\"https:\/\/turismocartaya.com\/de\/mapa-cartaya\/\">\n\t\t\t\t\t\t\t<img fetchpriority=\"high\" decoding=\"async\" width=\"800\" height=\"800\" src=\"https:\/\/turismocartaya.com\/wp-content\/uploads\/2024\/04\/Mapa-Cartaya.webp\" class=\"elementor-animation-grow attachment-large size-large wp-image-258\" alt=\"Mapa Cartaya\" srcset=\"https:\/\/turismocartaya.com\/wp-content\/uploads\/2024\/04\/Mapa-Cartaya.webp 1000w, https:\/\/turismocartaya.com\/wp-content\/uploads\/2024\/04\/Mapa-Cartaya-300x300.webp 300w, https:\/\/turismocartaya.com\/wp-content\/uploads\/2024\/04\/Mapa-Cartaya-150x150.webp 150w, https:\/\/turismocartaya.com\/wp-content\/uploads\/2024\/04\/Mapa-Cartaya-768x768.webp 768w\" sizes=\"(max-width: 800px) 100vw, 800px\" \/>\t\t\t\t\t\t\t\t<\/a>\n\t\t\t\t\t\t\t\t\t\t\t\t\t\t\t<\/div>\n\t\t<div class=\"elementor-element elementor-element-17ba337 e-con-full e-flex e-con e-child\" data-id=\"17ba337\" data-element_type=\"container\" data-e-type=\"container\" data-settings=\"{&quot;background_background&quot;:&quot;classic&quot;}\">\n\t\t\t\t<div class=\"elementor-element elementor-element-a4ae525 elementor-widget__width-inherit elementor-widget elementor-widget-heading\" data-id=\"a4ae525\" data-element_type=\"widget\" data-e-type=\"widget\" data-widget_type=\"heading.default\">\n\t\t\t\t\t<h2 class=\"elementor-heading-title elementor-size-default\">Karte<\/h2>\t\t\t\t<\/div>\n\t\t\t\t<div class=\"elementor-element elementor-element-94559a4 elementor-widget elementor-widget-heading\" data-id=\"94559a4\" data-element_type=\"widget\" data-e-type=\"widget\" data-widget_type=\"heading.default\">\n\t\t\t\t\t<h2 class=\"elementor-heading-title elementor-size-default\">Sehensw\u00fcrdigkeiten <\/h2>\t\t\t\t<\/div>\n\t\t\t\t<\/div>\n\t\t\t\t<\/div>\n\t\t<div class=\"elementor-element elementor-element-fb0a919 e-con-full e-flex elementor-invisible e-con e-child\" data-id=\"fb0a919\" data-element_type=\"container\" data-e-type=\"container\" data-settings=\"{&quot;animation&quot;:&quot;fadeInUp&quot;}\">\n\t\t\t\t<div class=\"elementor-element elementor-element-d916df6 elementor-widget__width-initial elementor-widget-mobile__width-initial elementor-widget elementor-widget-image\" data-id=\"d916df6\" data-element_type=\"widget\" data-e-type=\"widget\" data-widget_type=\"image.default\">\n\t\t\t\t\t\t\t\t\t\t\t\t\t\t\t\t<a href=\"https:\/\/turismocartaya.com\/de\/donde-comer\/\">\n\t\t\t\t\t\t\t<img decoding=\"async\" src=\"https:\/\/turismocartaya.com\/wp-content\/uploads\/2024\/04\/El-Rompido_15.jpg\" title=\"\" alt=\"\" class=\"elementor-animation-grow\" loading=\"lazy\" \/>\t\t\t\t\t\t\t\t<\/a>\n\t\t\t\t\t\t\t\t\t\t\t\t\t\t\t<\/div>\n\t\t<div class=\"elementor-element elementor-element-29e4161 e-con-full e-flex e-con e-child\" data-id=\"29e4161\" data-element_type=\"container\" data-e-type=\"container\" data-settings=\"{&quot;background_background&quot;:&quot;classic&quot;}\">\n\t\t\t\t<div class=\"elementor-element elementor-element-65d4db2 elementor-widget__width-inherit elementor-widget elementor-widget-heading\" data-id=\"65d4db2\" data-element_type=\"widget\" data-e-type=\"widget\" data-widget_type=\"heading.default\">\n\t\t\t\t\t<h2 class=\"elementor-heading-title elementor-size-default\">Wo sollen wir essen?<\/h2>\t\t\t\t<\/div>\n\t\t\t\t<div class=\"elementor-element elementor-element-0c255c8 elementor-widget elementor-widget-heading\" data-id=\"0c255c8\" data-element_type=\"widget\" data-e-type=\"widget\" data-widget_type=\"heading.default\">\n\t\t\t\t\t<h2 class=\"elementor-heading-title elementor-size-default\">Gastronomie <\/h2>\t\t\t\t<\/div>\n\t\t\t\t<\/div>\n\t\t\t\t<\/div>\n\t\t<div class=\"elementor-element elementor-element-f08cd13 e-con-full e-flex elementor-invisible e-con e-child\" data-id=\"f08cd13\" data-element_type=\"container\" data-e-type=\"container\" data-settings=\"{&quot;animation&quot;:&quot;fadeInUp&quot;}\">\n\t\t\t\t<div class=\"elementor-element elementor-element-ac008aa elementor-widget__width-initial elementor-widget-mobile__width-initial elementor-widget elementor-widget-image\" data-id=\"ac008aa\" data-element_type=\"widget\" data-e-type=\"widget\" data-widget_type=\"image.default\">\n\t\t\t\t\t\t\t\t\t\t\t\t\t\t\t\t<a href=\"https:\/\/turismocartaya.com\/de\/donde-alojarse-cartaya\/\">\n\t\t\t\t\t\t\t<img decoding=\"async\" width=\"768\" height=\"768\" src=\"https:\/\/turismocartaya.com\/wp-content\/uploads\/2024\/04\/31785674382_7f188ecb6a_b-e1712675494468.webp\" class=\"elementor-animation-grow attachment-full size-full wp-image-259\" alt=\"Cartaya alojamiento\" srcset=\"https:\/\/turismocartaya.com\/wp-content\/uploads\/2024\/04\/31785674382_7f188ecb6a_b-e1712675494468.webp 768w, https:\/\/turismocartaya.com\/wp-content\/uploads\/2024\/04\/31785674382_7f188ecb6a_b-e1712675494468-300x300.webp 300w, https:\/\/turismocartaya.com\/wp-content\/uploads\/2024\/04\/31785674382_7f188ecb6a_b-e1712675494468-150x150.webp 150w\" sizes=\"(max-width: 768px) 100vw, 768px\" \/>\t\t\t\t\t\t\t\t<\/a>\n\t\t\t\t\t\t\t\t\t\t\t\t\t\t\t<\/div>\n\t\t<div class=\"elementor-element elementor-element-5787401 e-con-full e-flex e-con e-child\" data-id=\"5787401\" data-element_type=\"container\" data-e-type=\"container\" data-settings=\"{&quot;background_background&quot;:&quot;classic&quot;}\">\n\t\t\t\t<div class=\"elementor-element elementor-element-2c680ba elementor-widget__width-inherit elementor-widget elementor-widget-heading\" data-id=\"2c680ba\" data-element_type=\"widget\" data-e-type=\"widget\" data-widget_type=\"heading.default\">\n\t\t\t\t\t<h2 class=\"elementor-heading-title elementor-size-default\">Wo \u00fcbernachten?<\/h2>\t\t\t\t<\/div>\n\t\t\t\t<div class=\"elementor-element elementor-element-ddb26f4 elementor-widget elementor-widget-heading\" data-id=\"ddb26f4\" data-element_type=\"widget\" data-e-type=\"widget\" data-widget_type=\"heading.default\">\n\t\t\t\t\t<h2 class=\"elementor-heading-title elementor-size-default\">Touristische Komplexe <\/h2>\t\t\t\t<\/div>\n\t\t\t\t<\/div>\n\t\t\t\t<\/div>\n\t\t<div class=\"elementor-element elementor-element-dad23a5 e-con-full e-flex elementor-invisible e-con e-child\" data-id=\"dad23a5\" data-element_type=\"container\" data-e-type=\"container\" data-settings=\"{&quot;animation&quot;:&quot;fadeInUp&quot;}\">\n\t\t\t\t<div class=\"elementor-element elementor-element-d9ce89b elementor-widget__width-initial elementor-widget-mobile__width-initial elementor-widget elementor-widget-image\" data-id=\"d9ce89b\" data-element_type=\"widget\" data-e-type=\"widget\" data-widget_type=\"image.default\">\n\t\t\t\t\t\t\t\t\t\t\t\t\t\t\t\t<a href=\"https:\/\/turismocartaya.com\/de\/que-hacer\/\">\n\t\t\t\t\t\t\t<img decoding=\"async\" width=\"800\" height=\"800\" src=\"https:\/\/turismocartaya.com\/wp-content\/uploads\/2024\/04\/Deporte_Cartaya_Skysurf22-scaled-e1712675591972-1024x1024.webp\" class=\"elementor-animation-grow attachment-large size-large wp-image-260\" alt=\"Deporte Cartaya\" srcset=\"https:\/\/turismocartaya.com\/wp-content\/uploads\/2024\/04\/Deporte_Cartaya_Skysurf22-scaled-e1712675591972-1024x1024.webp 1024w, https:\/\/turismocartaya.com\/wp-content\/uploads\/2024\/04\/Deporte_Cartaya_Skysurf22-scaled-e1712675591972-300x300.webp 300w, https:\/\/turismocartaya.com\/wp-content\/uploads\/2024\/04\/Deporte_Cartaya_Skysurf22-scaled-e1712675591972-150x150.webp 150w, https:\/\/turismocartaya.com\/wp-content\/uploads\/2024\/04\/Deporte_Cartaya_Skysurf22-scaled-e1712675591972-768x768.webp 768w, https:\/\/turismocartaya.com\/wp-content\/uploads\/2024\/04\/Deporte_Cartaya_Skysurf22-scaled-e1712675591972-1536x1536.webp 1536w, https:\/\/turismocartaya.com\/wp-content\/uploads\/2024\/04\/Deporte_Cartaya_Skysurf22-scaled-e1712675591972.webp 1706w\" sizes=\"(max-width: 800px) 100vw, 800px\" \/>\t\t\t\t\t\t\t\t<\/a>\n\t\t\t\t\t\t\t\t\t\t\t\t\t\t\t<\/div>\n\t\t<div class=\"elementor-element elementor-element-7aaa0ef e-con-full e-flex e-con e-child\" data-id=\"7aaa0ef\" data-element_type=\"container\" data-e-type=\"container\" data-settings=\"{&quot;background_background&quot;:&quot;classic&quot;}\">\n\t\t\t\t<div class=\"elementor-element elementor-element-a3bd0c0 elementor-widget__width-inherit elementor-widget elementor-widget-heading\" data-id=\"a3bd0c0\" data-element_type=\"widget\" data-e-type=\"widget\" data-widget_type=\"heading.default\">\n\t\t\t\t\t<h2 class=\"elementor-heading-title elementor-size-default\">Machen?<\/h2>\t\t\t\t<\/div>\n\t\t\t\t<div class=\"elementor-element elementor-element-20bfbdf elementor-widget elementor-widget-heading\" data-id=\"20bfbdf\" data-element_type=\"widget\" data-e-type=\"widget\" data-widget_type=\"heading.default\">\n\t\t\t\t\t<h2 class=\"elementor-heading-title elementor-size-default\">Freizeit und Aktivit\u00e4ten<\/h2>\t\t\t\t<\/div>\n\t\t\t\t<\/div>\n\t\t\t\t<\/div>\n\t\t<div class=\"elementor-element elementor-element-b79fd06 e-con-full e-flex elementor-invisible e-con e-child\" data-id=\"b79fd06\" data-element_type=\"container\" data-e-type=\"container\" data-settings=\"{&quot;animation&quot;:&quot;fadeInUp&quot;}\">\n\t\t\t\t<div class=\"elementor-element elementor-element-a9b0667 elementor-widget__width-initial elementor-widget-mobile__width-initial elementor-widget elementor-widget-image\" data-id=\"a9b0667\" data-element_type=\"widget\" data-e-type=\"widget\" data-widget_type=\"image.default\">\n\t\t\t\t\t\t\t\t\t\t\t\t\t\t\t\t<a href=\"https:\/\/turismocartaya.com\/de\/como-llegar\/\">\n\t\t\t\t\t\t\t<img loading=\"lazy\" decoding=\"async\" width=\"800\" height=\"800\" src=\"https:\/\/turismocartaya.com\/wp-content\/uploads\/2024\/04\/tramo-autovia-podria-verse-afectado_1573053310_138371362_1200x675-1-1024x1024.webp\" class=\"elementor-animation-grow attachment-large size-large wp-image-262\" alt=\"\" srcset=\"https:\/\/turismocartaya.com\/wp-content\/uploads\/2024\/04\/tramo-autovia-podria-verse-afectado_1573053310_138371362_1200x675-1-1024x1024.webp 1024w, https:\/\/turismocartaya.com\/wp-content\/uploads\/2024\/04\/tramo-autovia-podria-verse-afectado_1573053310_138371362_1200x675-1-300x300.webp 300w, https:\/\/turismocartaya.com\/wp-content\/uploads\/2024\/04\/tramo-autovia-podria-verse-afectado_1573053310_138371362_1200x675-1-150x150.webp 150w, https:\/\/turismocartaya.com\/wp-content\/uploads\/2024\/04\/tramo-autovia-podria-verse-afectado_1573053310_138371362_1200x675-1-768x768.webp 768w, https:\/\/turismocartaya.com\/wp-content\/uploads\/2024\/04\/tramo-autovia-podria-verse-afectado_1573053310_138371362_1200x675-1.webp 1080w\" sizes=\"(max-width: 800px) 100vw, 800px\" \/>\t\t\t\t\t\t\t\t<\/a>\n\t\t\t\t\t\t\t\t\t\t\t\t\t\t\t<\/div>\n\t\t<div class=\"elementor-element elementor-element-fc791fc e-con-full e-flex e-con e-child\" data-id=\"fc791fc\" data-element_type=\"container\" data-e-type=\"container\" data-settings=\"{&quot;background_background&quot;:&quot;classic&quot;}\">\n\t\t\t\t<div class=\"elementor-element elementor-element-04058ea elementor-widget__width-inherit elementor-widget elementor-widget-heading\" data-id=\"04058ea\" data-element_type=\"widget\" data-e-type=\"widget\" data-widget_type=\"heading.default\">\n\t\t\t\t\t<h2 class=\"elementor-heading-title elementor-size-default\">Wie kommt man?<\/h2>\t\t\t\t<\/div>\n\t\t\t\t<div class=\"elementor-element elementor-element-2051b1b elementor-widget elementor-widget-heading\" data-id=\"2051b1b\" data-element_type=\"widget\" data-e-type=\"widget\" data-widget_type=\"heading.default\">\n\t\t\t\t\t<h2 class=\"elementor-heading-title elementor-size-default\">Mit der Stra\u00dfe, dem Flugzeug oder der Bahn<\/h2>\t\t\t\t<\/div>\n\t\t\t\t<\/div>\n\t\t\t\t<\/div>\n\t\t\t\t<\/div>\n\t\t<div class=\"elementor-element elementor-element-bc7ef98 e-con-full e-flex e-con e-parent\" data-id=\"bc7ef98\" data-element_type=\"container\" data-e-type=\"container\" data-settings=\"{&quot;shape_divider_top&quot;:&quot;waves&quot;}\">\n\t\t\t\t<div class=\"elementor-shape elementor-shape-top\" aria-hidden=\"true\" data-negative=\"false\">\n\t\t\t<svg xmlns=\"http:\/\/www.w3.org\/2000\/svg\" viewbox=\"0 0 1000 100\" preserveaspectratio=\"none\">\n\t<path class=\"elementor-shape-fill\" d=\"M421.9,6.5c22.6-2.5,51.5,0.4,75.5,5.3c23.6,4.9,70.9,23.5,100.5,35.7c75.8,32.2,133.7,44.5,192.6,49.7\tc23.6,2.1,48.7,3.5,103.4-2.5c54.7-6,106.2-25.6,106.2-25.6V0H0v30.3c0,0,72,32.6,158.4,30.5c39.2-0.7,92.8-6.7,134-22.4\tc21.2-8.1,52.2-18.2,79.7-24.2C399.3,7.9,411.6,7.5,421.9,6.5z\"\/>\n<\/svg>\t\t<\/div>\n\t\t\t\t<div class=\"elementor-element elementor-element-4a6a729 elementor-widget elementor-widget-heading\" data-id=\"4a6a729\" data-element_type=\"widget\" data-e-type=\"widget\" data-widget_type=\"heading.default\">\n\t\t\t\t\t<h2 class=\"elementor-heading-title elementor-size-default\">CARTAYA<\/h2>\t\t\t\t<\/div>\n\t\t\t\t<div class=\"elementor-element elementor-element-e000562 elementor-widget elementor-widget-heading\" data-id=\"e000562\" data-element_type=\"widget\" data-e-type=\"widget\" data-widget_type=\"heading.default\">\n\t\t\t\t\t<h2 class=\"elementor-heading-title elementor-size-default\">in Bildern<\/h2>\t\t\t\t<\/div>\n\t\t\t\t<div class=\"elementor-element elementor-element-f25a2cb elementor-widget elementor-widget-image-carousel\" data-id=\"f25a2cb\" data-element_type=\"widget\" data-e-type=\"widget\" data-settings=\"{&quot;slides_to_show&quot;:&quot;3&quot;,&quot;slides_to_scroll&quot;:&quot;1&quot;,&quot;navigation&quot;:&quot;none&quot;,&quot;image_spacing_custom&quot;:{&quot;unit&quot;:&quot;px&quot;,&quot;size&quot;:5,&quot;sizes&quot;:[]},&quot;autoplay&quot;:&quot;yes&quot;,&quot;autoplay_speed&quot;:5000,&quot;infinite&quot;:&quot;yes&quot;,&quot;speed&quot;:500,&quot;image_spacing_custom_tablet&quot;:{&quot;unit&quot;:&quot;px&quot;,&quot;size&quot;:&quot;&quot;,&quot;sizes&quot;:[]},&quot;image_spacing_custom_mobile&quot;:{&quot;unit&quot;:&quot;px&quot;,&quot;size&quot;:&quot;&quot;,&quot;sizes&quot;:[]}}\" data-widget_type=\"image-carousel.default\">\n\t\t\t\t\t\t\t<div class=\"elementor-image-carousel-wrapper swiper\" role=\"region\" aria-roledescription=\"carousel\" aria-label=\"Bilderkarussell\" dir=\"ltr\">\n\t\t\t<div class=\"elementor-image-carousel swiper-wrapper\" aria-live=\"off\">\n\t\t\t\t\t\t\t\t<div class=\"swiper-slide\" role=\"group\" aria-roledescription=\"slide\" aria-label=\"1 von 17\"><figure class=\"swiper-slide-inner\"><img decoding=\"async\" class=\"swiper-slide-image\" src=\"https:\/\/turismocartaya.com\/wp-content\/uploads\/2024\/04\/Cartaya_1.jpg\" alt=\"\" \/><\/figure><\/div><div class=\"swiper-slide\" role=\"group\" aria-roledescription=\"slide\" aria-label=\"2 von 17\"><figure class=\"swiper-slide-inner\"><img decoding=\"async\" class=\"swiper-slide-image\" src=\"https:\/\/turismocartaya.com\/wp-content\/uploads\/2024\/04\/Cartaya_2.jpg\" alt=\"\" \/><\/figure><\/div><div class=\"swiper-slide\" role=\"group\" aria-roledescription=\"slide\" aria-label=\"3 von 17\"><figure class=\"swiper-slide-inner\"><img decoding=\"async\" class=\"swiper-slide-image\" src=\"https:\/\/turismocartaya.com\/wp-content\/uploads\/2024\/04\/Cartaya_3.jpg\" alt=\"\" \/><\/figure><\/div><div class=\"swiper-slide\" role=\"group\" aria-roledescription=\"slide\" aria-label=\"4 von 17\"><figure class=\"swiper-slide-inner\"><img decoding=\"async\" class=\"swiper-slide-image\" src=\"https:\/\/turismocartaya.com\/wp-content\/uploads\/2024\/04\/Cartaya_4.jpg\" alt=\"\" \/><\/figure><\/div><div class=\"swiper-slide\" role=\"group\" aria-roledescription=\"slide\" aria-label=\"5 von 17\"><figure class=\"swiper-slide-inner\"><img decoding=\"async\" class=\"swiper-slide-image\" src=\"https:\/\/turismocartaya.com\/wp-content\/uploads\/2024\/04\/Cartaya_5.jpg\" alt=\"\" \/><\/figure><\/div><div class=\"swiper-slide\" role=\"group\" aria-roledescription=\"slide\" aria-label=\"6 von 17\"><figure class=\"swiper-slide-inner\"><img decoding=\"async\" class=\"swiper-slide-image\" src=\"https:\/\/turismocartaya.com\/wp-content\/uploads\/2024\/04\/Cartaya_6.jpg\" alt=\"\" \/><\/figure><\/div><div class=\"swiper-slide\" role=\"group\" aria-roledescription=\"slide\" aria-label=\"7 von 17\"><figure class=\"swiper-slide-inner\"><img decoding=\"async\" class=\"swiper-slide-image\" src=\"https:\/\/turismocartaya.com\/wp-content\/uploads\/2024\/04\/Cartaya_7.jpg\" alt=\"\" \/><\/figure><\/div><div class=\"swiper-slide\" role=\"group\" aria-roledescription=\"slide\" aria-label=\"8 von 17\"><figure class=\"swiper-slide-inner\"><img decoding=\"async\" class=\"swiper-slide-image\" src=\"https:\/\/turismocartaya.com\/wp-content\/uploads\/2024\/04\/Cartaya_8.jpg\" alt=\"\" \/><\/figure><\/div><div class=\"swiper-slide\" role=\"group\" aria-roledescription=\"slide\" aria-label=\"9 von 17\"><figure class=\"swiper-slide-inner\"><img decoding=\"async\" class=\"swiper-slide-image\" src=\"https:\/\/turismocartaya.com\/wp-content\/uploads\/2024\/04\/Cartaya_9.jpg\" alt=\"\" \/><\/figure><\/div><div class=\"swiper-slide\" role=\"group\" aria-roledescription=\"slide\" aria-label=\"10 von 17\"><figure class=\"swiper-slide-inner\"><img decoding=\"async\" class=\"swiper-slide-image\" src=\"https:\/\/turismocartaya.com\/wp-content\/uploads\/2024\/04\/Cartaya_10.jpg\" alt=\"\" \/><\/figure><\/div><div class=\"swiper-slide\" role=\"group\" aria-roledescription=\"slide\" aria-label=\"11 von 17\"><figure class=\"swiper-slide-inner\"><img decoding=\"async\" class=\"swiper-slide-image\" src=\"https:\/\/turismocartaya.com\/wp-content\/uploads\/2024\/04\/Cartaya_11.jpg\" alt=\"\" \/><\/figure><\/div><div class=\"swiper-slide\" role=\"group\" aria-roledescription=\"slide\" aria-label=\"12 von 17\"><figure class=\"swiper-slide-inner\"><img decoding=\"async\" class=\"swiper-slide-image\" src=\"https:\/\/turismocartaya.com\/wp-content\/uploads\/2024\/04\/Cartaya_12.jpg\" alt=\"\" \/><\/figure><\/div><div class=\"swiper-slide\" role=\"group\" aria-roledescription=\"slide\" aria-label=\"13 von 17\"><figure class=\"swiper-slide-inner\"><img decoding=\"async\" class=\"swiper-slide-image\" src=\"https:\/\/turismocartaya.com\/wp-content\/uploads\/2024\/04\/Cartaya_13.jpg\" alt=\"\" \/><\/figure><\/div><div class=\"swiper-slide\" role=\"group\" aria-roledescription=\"slide\" aria-label=\"14 von 17\"><figure class=\"swiper-slide-inner\"><img decoding=\"async\" class=\"swiper-slide-image\" src=\"https:\/\/turismocartaya.com\/wp-content\/uploads\/2024\/04\/Cartaya_14.jpg\" alt=\"\" \/><\/figure><\/div><div class=\"swiper-slide\" role=\"group\" aria-roledescription=\"slide\" aria-label=\"15 von 17\"><figure class=\"swiper-slide-inner\"><img decoding=\"async\" class=\"swiper-slide-image\" src=\"https:\/\/turismocartaya.com\/wp-content\/uploads\/2024\/04\/Cartaya_15.jpg\" alt=\"\" \/><\/figure><\/div><div class=\"swiper-slide\" role=\"group\" aria-roledescription=\"slide\" aria-label=\"16 von 17\"><figure class=\"swiper-slide-inner\"><img decoding=\"async\" class=\"swiper-slide-image\" src=\"https:\/\/turismocartaya.com\/wp-content\/uploads\/2024\/04\/Cartaya_16.jpg\" alt=\"\" \/><\/figure><\/div><div class=\"swiper-slide\" role=\"group\" aria-roledescription=\"slide\" aria-label=\"17 von 17\"><figure class=\"swiper-slide-inner\"><img decoding=\"async\" class=\"swiper-slide-image\" src=\"https:\/\/turismocartaya.com\/wp-content\/uploads\/2024\/04\/Cartaya_17.jpg\" alt=\"\" \/><\/figure><\/div>\t\t\t<\/div>\n\t\t\t\t\t\t\t\n\t\t\t\t\t\t\t\t\t<\/div>\n\t\t\t\t\t\t<\/div>\n\t\t\t\t<\/div>\n\t\t\t\t<\/div>","protected":false},"excerpt":{"rendered":"<p>CARTAYA Entorno natural Cartaya es un municipio que no s\u00f3lo est\u00e1 enfocado al turismo de sol y playa, sino que tambi\u00e9n ofrece una amplia variedad de recursos tur\u00edsticos, gracias a su a su riqueza cultural y a su entorno natural, un pinar con una superficie de 11.500 hect\u00e1reas y el Paraje Natural \u201cMarismas del R\u00edo [&hellip;]<\/p>\n","protected":false},"author":1,"featured_media":0,"parent":0,"menu_order":0,"comment_status":"closed","ping_status":"closed","template":"elementor_header_footer","meta":{"slim_seo":{"title":"Cartaya | Cartaya Tourismus","description":"Cartaya ist eine Gemeinde, die sich nicht nur auf Sonnen- und Strandtourismus konzentriert, sondern auch eine gro\u00dfe Vielfalt an touristischen Ressourcen bietet."},"footnotes":""},"class_list":["post-21","page","type-page","status-publish","hentry"],"_links":{"self":[{"href":"https:\/\/turismocartaya.com\/de\/wp-json\/wp\/v2\/pages\/21","targetHints":{"allow":["GET"]}}],"collection":[{"href":"https:\/\/turismocartaya.com\/de\/wp-json\/wp\/v2\/pages"}],"about":[{"href":"https:\/\/turismocartaya.com\/de\/wp-json\/wp\/v2\/types\/page"}],"author":[{"embeddable":true,"href":"https:\/\/turismocartaya.com\/de\/wp-json\/wp\/v2\/users\/1"}],"replies":[{"embeddable":true,"href":"https:\/\/turismocartaya.com\/de\/wp-json\/wp\/v2\/comments?post=21"}],"version-history":[{"count":0,"href":"https:\/\/turismocartaya.com\/de\/wp-json\/wp\/v2\/pages\/21\/revisions"}],"wp:attachment":[{"href":"https:\/\/turismocartaya.com\/de\/wp-json\/wp\/v2\/media?parent=21"}],"curies":[{"name":"wp","href":"https:\/\/api.w.org\/{rel}","templated":true}]}}