{"id":1236,"date":"2024-06-03T22:38:28","date_gmt":"2024-06-03T22:38:28","guid":{"rendered":"https:\/\/turismocartaya.com\/?page_id=1236"},"modified":"2024-06-04T21:18:34","modified_gmt":"2024-06-04T21:18:34","slug":"sendero-botanico-cano-de-la-culata","status":"publish","type":"page","link":"https:\/\/turismocartaya.com\/de\/sendero-botanico-cano-de-la-culata\/","title":{"rendered":"Botanischer Pfad Ca\u00f1o de la Culata"},"content":{"rendered":"<div data-elementor-type=\"wp-page\" data-elementor-id=\"1236\" class=\"elementor elementor-1236\" data-elementor-post-type=\"page\">\n\t\t\t\t<div class=\"elementor-element elementor-element-11a9c21 e-flex e-con-boxed e-con e-parent\" data-id=\"11a9c21\" data-element_type=\"container\" data-e-type=\"container\" data-settings=\"{&quot;background_background&quot;:&quot;classic&quot;}\">\n\t\t\t\t\t<div class=\"e-con-inner\">\n\t\t\t\t<div class=\"elementor-element elementor-element-cfd0339 elementor-widget elementor-widget-heading\" data-id=\"cfd0339\" data-element_type=\"widget\" data-e-type=\"widget\" data-widget_type=\"heading.default\">\n\t\t\t\t\t<h2 class=\"elementor-heading-title elementor-size-default\">Botanischer Pfad Ca\u00f1o de la Culata<\/h2>\t\t\t\t<\/div>\n\t\t\t\t<div class=\"elementor-element elementor-element-d218772 elementor-widget elementor-widget-heading\" data-id=\"d218772\" data-element_type=\"widget\" data-e-type=\"widget\" data-widget_type=\"heading.default\">\n\t\t\t\t\t<h2 class=\"elementor-heading-title elementor-size-default\">4<\/h2>\t\t\t\t<\/div>\n\t\t\t\t\t<\/div>\n\t\t\t\t<\/div>\n\t\t<div class=\"elementor-element elementor-element-cf90e19 e-flex e-con-boxed e-con e-parent\" data-id=\"cf90e19\" data-element_type=\"container\" data-e-type=\"container\">\n\t\t\t\t\t<div class=\"e-con-inner\">\n\t\t<div class=\"elementor-element elementor-element-e11d507 e-con-full e-flex e-con e-child\" data-id=\"e11d507\" data-element_type=\"container\" data-e-type=\"container\">\n\t\t\t\t<div class=\"elementor-element elementor-element-8cb6492 elementor-widget elementor-widget-image\" data-id=\"8cb6492\" data-element_type=\"widget\" data-e-type=\"widget\" data-widget_type=\"image.default\">\n\t\t\t\t\t\t\t\t\t\t\t\t\t\t\t<img fetchpriority=\"high\" decoding=\"async\" width=\"540\" height=\"405\" src=\"https:\/\/turismocartaya.com\/wp-content\/uploads\/2024\/06\/Sendero-Cano-Culata.webp\" class=\"attachment-large size-large wp-image-1241\" alt=\"Sendero Ca\u00f1o Culata\" srcset=\"https:\/\/turismocartaya.com\/wp-content\/uploads\/2024\/06\/Sendero-Cano-Culata.webp 540w, https:\/\/turismocartaya.com\/wp-content\/uploads\/2024\/06\/Sendero-Cano-Culata-300x225.webp 300w, https:\/\/turismocartaya.com\/wp-content\/uploads\/2024\/06\/Sendero-Cano-Culata-16x12.webp 16w\" sizes=\"(max-width: 540px) 100vw, 540px\" \/>\t\t\t\t\t\t\t\t\t\t\t\t\t\t\t<\/div>\n\t\t\t\t<\/div>\n\t\t<div class=\"elementor-element elementor-element-9e04456 e-con-full e-flex e-con e-child\" data-id=\"9e04456\" data-element_type=\"container\" data-e-type=\"container\">\n\t\t\t\t<div class=\"elementor-element elementor-element-5857821 elementor-widget elementor-widget-text-editor\" data-id=\"5857821\" data-element_type=\"widget\" data-e-type=\"widget\" data-widget_type=\"text-editor.default\">\n\t\t\t\t\t\t\t\t\t<div id=\"bgLayers_comp-kzpf16nx\" class=\"MW5IWV\" data-hook=\"bgLayers\" data-motion-part=\"BG_LAYER\"><div id=\"bgMedia_comp-kzpf16nx\" class=\"VgO9Yg\" data-motion-part=\"BG_MEDIA\"><div id=\"bgLayers_comp-kzxxm60z\" class=\"MW5IWV\" data-hook=\"bgLayers\" data-motion-part=\"BG_LAYER\"><div id=\"bgMedia_comp-kzxxm60z\" class=\"VgO9Yg\" data-motion-part=\"BG_MEDIA\"><span class=\"wixui-rich-text__text\"><span class=\"color_15 wixui-rich-text__text\">Bei diesem Weg handelt es sich um eine kleine botanische Route, die die Aufmerksamkeit des Besuchers auf einige der charakteristischsten Pflanzenarten der Vegetation der K\u00fcstensandb\u00e4nke und Waldgebiete der andalusischen Atlantikk\u00fcste lenkt. Sie beginnt ihre Reise im Ca\u00f1o de la Culata, bewegt sich in Ost-West-Richtung und verl\u00e4uft entlang eines Teils eines Fu\u00df-\/Radwegs, der parallel zur K\u00fcste und zur K\u00fcste verl\u00e4uft\u00a0<\/span><\/span><span class=\"wixui-rich-text__text\"><span class=\"color_15 wixui-rich-text__text\">Stra\u00dfe, die El Rompido mit Nuevo Portil verbindet, und dann weiter \u00fcber einen Holzsteg, der die D\u00fcnenfront \u00fcberquert. Entlang des Spaziergangs ist es m\u00f6glich, mehr als ein Dutzend botanische Arten zu sehen.<\/span><\/span><\/div><\/div><\/div><\/div>\t\t\t\t\t\t\t\t<\/div>\n\t\t<div class=\"elementor-element elementor-element-e4a01d0 e-grid e-con-boxed e-con e-child\" data-id=\"e4a01d0\" data-element_type=\"container\" data-e-type=\"container\">\n\t\t\t\t\t<div class=\"e-con-inner\">\n\t\t\t\t<div class=\"elementor-element elementor-element-51ccc12 elementor-view-default elementor-widget elementor-widget-icon\" data-id=\"51ccc12\" data-element_type=\"widget\" data-e-type=\"widget\" data-widget_type=\"icon.default\">\n\t\t\t\t\t\t\t<div class=\"elementor-icon-wrapper\">\n\t\t\t<a class=\"elementor-icon\" href=\"https:\/\/turismocartaya.com\/de\/mapa-nuevo-portil\/\">\n\t\t\t<svg aria-hidden=\"true\" class=\"e-font-icon-svg e-fas-arrow-left\" viewbox=\"0 0 448 512\" xmlns=\"http:\/\/www.w3.org\/2000\/svg\"><path d=\"M257.5 445.1l-22.2 22.2c-9.4 9.4-24.6 9.4-33.9 0L7 273c-9.4-9.4-9.4-24.6 0-33.9L201.4 44.7c9.4-9.4 24.6-9.4 33.9 0l22.2 22.2c9.5 9.5 9.3 25-.4 34.3L136.6 216H424c13.3 0 24 10.7 24 24v32c0 13.3-10.7 24-24 24H136.6l120.5 114.8c9.8 9.3 10 24.8.4 34.3z\"><\/path><\/svg>\t\t\t<\/a>\n\t\t<\/div>\n\t\t\t\t\t\t<\/div>\n\t\t\t\t<div class=\"elementor-element elementor-element-b7c0d9f elementor-widget elementor-widget-button\" data-id=\"b7c0d9f\" data-element_type=\"widget\" data-e-type=\"widget\" data-widget_type=\"button.default\">\n\t\t\t\t\t\t\t\t\t\t<a class=\"elementor-button elementor-button-link elementor-size-sm\" href=\"https:\/\/www.google.com\/maps\/dir\/\/37.21277,-7.065831\/@37.21277,-7.065831,17z\/data=!4m8!1m5!3m4!2zMzfCsDEyJzQ2LjAiTiA3wrAwMyc1Ny4wIlc!8m2!3d37.21277!4d-7.065831!4m1!3e2?entry=ttu\">\n\t\t\t\t\t\t<span class=\"elementor-button-content-wrapper\">\n\t\t\t\t\t\t\t\t\t<span class=\"elementor-button-text\">Wie kommt man?<\/span>\n\t\t\t\t\t<\/span>\n\t\t\t\t\t<\/a>\n\t\t\t\t\t\t\t\t<\/div>\n\t\t\t\t\t<\/div>\n\t\t\t\t<\/div>\n\t\t\t\t<\/div>\n\t\t\t\t\t<\/div>\n\t\t\t\t<\/div>\n\t\t\t\t<\/div>","protected":false},"excerpt":{"rendered":"<p>Sendero Bot\u00e1nico Ca\u00f1o de la Culata 4 Este sendero es un peque\u00f1o Itinerario Bot\u00e1nico, que llama la atenci\u00f3n del visitante sobre algunas de las especies de plantas m\u00e1s caracter\u00edsticas de la vegetaci\u00f3n de los arenales costeros y zonas forestales del litoral atl\u00e1ntico andaluz. Comienza su recorrido en el Ca\u00f1o de la Culata, avanzando en direcci\u00f3n [&hellip;]<\/p>\n","protected":false},"author":1,"featured_media":0,"parent":0,"menu_order":0,"comment_status":"closed","ping_status":"closed","template":"elementor_header_footer","meta":{"slim_seo":{"title":"Botanischer Pfad Ca\u00f1o de la Culata | Cartaya Tourismus","description":"Bei diesem Weg handelt es sich um einen kleinen botanischen Rundgang, der die Aufmerksamkeit der Besucher auf einige der charakteristischsten Pflanzenarten der Vegetation der K\u00fcstensandb\u00e4nke und Waldgebiete der andalusischen Atlantikk\u00fcste lenkt."},"footnotes":""},"class_list":["post-1236","page","type-page","status-publish","hentry"],"_links":{"self":[{"href":"https:\/\/turismocartaya.com\/de\/wp-json\/wp\/v2\/pages\/1236","targetHints":{"allow":["GET"]}}],"collection":[{"href":"https:\/\/turismocartaya.com\/de\/wp-json\/wp\/v2\/pages"}],"about":[{"href":"https:\/\/turismocartaya.com\/de\/wp-json\/wp\/v2\/types\/page"}],"author":[{"embeddable":true,"href":"https:\/\/turismocartaya.com\/de\/wp-json\/wp\/v2\/users\/1"}],"replies":[{"embeddable":true,"href":"https:\/\/turismocartaya.com\/de\/wp-json\/wp\/v2\/comments?post=1236"}],"version-history":[{"count":0,"href":"https:\/\/turismocartaya.com\/de\/wp-json\/wp\/v2\/pages\/1236\/revisions"}],"wp:attachment":[{"href":"https:\/\/turismocartaya.com\/de\/wp-json\/wp\/v2\/media?parent=1236"}],"curies":[{"name":"wp","href":"https:\/\/api.w.org\/{rel}","templated":true}]}}