{"id":1165,"date":"2024-06-03T21:49:50","date_gmt":"2024-06-03T21:49:50","guid":{"rendered":"https:\/\/turismocartaya.com\/?page_id=1165"},"modified":"2024-06-03T21:51:07","modified_gmt":"2024-06-03T21:51:07","slug":"mirador-de-san-miguel","status":"publish","type":"page","link":"https:\/\/turismocartaya.com\/de\/mirador-de-san-miguel\/","title":{"rendered":"Aussichtspunkt San Miguel"},"content":{"rendered":"<div data-elementor-type=\"wp-page\" data-elementor-id=\"1165\" class=\"elementor elementor-1165\" data-elementor-post-type=\"page\">\n\t\t\t\t<div class=\"elementor-element elementor-element-11a9c21 e-flex e-con-boxed e-con e-parent\" data-id=\"11a9c21\" data-element_type=\"container\" data-e-type=\"container\" data-settings=\"{&quot;background_background&quot;:&quot;classic&quot;}\">\n\t\t\t\t\t<div class=\"e-con-inner\">\n\t\t\t\t<div class=\"elementor-element elementor-element-cfd0339 elementor-widget elementor-widget-heading\" data-id=\"cfd0339\" data-element_type=\"widget\" data-e-type=\"widget\" data-widget_type=\"heading.default\">\n\t\t\t\t\t<h2 class=\"elementor-heading-title elementor-size-default\">Aussichtspunkt San Miguel<\/h2>\t\t\t\t<\/div>\n\t\t\t\t<div class=\"elementor-element elementor-element-d218772 elementor-widget elementor-widget-heading\" data-id=\"d218772\" data-element_type=\"widget\" data-e-type=\"widget\" data-widget_type=\"heading.default\">\n\t\t\t\t\t<h2 class=\"elementor-heading-title elementor-size-default\">11<\/h2>\t\t\t\t<\/div>\n\t\t\t\t\t<\/div>\n\t\t\t\t<\/div>\n\t\t<div class=\"elementor-element elementor-element-cf90e19 e-flex e-con-boxed e-con e-parent\" data-id=\"cf90e19\" data-element_type=\"container\" data-e-type=\"container\">\n\t\t\t\t\t<div class=\"e-con-inner\">\n\t\t<div class=\"elementor-element elementor-element-e11d507 e-con-full e-flex e-con e-child\" data-id=\"e11d507\" data-element_type=\"container\" data-e-type=\"container\">\n\t\t\t\t<div class=\"elementor-element elementor-element-8cb6492 elementor-widget elementor-widget-image\" data-id=\"8cb6492\" data-element_type=\"widget\" data-e-type=\"widget\" data-widget_type=\"image.default\">\n\t\t\t\t\t\t\t\t\t\t\t\t\t\t\t<img fetchpriority=\"high\" decoding=\"async\" width=\"540\" height=\"405\" src=\"https:\/\/turismocartaya.com\/wp-content\/uploads\/2024\/06\/Mirador-de-San-Miguel.webp\" class=\"attachment-large size-large wp-image-1167\" alt=\"Mirador De San Miguel\" srcset=\"https:\/\/turismocartaya.com\/wp-content\/uploads\/2024\/06\/Mirador-de-San-Miguel.webp 540w, https:\/\/turismocartaya.com\/wp-content\/uploads\/2024\/06\/Mirador-de-San-Miguel-300x225.webp 300w, https:\/\/turismocartaya.com\/wp-content\/uploads\/2024\/06\/Mirador-de-San-Miguel-16x12.webp 16w\" sizes=\"(max-width: 540px) 100vw, 540px\" \/>\t\t\t\t\t\t\t\t\t\t\t\t\t\t\t<\/div>\n\t\t\t\t<\/div>\n\t\t<div class=\"elementor-element elementor-element-9e04456 e-con-full e-flex e-con e-child\" data-id=\"9e04456\" data-element_type=\"container\" data-e-type=\"container\">\n\t\t\t\t<div class=\"elementor-element elementor-element-5857821 elementor-widget elementor-widget-text-editor\" data-id=\"5857821\" data-element_type=\"widget\" data-e-type=\"widget\" data-widget_type=\"text-editor.default\">\n\t\t\t\t\t\t\t\t\t<div id=\"bgLayers_comp-lpiuask13\" class=\"MW5IWV\" data-hook=\"bgLayers\" data-motion-part=\"BG_LAYER\"><div id=\"bgMedia_comp-lpiuask13\" class=\"VgO9Yg\" data-motion-part=\"BG_MEDIA\">Ein Punkt, von dem aus man die Naturst\u00e4tten Marismas del R\u00edo Piedras und Flecha de El Rompido in ihrer ganzen Pracht betrachten kann. Es erm\u00f6glicht eine herrliche Beobachtung der D\u00fcnenk\u00e4mme und der dazugeh\u00f6rigen Vegetation. Erleben Sie hier einen der magischsten Sonnenunterg\u00e4nge.\u00a0<\/div><\/div>\t\t\t\t\t\t\t\t<\/div>\n\t\t<div class=\"elementor-element elementor-element-e4a01d0 e-grid e-con-boxed e-con e-child\" data-id=\"e4a01d0\" data-element_type=\"container\" data-e-type=\"container\">\n\t\t\t\t\t<div class=\"e-con-inner\">\n\t\t\t\t<div class=\"elementor-element elementor-element-51ccc12 elementor-view-default elementor-widget elementor-widget-icon\" data-id=\"51ccc12\" data-element_type=\"widget\" data-e-type=\"widget\" data-widget_type=\"icon.default\">\n\t\t\t\t\t\t\t<div class=\"elementor-icon-wrapper\">\n\t\t\t<a class=\"elementor-icon\" href=\"https:\/\/turismocartaya.com\/de\/mapa-rompido\/\">\n\t\t\t<svg aria-hidden=\"true\" class=\"e-font-icon-svg e-fas-arrow-left\" viewbox=\"0 0 448 512\" xmlns=\"http:\/\/www.w3.org\/2000\/svg\"><path d=\"M257.5 445.1l-22.2 22.2c-9.4 9.4-24.6 9.4-33.9 0L7 273c-9.4-9.4-9.4-24.6 0-33.9L201.4 44.7c9.4-9.4 24.6-9.4 33.9 0l22.2 22.2c9.5 9.5 9.3 25-.4 34.3L136.6 216H424c13.3 0 24 10.7 24 24v32c0 13.3-10.7 24-24 24H136.6l120.5 114.8c9.8 9.3 10 24.8.4 34.3z\"><\/path><\/svg>\t\t\t<\/a>\n\t\t<\/div>\n\t\t\t\t\t\t<\/div>\n\t\t\t\t<div class=\"elementor-element elementor-element-b7c0d9f elementor-widget elementor-widget-button\" data-id=\"b7c0d9f\" data-element_type=\"widget\" data-e-type=\"widget\" data-widget_type=\"button.default\">\n\t\t\t\t\t\t\t\t\t\t<a class=\"elementor-button elementor-button-link elementor-size-sm\" href=\"https:\/\/www.google.com\/maps\/dir\/\/Mirador+San+Miguel,+21459+Cartaya,+Huelva\/@37.2161589,-7.0914109,17z\/data=!4m17!1m7!3m6!1s0xd11d3588890c011:0xfeb0ffde9a048523!2sMirador+San+Miguel!8m2!3d37.2161589!4d-7.0914109!16s%2Fg%2F11nmczbmgb!4m8!1m0!1m5!1m1!1s0xd11d3588890c011:0xfeb0ffde9a048523!2m2!1d-7.0914109!2d37.2161589!3e2?entry=ttu\">\n\t\t\t\t\t\t<span class=\"elementor-button-content-wrapper\">\n\t\t\t\t\t\t\t\t\t<span class=\"elementor-button-text\">Wie kommt man?<\/span>\n\t\t\t\t\t<\/span>\n\t\t\t\t\t<\/a>\n\t\t\t\t\t\t\t\t<\/div>\n\t\t\t\t\t<\/div>\n\t\t\t\t<\/div>\n\t\t\t\t<\/div>\n\t\t\t\t\t<\/div>\n\t\t\t\t<\/div>\n\t\t\t\t<\/div>","protected":false},"excerpt":{"rendered":"<p>Mirador de San Miguel 11 Ein Punkt, von dem aus man das Naturgebiet Marismas del R\u00edo Piedras und Flecha de El Rompido in seiner ganzen Pracht betrachten kann. Es erm\u00f6glicht eine herrliche Beobachtung der D\u00fcnenk\u00e4mme und der dazugeh\u00f6rigen Vegetation. Erleben Sie hier einen der magischsten Sonnenunterg\u00e4nge. Wie kommt man?<\/p>","protected":false},"author":1,"featured_media":0,"parent":0,"menu_order":0,"comment_status":"closed","ping_status":"closed","template":"elementor_header_footer","meta":{"slim_seo":{"title":"Aussichtspunkt San Miguel | Tourismus Cartaya","description":"Ein Aussichtspunkt, von dem aus man die Sumpfgebiete des Flusses Piedras und den Naturpark Flecha de El Rompido in ihrer ganzen Pracht betrachten kann."},"footnotes":""},"class_list":["post-1165","page","type-page","status-publish","hentry"],"_links":{"self":[{"href":"https:\/\/turismocartaya.com\/de\/wp-json\/wp\/v2\/pages\/1165","targetHints":{"allow":["GET"]}}],"collection":[{"href":"https:\/\/turismocartaya.com\/de\/wp-json\/wp\/v2\/pages"}],"about":[{"href":"https:\/\/turismocartaya.com\/de\/wp-json\/wp\/v2\/types\/page"}],"author":[{"embeddable":true,"href":"https:\/\/turismocartaya.com\/de\/wp-json\/wp\/v2\/users\/1"}],"replies":[{"embeddable":true,"href":"https:\/\/turismocartaya.com\/de\/wp-json\/wp\/v2\/comments?post=1165"}],"version-history":[{"count":0,"href":"https:\/\/turismocartaya.com\/de\/wp-json\/wp\/v2\/pages\/1165\/revisions"}],"wp:attachment":[{"href":"https:\/\/turismocartaya.com\/de\/wp-json\/wp\/v2\/media?parent=1165"}],"curies":[{"name":"wp","href":"https:\/\/api.w.org\/{rel}","templated":true}]}}