{"id":1129,"date":"2024-06-03T21:35:41","date_gmt":"2024-06-03T21:35:41","guid":{"rendered":"https:\/\/turismocartaya.com\/?page_id=1129"},"modified":"2024-06-03T21:36:43","modified_gmt":"2024-06-03T21:36:43","slug":"paraje-natural-marismas-del-rio-piedras-y-flecha-del-rompido","status":"publish","type":"page","link":"https:\/\/turismocartaya.com\/de\/paraje-natural-marismas-del-rio-piedras-y-flecha-del-rompido\/","title":{"rendered":"Naturschutzgebiet S\u00fcmpfe des Flusses Piedras und Flecha del Rompido"},"content":{"rendered":"<div data-elementor-type=\"wp-page\" data-elementor-id=\"1129\" class=\"elementor elementor-1129\" data-elementor-post-type=\"page\">\n\t\t\t\t<div class=\"elementor-element elementor-element-11a9c21 e-flex e-con-boxed e-con e-parent\" data-id=\"11a9c21\" data-element_type=\"container\" data-e-type=\"container\" data-settings=\"{&quot;background_background&quot;:&quot;classic&quot;}\">\n\t\t\t\t\t<div class=\"e-con-inner\">\n\t\t\t\t<div class=\"elementor-element elementor-element-cfd0339 elementor-widget elementor-widget-heading\" data-id=\"cfd0339\" data-element_type=\"widget\" data-e-type=\"widget\" data-widget_type=\"heading.default\">\n\t\t\t\t\t<h2 class=\"elementor-heading-title elementor-size-default\">Naturschutzgebiet S\u00fcmpfe des Flusses Piedras und Flecha del Rompido<\/h2>\t\t\t\t<\/div>\n\t\t\t\t<div class=\"elementor-element elementor-element-d218772 elementor-widget elementor-widget-heading\" data-id=\"d218772\" data-element_type=\"widget\" data-e-type=\"widget\" data-widget_type=\"heading.default\">\n\t\t\t\t\t<h2 class=\"elementor-heading-title elementor-size-default\">5<\/h2>\t\t\t\t<\/div>\n\t\t\t\t\t<\/div>\n\t\t\t\t<\/div>\n\t\t<div class=\"elementor-element elementor-element-cf90e19 e-flex e-con-boxed e-con e-parent\" data-id=\"cf90e19\" data-element_type=\"container\" data-e-type=\"container\">\n\t\t\t\t\t<div class=\"e-con-inner\">\n\t\t<div class=\"elementor-element elementor-element-e11d507 e-con-full e-flex e-con e-child\" data-id=\"e11d507\" data-element_type=\"container\" data-e-type=\"container\">\n\t\t\t\t<div class=\"elementor-element elementor-element-8cb6492 elementor-widget elementor-widget-image\" data-id=\"8cb6492\" data-element_type=\"widget\" data-e-type=\"widget\" data-widget_type=\"image.default\">\n\t\t\t\t\t\t\t\t\t\t\t\t\t\t\t<img fetchpriority=\"high\" decoding=\"async\" width=\"540\" height=\"405\" src=\"https:\/\/turismocartaya.com\/wp-content\/uploads\/2024\/06\/Paraje-Natural.webp\" class=\"attachment-large size-large wp-image-1131\" alt=\"Paraje Natural\" srcset=\"https:\/\/turismocartaya.com\/wp-content\/uploads\/2024\/06\/Paraje-Natural.webp 540w, https:\/\/turismocartaya.com\/wp-content\/uploads\/2024\/06\/Paraje-Natural-300x225.webp 300w, https:\/\/turismocartaya.com\/wp-content\/uploads\/2024\/06\/Paraje-Natural-16x12.webp 16w\" sizes=\"(max-width: 540px) 100vw, 540px\" \/>\t\t\t\t\t\t\t\t\t\t\t\t\t\t\t<\/div>\n\t\t\t\t<\/div>\n\t\t<div class=\"elementor-element elementor-element-9e04456 e-con-full e-flex e-con e-child\" data-id=\"9e04456\" data-element_type=\"container\" data-e-type=\"container\">\n\t\t\t\t<div class=\"elementor-element elementor-element-5857821 elementor-widget elementor-widget-text-editor\" data-id=\"5857821\" data-element_type=\"widget\" data-e-type=\"widget\" data-widget_type=\"text-editor.default\">\n\t\t\t\t\t\t\t\t\t<div id=\"bgLayers_comp-kzy835mj\" class=\"MW5IWV\" data-hook=\"bgLayers\" data-motion-part=\"BG_LAYER\"><div id=\"bgMedia_comp-kzy835mj\" class=\"VgO9Yg\" data-motion-part=\"BG_MEDIA\">Das Naturgebiet erstreckt sich an der M\u00fcndung des Flusses Piedras, wo die Beitr\u00e4ge des Meeres und des Flusses sowie der Einfluss der Gezeiten eine einzigartige Landschaft geschaffen haben. Dieser Ort besteht aus einem System von S\u00fcmpfen und einer besonderen Sandformation von etwa zehn Kilometern L\u00e4nge parallel zur K\u00fcste und wird El Rompido Arrow genannt.<\/div><\/div>\t\t\t\t\t\t\t\t<\/div>\n\t\t<div class=\"elementor-element elementor-element-e4a01d0 e-grid e-con-boxed e-con e-child\" data-id=\"e4a01d0\" data-element_type=\"container\" data-e-type=\"container\">\n\t\t\t\t\t<div class=\"e-con-inner\">\n\t\t\t\t<div class=\"elementor-element elementor-element-51ccc12 elementor-view-default elementor-widget elementor-widget-icon\" data-id=\"51ccc12\" data-element_type=\"widget\" data-e-type=\"widget\" data-widget_type=\"icon.default\">\n\t\t\t\t\t\t\t<div class=\"elementor-icon-wrapper\">\n\t\t\t<a class=\"elementor-icon\" href=\"https:\/\/turismocartaya.com\/de\/mapa-rompido\/\">\n\t\t\t<svg aria-hidden=\"true\" class=\"e-font-icon-svg e-fas-arrow-left\" viewbox=\"0 0 448 512\" xmlns=\"http:\/\/www.w3.org\/2000\/svg\"><path d=\"M257.5 445.1l-22.2 22.2c-9.4 9.4-24.6 9.4-33.9 0L7 273c-9.4-9.4-9.4-24.6 0-33.9L201.4 44.7c9.4-9.4 24.6-9.4 33.9 0l22.2 22.2c9.5 9.5 9.3 25-.4 34.3L136.6 216H424c13.3 0 24 10.7 24 24v32c0 13.3-10.7 24-24 24H136.6l120.5 114.8c9.8 9.3 10 24.8.4 34.3z\"><\/path><\/svg>\t\t\t<\/a>\n\t\t<\/div>\n\t\t\t\t\t\t<\/div>\n\t\t\t\t<div class=\"elementor-element elementor-element-b7c0d9f elementor-widget elementor-widget-button\" data-id=\"b7c0d9f\" data-element_type=\"widget\" data-e-type=\"widget\" data-widget_type=\"button.default\">\n\t\t\t\t\t\t\t\t\t\t<a class=\"elementor-button elementor-button-link elementor-size-sm\" href=\"https:\/\/www.google.com\/maps\/dir\/37.3762106,-6.9635145\/la+flecha+del+rompido+playa\/@37.2931142,-7.182829,11z\/data=!3m1!4b1!4m9!4m8!1m1!4e1!1m5!1m1!1s0xd11d39f522b5081:0x9e1436a67a03d45b!2m2!1d-7.0900088!2d37.2084492\">\n\t\t\t\t\t\t<span class=\"elementor-button-content-wrapper\">\n\t\t\t\t\t\t\t\t\t<span class=\"elementor-button-text\">Wie kommt man?<\/span>\n\t\t\t\t\t<\/span>\n\t\t\t\t\t<\/a>\n\t\t\t\t\t\t\t\t<\/div>\n\t\t\t\t\t<\/div>\n\t\t\t\t<\/div>\n\t\t\t\t<\/div>\n\t\t\t\t\t<\/div>\n\t\t\t\t<\/div>\n\t\t\t\t<\/div>","protected":false},"excerpt":{"rendered":"<p>Paraje Natural Marismas del R\u00edo Piedras y Flecha del Rompido 5 El Paraje Natural se extiende en la desembocadura del R\u00edo Piedras, donde los aportes de materiales provenientes del mar y el r\u00edo, junto con la influencia de las mareas, ha dado origen a un paisaje \u00fanico. Este lugar est\u00e1 compuesto por un sistema de [&hellip;]<\/p>\n","protected":false},"author":1,"featured_media":0,"parent":0,"menu_order":0,"comment_status":"closed","ping_status":"closed","template":"elementor_header_footer","meta":{"slim_seo":{"title":"S\u00fcmpfe des Flusses Piedras und Naturgebiet Flecha del Rompido | Cartaya Tourismus","description":"Das Naturgebiet erstreckt sich entlang der M\u00fcndung des Flusses Piedras, wo durch den Eintrag von Materialien aus dem Meer und dem Fluss sowie durch den Einfluss der Gezeiten eine einzigartige Landschaft entstanden ist."},"footnotes":""},"class_list":["post-1129","page","type-page","status-publish","hentry"],"_links":{"self":[{"href":"https:\/\/turismocartaya.com\/de\/wp-json\/wp\/v2\/pages\/1129","targetHints":{"allow":["GET"]}}],"collection":[{"href":"https:\/\/turismocartaya.com\/de\/wp-json\/wp\/v2\/pages"}],"about":[{"href":"https:\/\/turismocartaya.com\/de\/wp-json\/wp\/v2\/types\/page"}],"author":[{"embeddable":true,"href":"https:\/\/turismocartaya.com\/de\/wp-json\/wp\/v2\/users\/1"}],"replies":[{"embeddable":true,"href":"https:\/\/turismocartaya.com\/de\/wp-json\/wp\/v2\/comments?post=1129"}],"version-history":[{"count":0,"href":"https:\/\/turismocartaya.com\/de\/wp-json\/wp\/v2\/pages\/1129\/revisions"}],"wp:attachment":[{"href":"https:\/\/turismocartaya.com\/de\/wp-json\/wp\/v2\/media?parent=1129"}],"curies":[{"name":"wp","href":"https:\/\/api.w.org\/{rel}","templated":true}]}}